{"id":10075,"date":"2025-09-17T12:46:40","date_gmt":"2025-09-17T10:46:40","guid":{"rendered":"https:\/\/boreait.com\/hu\/?post_type=product&#038;p=10075"},"modified":"2025-09-17T12:46:46","modified_gmt":"2025-09-17T10:46:46","slug":"msi-ms-16p7-lcd-156-fhd-ips-144hz-edp-40-tus-matt-ragasztoszalaggal-uj","status":"publish","type":"product","link":"https:\/\/boreait.com\/hu\/termek\/msi-ms-16p7-lcd-156-fhd-ips-144hz-edp-40-tus-matt-ragasztoszalaggal-uj\/","title":{"rendered":"MSI MS-16P7 LCD 15,6&#8243; FHD IPS 144Hz eDP 40 t\u0171s matt ragaszt\u00f3szalaggal \u00daj"},"content":{"rendered":"<p><strong>T\u00e9nyleges LCD-k\u00e9perny\u0151s modell: n156hra-ea1 REV C1 \/ N156HRA-GAA Rev.c1 \/ N156HMA-GA1 REV C2 \u2013 TELJESEN KOMPATIBILIS AZ MSI MS-16P7 LAPTOP K\u00c9PERNY\u0150J\u00c9VEL<\/strong><\/p>\n<p>Fokozza j\u00e1t\u00e9k- vagy munka\u00e9lm\u00e9ny\u00e9t az MSI MS-16P7 15,6 h\u00fcvelykes LCD-k\u00e9perny\u0151vel. A cs\u00facsteljes\u00edtm\u00e9nyre tervezett k\u00e9perny\u0151 Full HD (1920&#215;1080) felbont\u00e1ssal b\u00fcszk\u00e9lkedhet az \u00e9les \u00e9s \u00e9l\u00e9nk k\u00e9p \u00e9rdek\u00e9ben. A 144 Hz-es friss\u00edt\u00e9si gyakoris\u00e1g sim\u00e1bb mozg\u00e1st \u00e9s k\u00f6vetkezetes j\u00e1t\u00e9kpanelt biztos\u00edt. \u00e9s sz\u00e9les betekint\u00e9si sz\u00f6gek, m\u00edg a matt fel\u00fclet cs\u00f6kkenti a t\u00fckr\u00f6z\u0151d\u00e9st, k\u00e9nyelmes megtekint\u00e9si \u00e9lm\u00e9nyt biztos\u00edtva m\u00e9g vil\u00e1gos k\u00f6rnyezetben is.<\/p>\n<p>Ez a kijelz\u0151 40 t\u0171s eDP-csatlakoz\u00f3t haszn\u00e1l a biztons\u00e1gos csatlakoz\u00e1s \u00e9rdek\u00e9ben. K\u00e9toldalas \u00f6ntapad\u00f3 szalag is tartozik hozz\u00e1 a probl\u00e9mamentes telep\u00edt\u00e9s \u00e9rdek\u00e9ben. K\u00e9rj\u00fck, vegye figyelembe, hogy ez a k\u00e9perny\u0151 nem tartalmaz fels\u0151 vagy als\u00f3 z\u00e1r\u00f3jeleket. Teljesen \u00faj \u00e1llapotban van, k\u00e9szen \u00e1ll a r\u00e9gi k\u00e9perny\u0151 cser\u00e9j\u00e9re, \u00e9s kiv\u00e1l\u00f3 teljes\u00edtm\u00e9nyt ny\u00fajt.<\/p>\n","protected":false},"excerpt":{"rendered":"<p>B\u0151v\u00edtse laptopj\u00e1t az MSI MS-16P7 15,6&#8243;-es LCD-k\u00e9perny\u0151vel. Ez az FHD IPS-kijelz\u0151 sima 144 Hz-es friss\u00edt\u00e9si frekvenci\u00e1t \u00e9s matt fel\u00fcletet k\u00edn\u00e1l a t\u00fckr\u00f6z\u0151d\u00e9s cs\u00f6kkent\u00e9se \u00e9rdek\u00e9ben. 40 t\u0171s eDP-csatlakoz\u00f3val \u00e9s k\u00e9toldalas ragaszt\u00f3szalaggal rendelkezik az egyszer\u0171 telep\u00edt\u00e9s \u00e9rdek\u00e9ben. \u00c1llapot: \u00daj.<\/p>\n","protected":false},"featured_media":10067,"template":"","meta":[],"product_brand":[],"product_cat":[81,71],"product_tag":[58],"class_list":{"0":"post-10075","1":"product","2":"type-product","3":"status-publish","4":"has-post-thumbnail","6":"product_cat-15-6-new-laptop-screens-lcd-panels","7":"product_cat-new-laptop-screens-lcd-panels","8":"product_tag-msi","10":"first","11":"instock","12":"taxable","13":"shipping-taxable","14":"purchasable","15":"product-type-simple"},"_links":{"self":[{"href":"https:\/\/boreait.com\/hu\/wp-json\/wp\/v2\/product\/10075","targetHints":{"allow":["GET"]}}],"collection":[{"href":"https:\/\/boreait.com\/hu\/wp-json\/wp\/v2\/product"}],"about":[{"href":"https:\/\/boreait.com\/hu\/wp-json\/wp\/v2\/types\/product"}],"wp:featuredmedia":[{"embeddable":true,"href":"https:\/\/boreait.com\/hu\/wp-json\/wp\/v2\/media\/10067"}],"wp:attachment":[{"href":"https:\/\/boreait.com\/hu\/wp-json\/wp\/v2\/media?parent=10075"}],"wp:term":[{"taxonomy":"product_brand","embeddable":true,"href":"https:\/\/boreait.com\/hu\/wp-json\/wp\/v2\/product_brand?post=10075"},{"taxonomy":"product_cat","embeddable":true,"href":"https:\/\/boreait.com\/hu\/wp-json\/wp\/v2\/product_cat?post=10075"},{"taxonomy":"product_tag","embeddable":true,"href":"https:\/\/boreait.com\/hu\/wp-json\/wp\/v2\/product_tag?post=10075"}],"curies":[{"name":"wp","href":"https:\/\/api.w.org\/{rel}","templated":true}]}}