{"id":10074,"date":"2025-09-17T12:46:40","date_gmt":"2025-09-17T10:46:40","guid":{"rendered":"https:\/\/boreait.com\/hu\/?post_type=product&#038;p=10074"},"modified":"2025-09-17T12:46:46","modified_gmt":"2025-09-17T10:46:46","slug":"hp-victus-15-fa0001na-156-fhd-144hz-ips-lcd-kepernyo-ontapado-csikokkal-uj","status":"publish","type":"product","link":"https:\/\/boreait.com\/hu\/termek\/hp-victus-15-fa0001na-156-fhd-144hz-ips-lcd-kepernyo-ontapado-csikokkal-uj\/","title":{"rendered":"HP Victus 15-fa0001na 15,6&#8243; FHD 144Hz IPS LCD k\u00e9perny\u0151 \u00f6ntapad\u00f3 cs\u00edkokkal \u00daj"},"content":{"rendered":"<p><strong>T\u00e9nyleges LCD-k\u00e9perny\u0151s modell: n156hra-ea1 REV C1 \/ N156HRA-GAA Rev.c1 \/ N156HMA-GA1 REV C2 \u2013 TELJESEN KOMPATIBILIS A HP Victus 15-fa0001na LAPTOP K\u00c9PERNY\u0150J\u00c9VEL<\/strong><\/p>\n<p>Fokozza HP Victus 15-fa0001na j\u00e1t\u00e9k\u00e9lm\u00e9ny\u00e9t vagy termel\u00e9kenys\u00e9g\u00e9t ezzel a kiv\u00e1l\u00f3 min\u0151s\u00e9g\u0171 csere, 15,6 h\u00fcvelykes LCD-k\u00e9perny\u0151vel. A Full HD (1920&#215;1080) felbont\u00e1st, a gyors 144 Hz-es friss\u00edt\u00e9si gyakoris\u00e1got \u00e9s az IPS technol\u00f3gi\u00e1t k\u00edn\u00e1l\u00f3 k\u00e9perny\u0151 krist\u00e1lytiszta l\u00e1tv\u00e1nyt, sima mozg\u00e1st biztos\u00edt, amely mattabb, \u00e9s sz\u00e9les l\u00e1t\u00f3sz\u00f6get biztos\u00edt. k\u00fcl\u00f6nb\u00f6z\u0151 vil\u00e1g\u00edt\u00e1si k\u00f6rnyezetekben haszn\u00e1lhat\u00f3.<\/p>\n<p>A 40 \u00e9rintkez\u0151s eDP-csatlakoz\u00e1s stabil \u00e9s megb\u00edzhat\u00f3 kapcsolatot biztos\u00edt az eszk\u00f6zzel, a mell\u00e9kelt k\u00e9toldalas \u00f6ntapad\u00f3 szalag pedig az egyszer\u0171 telep\u00edt\u00e9s \u00e9rdek\u00e9ben. Ez a cserek\u00e9perny\u0151 fels\u0151 \u00e9s als\u00f3 konzolok n\u00e9lk\u00fcl kaphat\u00f3, \u00edgy t\u00f6k\u00e9letes megold\u00e1s azok sz\u00e1m\u00e1ra, akik tiszta \u00e9s hat\u00e9kony cser\u00e9t keresnek.<\/p>\n<p>Ez a k\u00e9perny\u0151 vadonat\u00faj, kiv\u00e1l\u00f3 teljes\u00edtm\u00e9nyt \u00e9s tart\u00f3ss\u00e1got biztos\u00edt. Ak\u00e1r egy s\u00e9r\u00fclt k\u00e9perny\u0151t cser\u00e9l, ak\u00e1r a jobb l\u00e1tv\u00e1ny \u00e9rdek\u00e9ben friss\u00edt, ez a k\u00e9perny\u0151 megb\u00edzhat\u00f3 \u00e9s kiv\u00e1l\u00f3 min\u0151s\u00e9g\u0171 opci\u00f3.<\/p>\n","protected":false},"excerpt":{"rendered":"<p>Friss\u00edtse HP Victus 15-fa0001na k\u00e9sz\u00fcl\u00e9k\u00e9t ezzel a 15,6 h\u00fcvelykes FHD 144 Hz-es IPS matt LCD-k\u00e9perny\u0151vel. A 40 t\u0171s eDP-csatlakoz\u00e1ssal sima k\u00e9pet \u00e9s \u00e9l\u00e9nk sz\u00edneket biztos\u00edt. K\u00e9toldalas \u00f6ntapad\u00f3 szalag mell\u00e9kelve az egyszer\u0171 telep\u00edt\u00e9s \u00e9rdek\u00e9ben. \u00c1llapot: \u00daj.<\/p>\n","protected":false},"featured_media":10067,"template":"","meta":[],"product_brand":[],"product_cat":[81,71],"product_tag":[],"class_list":{"0":"post-10074","1":"product","2":"type-product","3":"status-publish","4":"has-post-thumbnail","6":"product_cat-15-6-new-laptop-screens-lcd-panels","7":"product_cat-new-laptop-screens-lcd-panels","9":"first","10":"instock","11":"taxable","12":"shipping-taxable","13":"purchasable","14":"product-type-simple"},"_links":{"self":[{"href":"https:\/\/boreait.com\/hu\/wp-json\/wp\/v2\/product\/10074","targetHints":{"allow":["GET"]}}],"collection":[{"href":"https:\/\/boreait.com\/hu\/wp-json\/wp\/v2\/product"}],"about":[{"href":"https:\/\/boreait.com\/hu\/wp-json\/wp\/v2\/types\/product"}],"wp:featuredmedia":[{"embeddable":true,"href":"https:\/\/boreait.com\/hu\/wp-json\/wp\/v2\/media\/10067"}],"wp:attachment":[{"href":"https:\/\/boreait.com\/hu\/wp-json\/wp\/v2\/media?parent=10074"}],"wp:term":[{"taxonomy":"product_brand","embeddable":true,"href":"https:\/\/boreait.com\/hu\/wp-json\/wp\/v2\/product_brand?post=10074"},{"taxonomy":"product_cat","embeddable":true,"href":"https:\/\/boreait.com\/hu\/wp-json\/wp\/v2\/product_cat?post=10074"},{"taxonomy":"product_tag","embeddable":true,"href":"https:\/\/boreait.com\/hu\/wp-json\/wp\/v2\/product_tag?post=10074"}],"curies":[{"name":"wp","href":"https:\/\/api.w.org\/{rel}","templated":true}]}}