{"id":10073,"date":"2025-09-17T12:46:40","date_gmt":"2025-09-17T10:46:40","guid":{"rendered":"https:\/\/boreait.com\/hu\/?post_type=product&#038;p=10073"},"modified":"2025-09-17T12:46:45","modified_gmt":"2025-09-17T10:46:45","slug":"hp-victus-156-fhd-ips-lcd-144hz-matt-40-tus-ragasztoszalaggal-uj","status":"publish","type":"product","link":"https:\/\/boreait.com\/hu\/termek\/hp-victus-156-fhd-ips-lcd-144hz-matt-40-tus-ragasztoszalaggal-uj\/","title":{"rendered":"HP Victus 15,6&#8243; FHD IPS LCD 144Hz matt 40 t\u0171s ragaszt\u00f3szalaggal \u00daj"},"content":{"rendered":"<p><strong>T\u00e9nyleges LCD-k\u00e9perny\u0151s modell: n156hra-ea1 REV C1 \/ N156HRA-GAA Rev.c1 \/ N156HMA-GA1 REV C2 \u2013 TELJESEN KOMPATIBILIS A HP Victus 15-fa0003ca, 15-fa0003ca, 15-fa015n8m0,44008m0,44000000000<\/p>\n<p>Fokozza HP Victus laptopja kijelz\u0151j\u00e9t ezzel a kiv\u00e1l\u00f3 min\u0151s\u00e9g\u0171 csereLCD-k\u00e9perny\u0151vel, amely kompatibilis a 15-fa0003ca, 15-fa0008ca \u00e9s 15-fa0046nm modellekkel. A 15,6 h\u00fcvelykes Full HD (1920 x 1080) felbont\u00e1s\u00fa k\u00e9perny\u0151 \u00e9l\u00e9nk sz\u00edneket, \u00e9les l\u00e1tv\u00e1nyt \u00e9s egyenletes, 144 Hz-es friss\u00edt\u00e9si gyakoris\u00e1got biztos\u00edt, amely t\u00f6k\u00e9letes j\u00e1t\u00e9khoz vagy napi feladatokhoz. Az IPS technol\u00f3gia sz\u00e9les l\u00e1t\u00f3sz\u00f6get \u00e9s egyenletes sz\u00ednpontoss\u00e1got biztos\u00edt, m\u00edg a matt fel\u00fclet cs\u00f6kkenti a t\u00fckr\u00f6z\u0151d\u00e9st vil\u00e1gos k\u00f6rnyezetben.<\/p>\n<p>Ez az LCD-k\u00e9perny\u0151 40 t\u0171s eDP-kapcsolatot haszn\u00e1l a biztons\u00e1gos \u00e9s megb\u00edzhat\u00f3 teljes\u00edtm\u00e9ny \u00e9rdek\u00e9ben. A csomag k\u00e9toldalas \u00f6ntapad\u00f3 szalagot tartalmaz, amely egyszer\u0171v\u00e9 \u00e9s egyszer\u0171v\u00e9 teszi a telep\u00edt\u00e9st. K\u00e9rj\u00fck, vegye figyelembe, hogy a k\u00e9perny\u0151 fels\u0151 \u00e9s als\u00f3 konzolok n\u00e9lk\u00fcl k\u00e9sz\u00fcl, \u00edgy biztos\u00edtva a karcs\u00fa \u00e9s z\u00f6kken\u0151mentes illeszked\u00e9st laptopj\u00e1hoz.<\/p>\n<p>Ak\u00e1r s\u00e9r\u00fclt k\u00e9perny\u0151t cser\u00e9l, ak\u00e1r a jobb \u00e9lm\u00e9ny \u00e9rdek\u00e9ben friss\u00edt, ez az \u00faj \u00e1llapot\u00fa k\u00e9perny\u0151 kiv\u00e1l\u00f3 megold\u00e1st k\u00edn\u00e1l HP Victus k\u00e9sz\u00fcl\u00e9k\u00e9hez.<\/p>\n","protected":false},"excerpt":{"rendered":"<p>Friss\u00edtse HP Victus laptopj\u00e1t ezzel a 15,6 h\u00fcvelykes FHD IPS LCD-k\u00e9perny\u0151vel, amely 144 Hz-es friss\u00edt\u00e9si gyakoris\u00e1ggal \u00e9s matt fel\u00fclettel rendelkezik. 40 t\u0171s eDP-csatlakoz\u00f3val \u00e9s k\u00e9toldalas ragaszt\u00f3szalaggal az egyszer\u0171 telep\u00edt\u00e9s \u00e9rdek\u00e9ben. Kompatibilis a 15-fa0003ca, 15-fa0008ca.0d415n-fa.0d415n-fa.0d415n-fa.0.<\/p>\n","protected":false},"featured_media":10067,"template":"","meta":[],"product_brand":[],"product_cat":[81,71],"product_tag":[],"class_list":{"0":"post-10073","1":"product","2":"type-product","3":"status-publish","4":"has-post-thumbnail","6":"product_cat-15-6-new-laptop-screens-lcd-panels","7":"product_cat-new-laptop-screens-lcd-panels","9":"first","10":"instock","11":"taxable","12":"shipping-taxable","13":"purchasable","14":"product-type-simple"},"_links":{"self":[{"href":"https:\/\/boreait.com\/hu\/wp-json\/wp\/v2\/product\/10073","targetHints":{"allow":["GET"]}}],"collection":[{"href":"https:\/\/boreait.com\/hu\/wp-json\/wp\/v2\/product"}],"about":[{"href":"https:\/\/boreait.com\/hu\/wp-json\/wp\/v2\/types\/product"}],"wp:featuredmedia":[{"embeddable":true,"href":"https:\/\/boreait.com\/hu\/wp-json\/wp\/v2\/media\/10067"}],"wp:attachment":[{"href":"https:\/\/boreait.com\/hu\/wp-json\/wp\/v2\/media?parent=10073"}],"wp:term":[{"taxonomy":"product_brand","embeddable":true,"href":"https:\/\/boreait.com\/hu\/wp-json\/wp\/v2\/product_brand?post=10073"},{"taxonomy":"product_cat","embeddable":true,"href":"https:\/\/boreait.com\/hu\/wp-json\/wp\/v2\/product_cat?post=10073"},{"taxonomy":"product_tag","embeddable":true,"href":"https:\/\/boreait.com\/hu\/wp-json\/wp\/v2\/product_tag?post=10073"}],"curies":[{"name":"wp","href":"https:\/\/api.w.org\/{rel}","templated":true}]}}