{"id":10069,"date":"2025-09-17T12:46:39","date_gmt":"2025-09-17T10:46:39","guid":{"rendered":"https:\/\/boreait.com\/hu\/?post_type=product&#038;p=10069"},"modified":"2025-09-17T12:46:44","modified_gmt":"2025-09-17T10:46:44","slug":"hp-victus-lcd-kepernyo-156-fhd-144hz-matt-ips-15-fa0032dx-hez-uj","status":"publish","type":"product","link":"https:\/\/boreait.com\/hu\/termek\/hp-victus-lcd-kepernyo-156-fhd-144hz-matt-ips-15-fa0032dx-hez-uj\/","title":{"rendered":"HP Victus LCD k\u00e9perny\u0151 15,6&#8243; FHD 144Hz matt IPS 15-fa0032dx-hez \u00daj"},"content":{"rendered":"<p><strong>T\u00e9nyleges LCD-kijelz\u0151s modell: n156hra-ea1 REV C1 \/ N156HRA-GAA Rev.c1 \/ N156HMA-GA1 REV C2 \u2013 TELJESEN KOMPATIBILIS A HP Victus 15-fa0032dx, 15-fa0032dx, 15-fa0032dx, 15-fa0325d-fa0195dx laptop k\u00e9perny\u0151j\u00e9vel<\/p>\n<p>Fokozza HP Victus laptopja megjelen\u00edt\u00e9si teljes\u00edtm\u00e9ny\u00e9t ezzel a vadonat\u00faj, 15,6&#8243;-os LCD-k\u00e9perny\u0151vel, amelyet kifejezetten a 15-fa0032dx, 15-fa0025dx \u00e9s 15-fa0039dx modellekhez terveztek. Full HD felbont\u00e1st (1920&#215;1080) \u00e9s sima, 144 Hz-es k\u00e9pfriss\u00edt\u00e9si, crisp k\u00e9perny\u0151t k\u00edn\u00e1l. munka, vagy sz\u00f3rakoz\u00e1s.<\/p>\n<p>Az IPS panel pontos sz\u00edneket \u00e9s sz\u00e9les betekint\u00e9si sz\u00f6geket biztos\u00edt, m\u00edg a matt fel\u00fclet minim\u00e1lisra cs\u00f6kkenti a t\u00fckr\u00f6z\u0151d\u00e9st, \u00edgy ide\u00e1lis k\u00fcl\u00f6nf\u00e9le f\u00e9nyviszonyok k\u00f6z\u00f6tt. A 40 t\u0171s eDP-csatlakoz\u00f3 biztons\u00e1gos \u00e9s stabil kapcsolatot biztos\u00edt, \u00edgy kompatibilis HP Victus laptopj\u00e1val.<\/p>\n<p>Ez a k\u00e9perny\u0151 fels\u0151 \u00e9s als\u00f3 konzolok n\u00e9lk\u00fcl \u00e9rkezik, de k\u00e9toldalas \u00f6ntapad\u00f3 szalagot tartalmaz az egyszer\u0171 telep\u00edt\u00e9s \u00e9rdek\u00e9ben. Ak\u00e1r egy s\u00e9r\u00fclt k\u00e9perny\u0151t cser\u00e9l, ak\u00e1r a nagyobb teljes\u00edtm\u00e9ny \u00e9rdek\u00e9ben friss\u00edt, ez az LCD-k\u00e9perny\u0151 a t\u00f6k\u00e9letes v\u00e1laszt\u00e1s laptopja kijelz\u0151j\u00e9nek a legjobb \u00e1llapotba val\u00f3 vissza\u00e1ll\u00edt\u00e1s\u00e1hoz.<\/p>\n","protected":false},"excerpt":{"rendered":"<p>Friss\u00edtse HP Victus laptopj\u00e1t egy \u00faj, 15,6&#8243;-os LCD-k\u00e9perny\u0151vel, amely kompatibilis a 15-fa0032dx, 15-fa0025dx \u00e9s 15-fa0039dx modellekkel. FHD, 144 Hz-es, IPS kijelz\u0151 matt fel\u00fclettel \u00e9s 40 t\u0171s eDP csatlakoz\u00e1ssal. Kondicion\u00e1lt k\u00e9toldalas tapint\u00e1s: \u00daj.<\/p>\n","protected":false},"featured_media":10067,"template":"","meta":[],"product_brand":[],"product_cat":[81,71],"product_tag":[],"class_list":{"0":"post-10069","1":"product","2":"type-product","3":"status-publish","4":"has-post-thumbnail","6":"product_cat-15-6-new-laptop-screens-lcd-panels","7":"product_cat-new-laptop-screens-lcd-panels","9":"first","10":"instock","11":"taxable","12":"shipping-taxable","13":"purchasable","14":"product-type-simple"},"_links":{"self":[{"href":"https:\/\/boreait.com\/hu\/wp-json\/wp\/v2\/product\/10069","targetHints":{"allow":["GET"]}}],"collection":[{"href":"https:\/\/boreait.com\/hu\/wp-json\/wp\/v2\/product"}],"about":[{"href":"https:\/\/boreait.com\/hu\/wp-json\/wp\/v2\/types\/product"}],"wp:featuredmedia":[{"embeddable":true,"href":"https:\/\/boreait.com\/hu\/wp-json\/wp\/v2\/media\/10067"}],"wp:attachment":[{"href":"https:\/\/boreait.com\/hu\/wp-json\/wp\/v2\/media?parent=10069"}],"wp:term":[{"taxonomy":"product_brand","embeddable":true,"href":"https:\/\/boreait.com\/hu\/wp-json\/wp\/v2\/product_brand?post=10069"},{"taxonomy":"product_cat","embeddable":true,"href":"https:\/\/boreait.com\/hu\/wp-json\/wp\/v2\/product_cat?post=10069"},{"taxonomy":"product_tag","embeddable":true,"href":"https:\/\/boreait.com\/hu\/wp-json\/wp\/v2\/product_tag?post=10069"}],"curies":[{"name":"wp","href":"https:\/\/api.w.org\/{rel}","templated":true}]}}