{"id":10068,"date":"2025-09-17T12:46:39","date_gmt":"2025-09-17T10:46:39","guid":{"rendered":"https:\/\/boreait.com\/hu\/?post_type=product&#038;p=10068"},"modified":"2025-09-17T12:46:43","modified_gmt":"2025-09-17T10:46:43","slug":"hp-victus-15-fa-156-fhd-144hz-matt-ips-lcd-kepernyo-ragasztoszalaggal-uj","status":"publish","type":"product","link":"https:\/\/boreait.com\/hu\/termek\/hp-victus-15-fa-156-fhd-144hz-matt-ips-lcd-kepernyo-ragasztoszalaggal-uj\/","title":{"rendered":"HP Victus 15-fa 15,6&#8243; FHD 144Hz matt IPS LCD k\u00e9perny\u0151 ragaszt\u00f3szalaggal \u00daj"},"content":{"rendered":"<p><strong>T\u00e9nyleges LCD-k\u00e9perny\u0151s modell: n156hra-ea1 REV C1 \/ N156HRA-GAA Rev.c1 \/ N156HMA-GA1 REV C2 \u2013 TELJESEN KOMPATIBILIS A HP Victus 15-fa0031dx, 15-fa0031dx, 15-fa0031dx,01453dx,01453dx,0153dx 15-fa0032dx, 15-fa0053dx, 15-fa0048dx, 15-fa0029dx<\/strong><\/p>\n<p>Fokozza a HP Victus laptop \u00e9lm\u00e9ny\u00e9t a kiv\u00e1l\u00f3 min\u0151s\u00e9g\u0171 15,6 h\u00fcvelykes LCD-k\u00e9perny\u0151vel, amelyet bizonyos modellekhez terveztek, bele\u00e9rtve a 15-fa0031dx, 15-fa0053dx, 15-fa0014dx, 15-fa0032dx, 15-fa0053dx, 15-fa0053dx, 15-fa0053dx, 15-fa0053dx, 048dx-fa. Full HD (1920&#215;1080) k\u00e9perny\u0151 144 Hz-es friss\u00edt\u00e9si gyakoris\u00e1ggal krist\u00e1lytiszta, \u00e9les k\u00e9peket \u00e9s egyenletes mozg\u00e1st biztos\u00edt j\u00e1t\u00e9khoz, munk\u00e1hoz vagy sz\u00f3rakoz\u00e1shoz.<\/p>\n<p>A matt fel\u00fclet cs\u00f6kkenti a t\u00fckr\u00f6z\u0151d\u00e9st, k\u00e9nyelmes megtekint\u00e9st biztos\u00edtva k\u00fcl\u00f6nf\u00e9le f\u00e9nyviszonyok k\u00f6z\u00f6tt, m\u00edg az IPS technol\u00f3gia \u00e9l\u00e9nk sz\u00edneket \u00e9s sz\u00e9les betekint\u00e9si sz\u00f6geket biztos\u00edt. A 40 t\u0171s eDP csatlakoz\u00f3 megb\u00edzhat\u00f3 \u00e9s stabil kapcsolatot biztos\u00edt laptopj\u00e1val, \u00edgy ide\u00e1lis helyettes\u00edt\u0151je a s\u00e9r\u00fclt vagy t\u00f6r\u00f6tt k\u00e9perny\u0151knek.<\/p>\n<p>A k\u00e9perny\u0151h\u00f6z tartozik egy k\u00e9toldalas \u00f6ntapad\u00f3 szalag, amely leegyszer\u0171s\u00edti a telep\u00edt\u00e9si folyamatot. K\u00e9rj\u00fck, vegye figyelembe, hogy ehhez a k\u00e9perny\u0151h\u00f6z nem tartozik fels\u0151 \u00e9s als\u00f3 z\u00e1r\u00f3jel. \u00dajszer\u0171 \u00e1llapot\u00fa, friss \u00e9s hibamentes term\u00e9ket biztos\u00edt laptopodhoz.<\/p>\n","protected":false},"excerpt":{"rendered":"<p>Friss\u00edtse HP Victus laptopj\u00e1t egy \u00faj, 15,6&#8243;-os FHD 144 Hz-es IPS LCD-k\u00e9perny\u0151vel. Ez a matt fel\u00fclet\u0171 kijelz\u0151 \u00e9les k\u00e9pet \u00e9s z\u00f6kken\u0151mentes teljes\u00edtm\u00e9nyt k\u00edn\u00e1l a 40 t\u0171s eDP-csatlakoz\u00e1ssal. K\u00e9toldalas \u00f6ntapad\u00f3 szalag mell\u00e9kelve az egyszer\u0171 telep\u00edt\u00e9s \u00e9rdek\u00e9ben. \u00c1llapot: \u00daj.<\/p>\n","protected":false},"featured_media":10067,"template":"","meta":[],"product_brand":[],"product_cat":[81,71],"product_tag":[],"class_list":{"0":"post-10068","1":"product","2":"type-product","3":"status-publish","4":"has-post-thumbnail","6":"product_cat-15-6-new-laptop-screens-lcd-panels","7":"product_cat-new-laptop-screens-lcd-panels","9":"first","10":"instock","11":"taxable","12":"shipping-taxable","13":"purchasable","14":"product-type-simple"},"_links":{"self":[{"href":"https:\/\/boreait.com\/hu\/wp-json\/wp\/v2\/product\/10068","targetHints":{"allow":["GET"]}}],"collection":[{"href":"https:\/\/boreait.com\/hu\/wp-json\/wp\/v2\/product"}],"about":[{"href":"https:\/\/boreait.com\/hu\/wp-json\/wp\/v2\/types\/product"}],"wp:featuredmedia":[{"embeddable":true,"href":"https:\/\/boreait.com\/hu\/wp-json\/wp\/v2\/media\/10067"}],"wp:attachment":[{"href":"https:\/\/boreait.com\/hu\/wp-json\/wp\/v2\/media?parent=10068"}],"wp:term":[{"taxonomy":"product_brand","embeddable":true,"href":"https:\/\/boreait.com\/hu\/wp-json\/wp\/v2\/product_brand?post=10068"},{"taxonomy":"product_cat","embeddable":true,"href":"https:\/\/boreait.com\/hu\/wp-json\/wp\/v2\/product_cat?post=10068"},{"taxonomy":"product_tag","embeddable":true,"href":"https:\/\/boreait.com\/hu\/wp-json\/wp\/v2\/product_tag?post=10068"}],"curies":[{"name":"wp","href":"https:\/\/api.w.org\/{rel}","templated":true}]}}