{"id":10066,"date":"2025-09-17T12:46:29","date_gmt":"2025-09-17T10:46:29","guid":{"rendered":"https:\/\/boreait.com\/hu\/?post_type=product&#038;p=10066"},"modified":"2025-09-17T12:46:38","modified_gmt":"2025-09-17T10:46:38","slug":"asus-tuf-fx506l-lcd-kepernyo-156-fhd-144hz-ips-edp-matt-szalaggal-uj","status":"publish","type":"product","link":"https:\/\/boreait.com\/hu\/termek\/asus-tuf-fx506l-lcd-kepernyo-156-fhd-144hz-ips-edp-matt-szalaggal-uj\/","title":{"rendered":"ASUS TUF FX506L LCD k\u00e9perny\u0151 15,6&#8243; FHD 144Hz IPS eDP matt szalaggal \u00daj"},"content":{"rendered":"<p><strong>T\u00e9nyleges LCD-kijelz\u0151s modell: n156hra-ea1 REV C1 \/ N156HRA-GAA Rev.c1 \/ N156HMA-GA1 REV C2 \u2013 TELJESEN KOMPATIBILIS A LAPTOP K\u00c9PERNY\u0150VEL AZ ASUS TUF GAMING FX506L-hez<\/strong><\/p>\n<p>Fokozza az ASUS TUF GAMING FX506L j\u00e1t\u00e9k\u00e9lm\u00e9ny\u00e9t ezzel a vadonat\u00faj, 15,6 h\u00fcvelykes LCD-k\u00e9perny\u0151vel, amelyet kiemelked\u0151 teljes\u00edtm\u00e9nyre \u00e9s leny\u0171g\u00f6z\u0151 l\u00e1tv\u00e1nyra terveztek. Ez a Full HD (1920&#215;1080) kijelz\u0151 IPS technol\u00f3gi\u00e1val rendelkezik, amely \u00e9l\u00e9nk sz\u00edneket \u00e9s sz\u00e9les betekint\u00e9si sz\u00f6geket biztos\u00edt, \u00edgy t\u00f6k\u00e9letes a mag\u00e1val ragad\u00f3 j\u00e1t\u00e9khoz vagy a magas min\u0151s\u00e9g\u0171 m\u00e9diafogyaszt\u00e1shoz. mozg\u00e1s, el\u0151nyt biztos\u00edtva a gyors temp\u00f3j\u00fa j\u00e1t\u00e9kokban.<\/p>\n<p>A matt fel\u00fclettel rendelkez\u0151 k\u00e9perny\u0151 cs\u00f6kkenti a t\u00fckr\u00f6z\u0151d\u00e9st \u00e9s a t\u00fckr\u00f6z\u0151d\u00e9st, \u00edgy alkalmas k\u00fcl\u00f6nf\u00e9le megvil\u00e1g\u00edt\u00e1si k\u00f6rnyezetekhez. A 40 t\u0171s eDP csatlakoz\u00f3 stabil \u00e9s megb\u00edzhat\u00f3 kapcsolatot biztos\u00edt laptopj\u00e1val, a mell\u00e9kelt k\u00e9toldalas \u00f6ntapad\u00f3 szalag pedig leegyszer\u0171s\u00edti a telep\u00edt\u00e9si folyamatot.<\/p>\n<p>K\u00e9rj\u00fck, vegye figyelembe, hogy ez a cserek\u00e9perny\u0151 nem tartalmazza a fels\u0151 \u00e9s als\u00f3 z\u00e1r\u00f3jelet. \u00dajszer\u0171 \u00e1llapotban van, ami garant\u00e1lja az \u00fajrakezd\u00e9st gamer laptopodnak.<\/p>\n","protected":false},"excerpt":{"rendered":"<p>Friss\u00edtse ASUS TUF GAMING FX506L laptopj\u00e1t egy \u00faj 15,6&#8243;-es FHD IPS LCD-k\u00e9perny\u0151vel. 144 Hz-es friss\u00edt\u00e9si gyakoris\u00e1ggal, matt fel\u00fclettel \u00e9s 40 t\u0171s eDP-csatlakoz\u00e1ssal a sima l\u00e1tv\u00e1ny \u00e9rdek\u00e9ben. Tartalmazza a k\u00e9toldalas \u00f6ntapad\u00f3 szalagot az egyszer\u0171 telep\u00edt\u00e9s \u00e9rdek\u00e9ben. \u00c1llapot: \u00daj.<\/p>\n","protected":false},"featured_media":10067,"template":"","meta":[],"product_brand":[],"product_cat":[81,71],"product_tag":[30],"class_list":{"0":"post-10066","1":"product","2":"type-product","3":"status-publish","4":"has-post-thumbnail","6":"product_cat-15-6-new-laptop-screens-lcd-panels","7":"product_cat-new-laptop-screens-lcd-panels","8":"product_tag-asus","10":"first","11":"instock","12":"taxable","13":"shipping-taxable","14":"purchasable","15":"product-type-simple"},"_links":{"self":[{"href":"https:\/\/boreait.com\/hu\/wp-json\/wp\/v2\/product\/10066","targetHints":{"allow":["GET"]}}],"collection":[{"href":"https:\/\/boreait.com\/hu\/wp-json\/wp\/v2\/product"}],"about":[{"href":"https:\/\/boreait.com\/hu\/wp-json\/wp\/v2\/types\/product"}],"wp:featuredmedia":[{"embeddable":true,"href":"https:\/\/boreait.com\/hu\/wp-json\/wp\/v2\/media\/10067"}],"wp:attachment":[{"href":"https:\/\/boreait.com\/hu\/wp-json\/wp\/v2\/media?parent=10066"}],"wp:term":[{"taxonomy":"product_brand","embeddable":true,"href":"https:\/\/boreait.com\/hu\/wp-json\/wp\/v2\/product_brand?post=10066"},{"taxonomy":"product_cat","embeddable":true,"href":"https:\/\/boreait.com\/hu\/wp-json\/wp\/v2\/product_cat?post=10066"},{"taxonomy":"product_tag","embeddable":true,"href":"https:\/\/boreait.com\/hu\/wp-json\/wp\/v2\/product_tag?post=10066"}],"curies":[{"name":"wp","href":"https:\/\/api.w.org\/{rel}","templated":true}]}}