{"id":10064,"date":"2025-09-17T12:46:29","date_gmt":"2025-09-17T10:46:29","guid":{"rendered":"https:\/\/boreait.com\/hu\/?post_type=product&#038;p=10064"},"modified":"2026-02-17T14:23:30","modified_gmt":"2026-02-17T13:23:30","slug":"hp-victus-15-fa-lcd-156-fhd-ips-144-hz-matt-szalaggal-uj","status":"publish","type":"product","link":"https:\/\/boreait.com\/hu\/termek\/hp-victus-15-fa-lcd-156-fhd-ips-144-hz-matt-szalaggal-uj\/","title":{"rendered":"HP Victus 15-FA LCD 15,6&#8243; FHD IPS 144 Hz matt szalaggal \u00daj"},"content":{"rendered":"<p><strong>T\u00e9nyleges LCD-k\u00e9perny\u0151s modell: n156hra-ea1 REV C1 \/ N156HRA-GAA Rev.c1 \/ N156HMA-GA1 REV C2 \u2013 TELJESEN KOMPATIBILIS A HP VICTUS 15-FA SOROZAT LAPTOP K\u00c9PERNY\u0150J\u00c9VEL<\/strong><\/p>\n<p>Fokozza HP Victus 15-FA sorozat\u00fa laptopj\u00e1t ezzel a kiv\u00e1l\u00f3 min\u0151s\u00e9g\u0171, 15,6 h\u00fcvelykes LCD-k\u00e9perny\u0151vel, amely egyenletes teljes\u00edtm\u00e9nyt \u00e9s kiv\u00e1l\u00f3 vizu\u00e1lis tisztas\u00e1got biztos\u00edt. Full HD (1920&#215;1080) felbont\u00e1s\u00e1nak \u00e9s 144 Hz-es friss\u00edt\u00e9si gyakoris\u00e1g\u00e1nak k\u00f6sz\u00f6nhet\u0151en ez a kijelz\u0151 foly\u00e9kony \u00e9s \u00e9les k\u00e9peket biztos\u00edt, \u00edgy ide\u00e1lis j\u00e1t\u00e9k- \u00e9s multim\u00e9di\u00e1s feladatokhoz.<\/p>\n<p>Az IPS technol\u00f3gia sz\u00e9les betekint\u00e9si sz\u00f6geket \u00e9s egyenletes sz\u00ednpontoss\u00e1got biztos\u00edt, m\u00edg a matt fel\u00fclet cs\u00f6kkenti a t\u00fckr\u00f6z\u0151d\u00e9st, \u00e9s jobb l\u00e1that\u00f3s\u00e1got tesz lehet\u0151v\u00e9 k\u00fcl\u00f6nf\u00e9le f\u00e9nyviszonyok k\u00f6z\u00f6tt. A 40 t\u0171s eDP-csatlakoz\u00f3 biztons\u00e1gos csatlakoz\u00e1st biztos\u00edt k\u00e9sz\u00fcl\u00e9k\u00e9hez.<\/p>\n<p>A k\u00e9perny\u0151h\u00f6z k\u00e9toldalas \u00f6ntapad\u00f3 szalag tartozik az egyszer\u0171 telep\u00edt\u00e9s \u00e9rdek\u00e9ben, b\u00e1r nem tartalmazza a fels\u0151 \u00e9s als\u00f3 tart\u00f3t. Ez a vadonat\u00faj k\u00e9perny\u0151 t\u00f6k\u00e9letes a s\u00e9r\u00fclt vagy hib\u00e1s kijelz\u0151k cser\u00e9j\u00e9hez, \u00e9s ezzel a laptop optim\u00e1lis \u00e1llapot\u00e1nak helyre\u00e1ll\u00edt\u00e1s\u00e1ra.<\/p>\n<p>15-FA0000CA, 15-FA0000CI, 15-FA0000LA, 15-FA0000NA, 15-FA0000NE, 15-FA0000NI, 15-FA0000NIA, 15-FA0000NJ, 15-FA0000NJ, 10-FA0001N,0000 15-FA0000NM, 15-FA0000NQ, 15-FA0000NS, 15-FA0000NT, 15-FA0000NU, 15-FA0000NX 15-FA0000SA, 15-FA0000SF, 15-FA0000SF, 15-FA00005,0001 15-FA0000UA, 15-FA0000UR, 15-FA0001CI, 15-FA0001LA, 15-FA0001NA, 15-FA0001NE, 15-FA0001NI, 15-FA0001NK, 15-FA0001NK, 15-FAM0,0015 15-FA0001NS, 15-FA0001NT, 15-FA0001NW, 15-FA0001NX, 15-FA0001SF 15-FA0001SL, 15-FA0001TX, 15-FA0001UA, 15-FA0001UA, 15-FA0001NW, 15-FA00105 15-FA0002LA, 15-FA0002NA, 15-FA0002NE, 15-FA0002NG, 15-FA0002NK, 15-FA0002NM, 15-FA0002NQ, 15-FA0002NS 15-FA0002NS 15-FA0002NE, FA015- 15-FA0002SL, 15-FA0002UA, 15-FA0003CA, 15-FA0003CI, 15-FA0003NA, 15-FA0003NE, 15-FA0003NK, 15-FA0003NM, 15-FA0003NM, 15-FA00013N,3-FA0013 15-FA0003NT, 15-FA0003SF, 15-FA0003SL, 15-FA0003UA, 15-FA0004CI, 15-FA0004LA, 15-FA0004NA, 15-FA0004NE, 15-FA0004NE, 15-FA0004NE, 15-FA004040, FANK 15-FA0004NQ, 15-FA0004NS, 15-FA0004NT, \u200b\u200b15-FA0004NV, 15-FA0004NW, 15-FA0004NX, 15-FA0004SF, 15-FA0004SL, 15-FA0004SL, 15-FA00015-FA00015-FA000 15-A0005NA, 15-FA0005NE, 15-FA0005NI, 15-FA0005NJ, 15-FA0005NK, 15-FA0005NL, 15-FA0005NM, 15-FA0005NQ, 15-FA0005NQ, 15-00001 15-FA0005NX, 15-FA0005SF, 15-FA0005SL, 15-FA0005TG, 15-FA0005UA, 15-FA0006CI, 15-FA0006LA, 15-FA0006NA, 15-FA0006NA, 15-FA0001N, 16-FA001N 15-FA0092NE, 15-FA1000NX, 15-FA1000NX, 15-FA1017NP, 15-FA1063NT, 15-FA1064NT,<\/p>\n","protected":false},"excerpt":{"rendered":"<p>Friss\u00edtse HP Victus 15-FA sorozat\u00e1t egy 15,6&#8243;-os FHD 144 Hz-es matt LCD-k\u00e9perny\u0151vel. Ez az IPS-panel \u00e9les k\u00e9pet, sz\u00e9les betekint\u00e9si sz\u00f6get k\u00edn\u00e1l, \u00e9s k\u00e9toldalas \u00f6ntapad\u00f3 szalagot tartalmaz a k\u00f6nny\u0171 telep\u00edt\u00e9s \u00e9rdek\u00e9ben. \u00c1llapot: \u00daj.<\/p>\n","protected":false},"featured_media":10067,"template":"","meta":[],"product_brand":[],"product_cat":[81,71],"product_tag":[],"class_list":{"0":"post-10064","1":"product","2":"type-product","3":"status-publish","4":"has-post-thumbnail","6":"product_cat-15-6-new-laptop-screens-lcd-panels","7":"product_cat-new-laptop-screens-lcd-panels","9":"first","10":"instock","11":"taxable","12":"shipping-taxable","13":"purchasable","14":"product-type-simple"},"_links":{"self":[{"href":"https:\/\/boreait.com\/hu\/wp-json\/wp\/v2\/product\/10064","targetHints":{"allow":["GET"]}}],"collection":[{"href":"https:\/\/boreait.com\/hu\/wp-json\/wp\/v2\/product"}],"about":[{"href":"https:\/\/boreait.com\/hu\/wp-json\/wp\/v2\/types\/product"}],"wp:featuredmedia":[{"embeddable":true,"href":"https:\/\/boreait.com\/hu\/wp-json\/wp\/v2\/media\/10067"}],"wp:attachment":[{"href":"https:\/\/boreait.com\/hu\/wp-json\/wp\/v2\/media?parent=10064"}],"wp:term":[{"taxonomy":"product_brand","embeddable":true,"href":"https:\/\/boreait.com\/hu\/wp-json\/wp\/v2\/product_brand?post=10064"},{"taxonomy":"product_cat","embeddable":true,"href":"https:\/\/boreait.com\/hu\/wp-json\/wp\/v2\/product_cat?post=10064"},{"taxonomy":"product_tag","embeddable":true,"href":"https:\/\/boreait.com\/hu\/wp-json\/wp\/v2\/product_tag?post=10064"}],"curies":[{"name":"wp","href":"https:\/\/api.w.org\/{rel}","templated":true}]}}