{"id":10063,"date":"2025-09-17T12:46:29","date_gmt":"2025-09-17T10:46:29","guid":{"rendered":"https:\/\/boreait.com\/hu\/?post_type=product&#038;p=10063"},"modified":"2025-09-17T12:46:37","modified_gmt":"2025-09-17T10:46:37","slug":"dell-g15-15-5515-lcd-kepernyo-156-fhd-144hz-ips-edp-40-tus-matt-uj","status":"publish","type":"product","link":"https:\/\/boreait.com\/hu\/termek\/dell-g15-15-5515-lcd-kepernyo-156-fhd-144hz-ips-edp-40-tus-matt-uj\/","title":{"rendered":"Dell G15 15 5515 LCD k\u00e9perny\u0151 15,6&#8243; FHD 144Hz IPS eDP 40 t\u0171s matt \u00daj"},"content":{"rendered":"<p><strong>T\u00e9nyleges LCD-k\u00e9perny\u0151s modell: n156hra-ea1 REV C1 \/ N156HRA-GAA Rev.c1 \/ N156HMA-GA1 REV C2 \u2013 TELJESEN KOMPATIBILIS A Dell G15 15 5515 SOROZAT LAPTOP K\u00c9PERNY\u0150J\u00c9VEL<\/strong><\/p>\n<p>Fokozza Dell G15 15 5515-\u00f6s sorozat\u00fa laptopja kijelz\u0151j\u00e9t ezzel a kiv\u00e1l\u00f3 min\u0151s\u00e9g\u0171 15,6 h\u00fcvelykes LCD-k\u00e9perny\u0151vel, amely t\u00f6k\u00e9letes az \u00e9les, \u00e9l\u00e9nk k\u00e9p megjelen\u00edt\u00e9s\u00e9hez. A Full HD (1920&#215;1080) felbont\u00e1s \u00e9s a gyors, 144 Hz-es friss\u00edt\u00e9si frekvencia r\u00e9v\u00e9n ez a k\u00e9perny\u0151 egyenletes \u00e9s mag\u00e1val ragad\u00f3 megtekint\u00e9st k\u00edn\u00e1l, \u00e9s sz\u00e9les l\u00e1t\u00f3sz\u00f6g\u0171 vide\u00f3kat n\u00e9z, ak\u00e1r j\u00e1t\u00e9kot, ak\u00e1r j\u00e1t\u00e9kot n\u00e9z. egyenletes sz\u00ednpontoss\u00e1g, m\u00edg a matt fel\u00fclet cs\u00f6kkenti a t\u00fckr\u00f6z\u0151d\u00e9st, tiszt\u00e1bb k\u00e9pet biztos\u00edtva m\u00e9g vil\u00e1gos k\u00f6rnyezetben is.<\/p>\n<p>A 40 t\u0171s eDP csatlakoz\u00f3 biztons\u00e1gos \u00e9s stabil kapcsolatot biztos\u00edt a z\u00f6kken\u0151mentes m\u0171k\u00f6d\u00e9s \u00e9rdek\u00e9ben. A beszerel\u00e9si folyamat leegyszer\u0171s\u00edt\u00e9se \u00e9rdek\u00e9ben k\u00e9toldalas \u00f6ntapad\u00f3 szalagot mell\u00e9kel\u00fcnk. Ezt a k\u00e9perny\u0151t \u00fagy tervezt\u00e9k, hogy k\u00f6zvetlen\u00fcl helyettes\u00edtse a Dell G15 15 5515 sorozatot, megk\u00f6nny\u00edtve a r\u00e9gi vagy s\u00e9r\u00fclt k\u00e9perny\u0151 cser\u00e9j\u00e9t.<\/p>\n<p>K\u00e9rj\u00fck, vegye figyelembe, hogy ez a k\u00e9perny\u0151 fels\u0151 \u00e9s als\u00f3 z\u00e1r\u00f3jelek n\u00e9lk\u00fcl \u00e9rkezik. Teljesen \u00fajszer\u0171 \u00e1llapotban, megb\u00edzhat\u00f3 min\u0151s\u00e9get \u00e9s teljes\u00edtm\u00e9nyt biztos\u00edt.<\/p>\n","protected":false},"excerpt":{"rendered":"<p>Friss\u00edtse Dell G15 15 5515 sorozat\u00fa laptopj\u00e1t ezzel a 15,6&#8243;-es FHD IPS LCD-k\u00e9perny\u0151vel. 144 Hz-es friss\u00edt\u00e9si gyakoris\u00e1ggal, matt fel\u00fclettel \u00e9s eDP 40 t\u0171s csatlakoz\u00f3val \u00e9l\u00e9nk l\u00e1tv\u00e1nyt ny\u00fajt. A k\u00e9toldalas \u00f6ntapad\u00f3 szalagot mell\u00e9kelj\u00fck az egyszer\u0171 telep\u00edt\u00e9s \u00e9rdek\u00e9ben. \u00c1llapot: \u00daj.<\/p>\n","protected":false},"featured_media":10067,"template":"","meta":[],"product_brand":[],"product_cat":[81,71],"product_tag":[],"class_list":{"0":"post-10063","1":"product","2":"type-product","3":"status-publish","4":"has-post-thumbnail","6":"product_cat-15-6-new-laptop-screens-lcd-panels","7":"product_cat-new-laptop-screens-lcd-panels","9":"first","10":"instock","11":"taxable","12":"shipping-taxable","13":"purchasable","14":"product-type-simple"},"_links":{"self":[{"href":"https:\/\/boreait.com\/hu\/wp-json\/wp\/v2\/product\/10063","targetHints":{"allow":["GET"]}}],"collection":[{"href":"https:\/\/boreait.com\/hu\/wp-json\/wp\/v2\/product"}],"about":[{"href":"https:\/\/boreait.com\/hu\/wp-json\/wp\/v2\/types\/product"}],"wp:featuredmedia":[{"embeddable":true,"href":"https:\/\/boreait.com\/hu\/wp-json\/wp\/v2\/media\/10067"}],"wp:attachment":[{"href":"https:\/\/boreait.com\/hu\/wp-json\/wp\/v2\/media?parent=10063"}],"wp:term":[{"taxonomy":"product_brand","embeddable":true,"href":"https:\/\/boreait.com\/hu\/wp-json\/wp\/v2\/product_brand?post=10063"},{"taxonomy":"product_cat","embeddable":true,"href":"https:\/\/boreait.com\/hu\/wp-json\/wp\/v2\/product_cat?post=10063"},{"taxonomy":"product_tag","embeddable":true,"href":"https:\/\/boreait.com\/hu\/wp-json\/wp\/v2\/product_tag?post=10063"}],"curies":[{"name":"wp","href":"https:\/\/api.w.org\/{rel}","templated":true}]}}