{"id":10062,"date":"2025-09-17T12:46:29","date_gmt":"2025-09-17T10:46:29","guid":{"rendered":"https:\/\/boreait.com\/hu\/?post_type=product&#038;p=10062"},"modified":"2025-09-17T12:46:36","modified_gmt":"2025-09-17T10:46:36","slug":"dell-g8wwp-156-fhd-ips-lcd-144hz-40-tus-matt-kepernyo-ragasztoszalaggal-uj","status":"publish","type":"product","link":"https:\/\/boreait.com\/hu\/termek\/dell-g8wwp-156-fhd-ips-lcd-144hz-40-tus-matt-kepernyo-ragasztoszalaggal-uj\/","title":{"rendered":"Dell G8WWP 15,6&#8243; FHD IPS LCD 144Hz, 40 t\u0171s matt k\u00e9perny\u0151 ragaszt\u00f3szalaggal \u00daj"},"content":{"rendered":"<p><strong>T\u00e9nyleges LCD-k\u00e9perny\u0151s modell: n156hra-ea1 REV C1 \/ N156HRA-GAA Rev.c1 \/ N156HMA-GA1 REV C2 \u2013 TELJESEN KOMPATIBILIS A Dell G8WWP \/ 0G8WWP LAPTOP K\u00c9PERNY\u0150J\u00c9VEL<\/strong><\/p>\n<p>Fokozza laptopja teljes\u00edtm\u00e9ny\u00e9t a Dell G8WWP 15,6&#8243;-es FHD IPS LCD-k\u00e9perny\u0151vel. A sima \u00e9s tiszta k\u00e9p \u00e9rdek\u00e9ben ez a k\u00e9perny\u0151 Full HD (1920&#215;1080) felbont\u00e1ssal \u00e9s 144 Hz-es friss\u00edt\u00e9si gyakoris\u00e1ggal p\u00e1rosul, amely z\u00f6kken\u0151mentes mozg\u00e1st \u00e9s \u00e9les k\u00e9peket biztos\u00edt \u2013 ide\u00e1lis j\u00e1t\u00e9khoz, streamel\u00e9shez \u00e9s termel\u00e9kenys\u00e9ghez.<\/p>\n<p>Az IPS technol\u00f3gia \u00e9l\u00e9nk sz\u00edneket \u00e9s sz\u00e9les betekint\u00e9si sz\u00f6geket biztos\u00edt, m\u00edg a matt fel\u00fclet minim\u00e1lisra cs\u00f6kkenti a t\u00fckr\u00f6z\u0151d\u00e9st a k\u00e9nyelmes megtekint\u00e9s \u00e9rdek\u00e9ben k\u00fcl\u00f6nb\u00f6z\u0151 megvil\u00e1g\u00edt\u00e1si k\u00f6rnyezetekben. Ez a k\u00e9perny\u0151 40 t\u0171s eDP-csatlakoz\u00f3t haszn\u00e1l a stabil adat\u00e1tvitelhez, ami megb\u00edzhat\u00f3 teljes\u00edtm\u00e9nyt biztos\u00edt.<\/p>\n<p>A beszerel\u00e9st egyszer\u0171v\u00e9 teszi a mell\u00e9kelt k\u00e9toldalas \u00f6ntapad\u00f3 szalag. K\u00e9rj\u00fck, vegye figyelembe, hogy a k\u00e9perny\u0151 fels\u0151 \u00e9s als\u00f3 z\u00e1r\u00f3jel n\u00e9lk\u00fcl \u00e9rkezik. A k\u00e9perny\u0151 \u00e1llapota vadonat\u00faj, az els\u0151 napt\u00f3l kezdve optim\u00e1lis teljes\u00edtm\u00e9nyt biztos\u00edt.<\/p>\n","protected":false},"excerpt":{"rendered":"<p>Friss\u00edtse laptopja kijelz\u0151j\u00e9t a Dell G8WWP 15,6&#8243;-es FHD IPS LCD-k\u00e9perny\u0151vel. 144 Hz-es friss\u00edt\u00e9si gyakoris\u00e1ggal, matt fel\u00fclettel \u00e9s 40 t\u0171s eDP-csatlakoz\u00e1ssal sima k\u00e9pet \u00e9s \u00e9l\u00e9nk sz\u00edneket biztos\u00edt. K\u00e9toldalas \u00f6ntapad\u00f3 szalagot tartalmaz az egyszer\u0171 telep\u00edt\u00e9s \u00e9rdek\u00e9ben. \u00c1llapot: \u00daj.<\/p>\n","protected":false},"featured_media":10067,"template":"","meta":[],"product_brand":[],"product_cat":[81,71],"product_tag":[],"class_list":{"0":"post-10062","1":"product","2":"type-product","3":"status-publish","4":"has-post-thumbnail","6":"product_cat-15-6-new-laptop-screens-lcd-panels","7":"product_cat-new-laptop-screens-lcd-panels","9":"first","10":"instock","11":"taxable","12":"shipping-taxable","13":"purchasable","14":"product-type-simple"},"_links":{"self":[{"href":"https:\/\/boreait.com\/hu\/wp-json\/wp\/v2\/product\/10062","targetHints":{"allow":["GET"]}}],"collection":[{"href":"https:\/\/boreait.com\/hu\/wp-json\/wp\/v2\/product"}],"about":[{"href":"https:\/\/boreait.com\/hu\/wp-json\/wp\/v2\/types\/product"}],"wp:featuredmedia":[{"embeddable":true,"href":"https:\/\/boreait.com\/hu\/wp-json\/wp\/v2\/media\/10067"}],"wp:attachment":[{"href":"https:\/\/boreait.com\/hu\/wp-json\/wp\/v2\/media?parent=10062"}],"wp:term":[{"taxonomy":"product_brand","embeddable":true,"href":"https:\/\/boreait.com\/hu\/wp-json\/wp\/v2\/product_brand?post=10062"},{"taxonomy":"product_cat","embeddable":true,"href":"https:\/\/boreait.com\/hu\/wp-json\/wp\/v2\/product_cat?post=10062"},{"taxonomy":"product_tag","embeddable":true,"href":"https:\/\/boreait.com\/hu\/wp-json\/wp\/v2\/product_tag?post=10062"}],"curies":[{"name":"wp","href":"https:\/\/api.w.org\/{rel}","templated":true}]}}