{"id":10060,"date":"2025-09-17T12:46:28","date_gmt":"2025-09-17T10:46:28","guid":{"rendered":"https:\/\/boreait.com\/hu\/?post_type=product&#038;p=10060"},"modified":"2025-09-17T12:46:36","modified_gmt":"2025-09-17T10:46:36","slug":"lcd-kepernyo-gigabyte-g5-kf5-15-6-fhd-144hz-ips-edp-40pin-matt-uj","status":"publish","type":"product","link":"https:\/\/boreait.com\/hu\/termek\/lcd-kepernyo-gigabyte-g5-kf5-15-6-fhd-144hz-ips-edp-40pin-matt-uj\/","title":{"rendered":"LCD k\u00e9perny\u0151 GIGABYTE G5 KF5 15.6&#8243; FHD 144Hz IPS eDP 40pin matt \u00faj"},"content":{"rendered":"<p><strong>T\u00e9nyleges LCD-k\u00e9perny\u0151s modell: n156hra-ea1 REV C1 \/ N156HRA-GAA Rev.c1 \/ N156HMA-GA1 REV C2 \u2013 TELJESEN KOMPATIBILIS A GIGABYTE G5 KF5 LAPTOP K\u00c9PERNY\u0150J\u00c9VEL<\/strong><\/p>\n<p>Fokozza a GIGABYTE G5 KF5 j\u00e1t\u00e9k\u00e9lm\u00e9ny\u00e9t egy \u00faj, 15,6 h\u00fcvelykes Full HD LCD-k\u00e9perny\u0151vel. Ez a kiv\u00e1l\u00f3 min\u0151s\u00e9g\u0171 IPS-panel leny\u0171g\u00f6z\u0151 vizu\u00e1lis tisztas\u00e1got \u00e9s 144 Hz-es friss\u00edt\u00e9si gyakoris\u00e1got biztos\u00edt a sima, g\u00f6rd\u00fcl\u00e9keny j\u00e1t\u00e9kmenet \u00e9rdek\u00e9ben. A matt fel\u00fclet minim\u00e1lisra cs\u00f6kkenti a t\u00fckr\u00f6z\u0151d\u00e9st, \u00edgy m\u00e9g vil\u00e1gos k\u00f6rnyezetben is k\u00e9nyelmes megtekint\u00e9st biztos\u00edt.<\/p>\n<p>EDP 40 t\u0171s csatlakoz\u00f3val felszerelt k\u00e9perny\u0151 z\u00f6kken\u0151mentes \u00e9s megb\u00edzhat\u00f3 kapcsolatot biztos\u00edt az eszk\u00f6zzel. A csomagban k\u00e9toldalas \u00f6ntapad\u00f3 szalag tal\u00e1lhat\u00f3, \u00edgy a telep\u00edt\u00e9si folyamat egyszer\u0171 \u00e9s probl\u00e9mamentes. K\u00e9rj\u00fck, vegye figyelembe, hogy ez a k\u00e9perny\u0151 fels\u0151 \u00e9s als\u00f3 konzolok n\u00e9lk\u00fcl kaphat\u00f3, ez\u00e9rt v\u00e1s\u00e1rl\u00e1s el\u0151tt gy\u0151z\u0151dj\u00f6n meg a kompatibilit\u00e1sr\u00f3l.<\/p>\n<p>Ak\u00e1r s\u00e9r\u00fclt k\u00e9perny\u0151t cser\u00e9l, ak\u00e1r a nagyobb teljes\u00edtm\u00e9ny \u00e9rdek\u00e9ben friss\u00edt, ez az \u00faj GIGABYTE G5 KF5 LCD-k\u00e9perny\u0151 ide\u00e1lis v\u00e1laszt\u00e1s j\u00e1t\u00e9kosok \u00e9s profik sz\u00e1m\u00e1ra egyar\u00e1nt. \u00c1llapot: \u00daj.<\/p>\n","protected":false},"excerpt":{"rendered":"<p>B\u0151v\u00edtse GIGABYTE G5 KF5-j\u00e9t egy 15,6&#8243;-os FHD 144 Hz-es IPS LCD k\u00e9perny\u0151vel. A matt fel\u00fclet cs\u00f6kkenti a t\u00fckr\u00f6z\u0151d\u00e9st, \u00e9les k\u00e9pet biztos\u00edtva. eDP 40 t\u0171s csatlakoz\u00f3 biztos\u00edtja a kompatibilit\u00e1st. K\u00e9toldalas ragaszt\u00f3szalag mell\u00e9kelve az egyszer\u0171 telep\u00edt\u00e9s \u00e9rdek\u00e9ben. \u00c1llapot: \u00daj.<\/p>\n","protected":false},"featured_media":10067,"template":"","meta":[],"product_brand":[],"product_cat":[81,71],"product_tag":[],"class_list":{"0":"post-10060","1":"product","2":"type-product","3":"status-publish","4":"has-post-thumbnail","6":"product_cat-15-6-new-laptop-screens-lcd-panels","7":"product_cat-new-laptop-screens-lcd-panels","9":"first","10":"instock","11":"taxable","12":"shipping-taxable","13":"purchasable","14":"product-type-simple"},"_links":{"self":[{"href":"https:\/\/boreait.com\/hu\/wp-json\/wp\/v2\/product\/10060","targetHints":{"allow":["GET"]}}],"collection":[{"href":"https:\/\/boreait.com\/hu\/wp-json\/wp\/v2\/product"}],"about":[{"href":"https:\/\/boreait.com\/hu\/wp-json\/wp\/v2\/types\/product"}],"wp:featuredmedia":[{"embeddable":true,"href":"https:\/\/boreait.com\/hu\/wp-json\/wp\/v2\/media\/10067"}],"wp:attachment":[{"href":"https:\/\/boreait.com\/hu\/wp-json\/wp\/v2\/media?parent=10060"}],"wp:term":[{"taxonomy":"product_brand","embeddable":true,"href":"https:\/\/boreait.com\/hu\/wp-json\/wp\/v2\/product_brand?post=10060"},{"taxonomy":"product_cat","embeddable":true,"href":"https:\/\/boreait.com\/hu\/wp-json\/wp\/v2\/product_cat?post=10060"},{"taxonomy":"product_tag","embeddable":true,"href":"https:\/\/boreait.com\/hu\/wp-json\/wp\/v2\/product_tag?post=10060"}],"curies":[{"name":"wp","href":"https:\/\/api.w.org\/{rel}","templated":true}]}}