{"id":10059,"date":"2025-09-17T12:46:28","date_gmt":"2025-09-17T10:46:28","guid":{"rendered":"https:\/\/boreait.com\/hu\/?post_type=product&#038;p=10059"},"modified":"2025-09-17T12:46:36","modified_gmt":"2025-09-17T10:46:36","slug":"gigabyte-aorus-15-x9-156-fhd-ips-144-hz-matt-lcd-kepernyo-szalaggal-uj","status":"publish","type":"product","link":"https:\/\/boreait.com\/hu\/termek\/gigabyte-aorus-15-x9-156-fhd-ips-144-hz-matt-lcd-kepernyo-szalaggal-uj\/","title":{"rendered":"GIGABYTE AORUS 15 X9 15,6&#8243; FHD IPS 144 Hz matt LCD k\u00e9perny\u0151 szalaggal \u00daj"},"content":{"rendered":"<p><strong>T\u00e9nyleges LCD-k\u00e9perny\u0151s modell: n156hra-ea1 REV C1 \/ N156HRA-GAA Rev.c1 \/ N156HMA-GA1 REV C2 \u2013 TELJESEN KOMPATIBILIS A GIGABYTE AORUS 15 X9 LAPTOP K\u00c9PERNY\u0150J\u00c9VEL<\/strong><\/p>\n<p>N\u00f6velje j\u00e1t\u00e9k- \u00e9s vizu\u00e1lis \u00e9lm\u00e9ny\u00e9t ezzel a pr\u00e9mium LCD-k\u00e9perny\u0151vel, amelyet kifejezetten a GIGABYTE AORUS 15 X9-hez terveztek. Ez a 15,6 h\u00fcvelykes Full HD k\u00e9perny\u0151 \u00e9les, 1920 x 1080 pixeles felbont\u00e1st k\u00edn\u00e1l, tiszta \u00e9s \u00e9l\u00e9nk l\u00e1tv\u00e1nyt biztos\u00edtva a j\u00e1t\u00e9khoz \u00e9s a termel\u00e9kenys\u00e9ghez egyar\u00e1nt. A magas, 144 Hz-es friss\u00edt\u00e9si gyakoris\u00e1gnak k\u00f6sz\u00f6nhet\u0151en sim\u00e1bb j\u00e1t\u00e9kmenetet \u00e9s cs\u00f6kkentett elmos\u00f3d\u00e1st \u00e9lvezhet, \u00edgy ide\u00e1lis a gyors temp\u00f3j\u00fa akci\u00f3j\u00e1t\u00e9kokhoz.<\/p>\n<p>A k\u00e9perny\u0151 IPS technol\u00f3gi\u00e1val rendelkezik, amely egyenletes sz\u00edneket \u00e9s sz\u00e9les l\u00e1t\u00f3sz\u00f6get biztos\u00edt. A matt fel\u00fclet cs\u00f6kkenti a t\u00fckr\u00f6z\u0151d\u00e9st \u00e9s a t\u00fckr\u00f6z\u0151d\u00e9st, jav\u00edtva a vizu\u00e1lis \u00e9lm\u00e9nyt k\u00fcl\u00f6nf\u00e9le f\u00e9nyviszonyok k\u00f6z\u00f6tt.<\/p>\n<p>Ez az LCD-k\u00e9perny\u0151 40 t\u0171s eDP-csatlakoz\u00f3val van felszerelve, amely biztons\u00e1gos \u00e9s stabil kapcsolatot biztos\u00edt laptopj\u00e1val. A csomag k\u00e9toldalas \u00f6ntapad\u00f3 szalagot tartalmaz az egyszer\u0171 telep\u00edt\u00e9s \u00e9rdek\u00e9ben, ak\u00e1r a fels\u0151 \u00e9s als\u00f3 konzolok n\u00e9lk\u00fcl is.<\/p>\n<p>\u00c1llapot: vadonat\u00faj, \u00edgy egy hib\u00e1tlan, beszerel\u00e9sre k\u00e9sz term\u00e9ket kap.<\/p>\n","protected":false},"excerpt":{"rendered":"<p>Friss\u00edtse GIGABYTE AORUS 15 X9 k\u00e9sz\u00fcl\u00e9k\u00e9t ezzel a 15,6&#8243;-es FHD IPS LCD-k\u00e9perny\u0151vel. 144 Hz-es friss\u00edt\u00e9si gyakoris\u00e1ggal, 40 t\u0171s eDP-csatlakoz\u00e1ssal \u00e9s matt fel\u00fclettel a csillap\u00edt\u00e1s cs\u00f6kkent\u00e9se \u00e9rdek\u00e9ben. K\u00e9toldalas \u00f6ntapad\u00f3 szalag mell\u00e9kelve az egyszer\u0171 telep\u00edt\u00e9s \u00e9rdek\u00e9ben. \u00c1llapot: \u00daj.<\/p>\n","protected":false},"featured_media":10067,"template":"","meta":[],"product_brand":[],"product_cat":[81,71],"product_tag":[],"class_list":{"0":"post-10059","1":"product","2":"type-product","3":"status-publish","4":"has-post-thumbnail","6":"product_cat-15-6-new-laptop-screens-lcd-panels","7":"product_cat-new-laptop-screens-lcd-panels","9":"first","10":"instock","11":"taxable","12":"shipping-taxable","13":"purchasable","14":"product-type-simple"},"_links":{"self":[{"href":"https:\/\/boreait.com\/hu\/wp-json\/wp\/v2\/product\/10059","targetHints":{"allow":["GET"]}}],"collection":[{"href":"https:\/\/boreait.com\/hu\/wp-json\/wp\/v2\/product"}],"about":[{"href":"https:\/\/boreait.com\/hu\/wp-json\/wp\/v2\/types\/product"}],"wp:featuredmedia":[{"embeddable":true,"href":"https:\/\/boreait.com\/hu\/wp-json\/wp\/v2\/media\/10067"}],"wp:attachment":[{"href":"https:\/\/boreait.com\/hu\/wp-json\/wp\/v2\/media?parent=10059"}],"wp:term":[{"taxonomy":"product_brand","embeddable":true,"href":"https:\/\/boreait.com\/hu\/wp-json\/wp\/v2\/product_brand?post=10059"},{"taxonomy":"product_cat","embeddable":true,"href":"https:\/\/boreait.com\/hu\/wp-json\/wp\/v2\/product_cat?post=10059"},{"taxonomy":"product_tag","embeddable":true,"href":"https:\/\/boreait.com\/hu\/wp-json\/wp\/v2\/product_tag?post=10059"}],"curies":[{"name":"wp","href":"https:\/\/api.w.org\/{rel}","templated":true}]}}