{"id":10058,"date":"2025-09-17T12:46:28","date_gmt":"2025-09-17T10:46:28","guid":{"rendered":"https:\/\/boreait.com\/hu\/?post_type=product&#038;p=10058"},"modified":"2025-09-17T12:46:35","modified_gmt":"2025-09-17T10:46:35","slug":"msi-gs66-stealth-10se-lcd-kepernyo-156-fhd-144hz-ips-matt-ragasztoval-uj","status":"publish","type":"product","link":"https:\/\/boreait.com\/hu\/termek\/msi-gs66-stealth-10se-lcd-kepernyo-156-fhd-144hz-ips-matt-ragasztoval-uj\/","title":{"rendered":"MSI GS66 Stealth 10SE LCD k\u00e9perny\u0151 15,6&#8243; FHD 144Hz IPS matt ragaszt\u00f3val \u00daj"},"content":{"rendered":"<p><strong>T\u00e9nyleges LCD-k\u00e9perny\u0151s modell: n156hra-ea1 REV C1 \/ N156HRA-GAA Rev.c1 \/ N156HMA-GA1 REV C2 \u2013 TELJESEN KOMPATIBILIS AZ MSI GS66 STEALTH 10SE LAPTOP K\u00c9PERNY\u0150J\u00c9VEL<\/strong><\/p>\n<p>Fokozza j\u00e1t\u00e9k\u00e9lm\u00e9ny\u00e9t vagy termel\u00e9kenys\u00e9g\u00e9t ezzel a nagy teljes\u00edtm\u00e9ny\u0171 LCD-k\u00e9perny\u0151vel, amelyet kifejezetten az MSI GS66 Stealth 10SE-hez terveztek. Ez a 15,6 h\u00fcvelykes Full HD kijelz\u0151 144 Hz-es friss\u00edt\u00e9si gyakoris\u00e1ggal rendelkezik a hihetetlen\u00fcl sima mozg\u00e1s \u00e9rdek\u00e9ben, \u00edgy t\u00f6k\u00e9letes j\u00e1t\u00e9khoz \u00e9s gyors temp\u00f3j\u00fa feladatokhoz. Az IPS technol\u00f3gia \u00e9l\u00e9nk sz\u00edneket \u00e9s sz\u00e9les betekint\u00e9si sz\u00f6geket biztos\u00edt, m\u00edg a matt fel\u00fclet cs\u00f6kkenti a t\u00fckr\u00f6z\u0151d\u00e9st a k\u00e9nyelmes megtekint\u00e9si \u00e9lm\u00e9ny \u00e9rdek\u00e9ben k\u00fcl\u00f6nf\u00e9le f\u00e9nyviszonyok k\u00f6z\u00f6tt.<\/p>\n<p>A 40 t\u0171s eDP-csatlakoz\u00f3val a k\u00e9perny\u0151 megb\u00edzhat\u00f3 \u00e9s biztons\u00e1gos kapcsolatot biztos\u00edt. A beszerel\u00e9st egyszer\u0171v\u00e9 teszi a mell\u00e9kelt k\u00e9toldalas ragaszt\u00f3szalag, a k\u00e9perny\u0151 pedig fels\u0151 \u00e9s als\u00f3 konzolok n\u00e9lk\u00fcl \u00e9rkezik, \u00edgy ide\u00e1lis helyettes\u00edt\u0151je laptopja sz\u00e1m\u00e1ra.<\/p>\n<p>Ak\u00e1r laptopja kijelz\u0151j\u00e9t friss\u00edti, ak\u00e1r s\u00e9r\u00fclt k\u00e9perny\u0151t cser\u00e9l, ez az LCD-panel kiv\u00e9teles tisztas\u00e1got \u00e9s teljes\u00edtm\u00e9nyt k\u00edn\u00e1l. A term\u00e9k vadonat\u00faj, \u00edgy hibamentes \u00e9s j\u00f3 min\u0151s\u00e9g\u0171 k\u00e9perny\u0151t kap.<\/p>\n","protected":false},"excerpt":{"rendered":"<p>Friss\u00edtse MSI GS66 Stealth 10SE k\u00e9sz\u00fcl\u00e9k\u00e9t egy 15,6&#8243;-os FHD 144 Hz-es IPS matt LCD-k\u00e9perny\u0151vel. A 40 t\u0171s eDP-csatlakoz\u00f3val kiv\u00e1l\u00f3 tisztas\u00e1got \u00e9s sima k\u00e9pet biztos\u00edt. K\u00e9toldalas ragaszt\u00f3szalag mell\u00e9kelve az egyszer\u0171 telep\u00edt\u00e9s \u00e9rdek\u00e9ben. \u00c1llapot: \u00daj.<\/p>\n","protected":false},"featured_media":10067,"template":"","meta":[],"product_brand":[],"product_cat":[81,71],"product_tag":[58],"class_list":{"0":"post-10058","1":"product","2":"type-product","3":"status-publish","4":"has-post-thumbnail","6":"product_cat-15-6-new-laptop-screens-lcd-panels","7":"product_cat-new-laptop-screens-lcd-panels","8":"product_tag-msi","10":"first","11":"instock","12":"taxable","13":"shipping-taxable","14":"purchasable","15":"product-type-simple"},"_links":{"self":[{"href":"https:\/\/boreait.com\/hu\/wp-json\/wp\/v2\/product\/10058","targetHints":{"allow":["GET"]}}],"collection":[{"href":"https:\/\/boreait.com\/hu\/wp-json\/wp\/v2\/product"}],"about":[{"href":"https:\/\/boreait.com\/hu\/wp-json\/wp\/v2\/types\/product"}],"wp:featuredmedia":[{"embeddable":true,"href":"https:\/\/boreait.com\/hu\/wp-json\/wp\/v2\/media\/10067"}],"wp:attachment":[{"href":"https:\/\/boreait.com\/hu\/wp-json\/wp\/v2\/media?parent=10058"}],"wp:term":[{"taxonomy":"product_brand","embeddable":true,"href":"https:\/\/boreait.com\/hu\/wp-json\/wp\/v2\/product_brand?post=10058"},{"taxonomy":"product_cat","embeddable":true,"href":"https:\/\/boreait.com\/hu\/wp-json\/wp\/v2\/product_cat?post=10058"},{"taxonomy":"product_tag","embeddable":true,"href":"https:\/\/boreait.com\/hu\/wp-json\/wp\/v2\/product_tag?post=10058"}],"curies":[{"name":"wp","href":"https:\/\/api.w.org\/{rel}","templated":true}]}}