{"id":10057,"date":"2025-09-17T12:46:28","date_gmt":"2025-09-17T10:46:28","guid":{"rendered":"https:\/\/boreait.com\/hu\/?post_type=product&#038;p=10057"},"modified":"2025-09-17T12:46:35","modified_gmt":"2025-09-17T10:46:35","slug":"msi-katana-gf66-11ug-lcd-kepernyo-156-fhd-ips-144hz-matt-40-tus-uj","status":"publish","type":"product","link":"https:\/\/boreait.com\/hu\/termek\/msi-katana-gf66-11ug-lcd-kepernyo-156-fhd-ips-144hz-matt-40-tus-uj\/","title":{"rendered":"MSI Katana GF66 11UG LCD k\u00e9perny\u0151 15,6&#8243; FHD IPS 144Hz matt 40 t\u0171s \u00daj"},"content":{"rendered":"<p><strong>T\u00e9nyleges LCD-k\u00e9perny\u0151s modell: n156hra-ea1 REV C1 \/ N156HRA-GAA Rev.c1 \/ N156HMA-GA1 REV C2 \u2013 TELJESEN KOMPATIBILIS AZ MSI KATANA GF66 11UG LAPTOP K\u00c9PERNY\u0150J\u00c9VEL<\/strong><\/p>\n<p>Fokozza MSI Katana GF66 11UG vizu\u00e1lis teljes\u00edtm\u00e9ny\u00e9t ezzel a 15,6 h\u00fcvelykes LCD-k\u00e9perny\u0151vel, amelyet j\u00e1t\u00e9kosok \u00e9s profik sz\u00e1m\u00e1ra egyar\u00e1nt terveztek. Full HD felbont\u00e1ssal (1920&#215;1080) \u00e9s 144 Hz-es friss\u00edt\u00e9si gyakoris\u00e1ggal ez a k\u00e9perny\u0151 folyamatos mozg\u00e1st \u00e9s krist\u00e1lytiszta k\u00e9peket k\u00edn\u00e1l, \u00edgy t\u00f6k\u00e9letes j\u00e1t\u00e9khoz, munk\u00e1hoz vagy multim\u00e9di\u00e1hoz.<\/p>\n<p>Az IPS technol\u00f3gia gazdag, \u00e9l\u00e9nk sz\u00edneket \u00e9s sz\u00e9les betekint\u00e9si sz\u00f6geket biztos\u00edt, m\u00edg a matt fel\u00fclet minim\u00e1lisra cs\u00f6kkenti a t\u00fckr\u00f6z\u0151d\u00e9st \u00e9s a t\u00fckr\u00f6z\u0151d\u00e9st a k\u00e9nyelmes haszn\u00e1lat \u00e9rdek\u00e9ben k\u00fcl\u00f6nf\u00e9le f\u00e9nyviszonyok k\u00f6z\u00f6tt. A k\u00e9perny\u0151 40 t\u0171s eDP csatlakoz\u00f3n kereszt\u00fcl csatlakozik a biztons\u00e1gos \u00e9s megb\u00edzhat\u00f3 teljes\u00edtm\u00e9ny \u00e9rdek\u00e9ben.<\/p>\n<p>A probl\u00e9mamentes telep\u00edt\u00e9s \u00e9rdek\u00e9ben k\u00e9toldalas \u00f6ntapad\u00f3 szalagot mell\u00e9kel\u00fcnk. Ez a k\u00e9perny\u0151 vadonat\u00faj, \u00edgy kiv\u00e1l\u00f3 min\u0151s\u00e9g\u0171, hib\u00e1tlan term\u00e9ket kap azonnali haszn\u00e1latra.<\/p>\n<p>K\u00e9rj\u00fck, vegye figyelembe, hogy ez a k\u00e9perny\u0151 fels\u0151 \u00e9s als\u00f3 z\u00e1r\u00f3jelek n\u00e9lk\u00fcl \u00e9rkezik.<\/p>\n","protected":false},"excerpt":{"rendered":"<p>Friss\u00edtse MSI Katana GF66 11UG k\u00e9sz\u00fcl\u00e9k\u00e9t egy \u00faj, 15,6&#8243;-os FHD 144 Hz-es matt IPS k\u00e9perny\u0151vel. A 40 t\u0171s eDP-csatlakoz\u00e1ssal rendelkez\u0151 kijelz\u0151 \u00e9l\u00e9nk l\u00e1tv\u00e1nyt \u00e9s egyenletes teljes\u00edtm\u00e9nyt biztos\u00edt. K\u00e9toldalas ragaszt\u00f3szalagot tartalmaz az egyszer\u0171 telep\u00edt\u00e9s \u00e9rdek\u00e9ben. \u00c1llapot: \u00daj.<\/p>\n","protected":false},"featured_media":10067,"template":"","meta":[],"product_brand":[],"product_cat":[81,71],"product_tag":[58],"class_list":{"0":"post-10057","1":"product","2":"type-product","3":"status-publish","4":"has-post-thumbnail","6":"product_cat-15-6-new-laptop-screens-lcd-panels","7":"product_cat-new-laptop-screens-lcd-panels","8":"product_tag-msi","10":"first","11":"instock","12":"taxable","13":"shipping-taxable","14":"purchasable","15":"product-type-simple"},"_links":{"self":[{"href":"https:\/\/boreait.com\/hu\/wp-json\/wp\/v2\/product\/10057","targetHints":{"allow":["GET"]}}],"collection":[{"href":"https:\/\/boreait.com\/hu\/wp-json\/wp\/v2\/product"}],"about":[{"href":"https:\/\/boreait.com\/hu\/wp-json\/wp\/v2\/types\/product"}],"wp:featuredmedia":[{"embeddable":true,"href":"https:\/\/boreait.com\/hu\/wp-json\/wp\/v2\/media\/10067"}],"wp:attachment":[{"href":"https:\/\/boreait.com\/hu\/wp-json\/wp\/v2\/media?parent=10057"}],"wp:term":[{"taxonomy":"product_brand","embeddable":true,"href":"https:\/\/boreait.com\/hu\/wp-json\/wp\/v2\/product_brand?post=10057"},{"taxonomy":"product_cat","embeddable":true,"href":"https:\/\/boreait.com\/hu\/wp-json\/wp\/v2\/product_cat?post=10057"},{"taxonomy":"product_tag","embeddable":true,"href":"https:\/\/boreait.com\/hu\/wp-json\/wp\/v2\/product_tag?post=10057"}],"curies":[{"name":"wp","href":"https:\/\/api.w.org\/{rel}","templated":true}]}}