{"id":10056,"date":"2025-09-17T12:46:28","date_gmt":"2025-09-17T10:46:28","guid":{"rendered":"https:\/\/boreait.com\/hu\/?post_type=product&#038;p=10056"},"modified":"2025-09-17T12:46:35","modified_gmt":"2025-09-17T10:46:35","slug":"lm156lfgl-lm156lfgl02-lcd-156-fhd-144hz-ips-matt-40-tus-szalaggal-uj","status":"publish","type":"product","link":"https:\/\/boreait.com\/hu\/termek\/lm156lfgl-lm156lfgl02-lcd-156-fhd-144hz-ips-matt-40-tus-szalaggal-uj\/","title":{"rendered":"LM156LFGL LM156LFGL02 LCD 15,6&#8243; FHD 144Hz IPS matt 40 t\u0171s szalaggal \u00daj"},"content":{"rendered":"<p><strong>T\u00e9nyleges LCD-k\u00e9perny\u0151s modell: n156hra-ea1 REV C1 \/ N156HRA-GAA Rev.c1 \/ N156HMA-GA1 REV C2 \u2013 TELJESEN KOMPATIBILIS A LM156LFGL LM156LFGL02 LAPTOP K\u00c9PERNY\u0150VEL<\/strong><\/p>\n<p>N\u00f6velje laptopja megjelen\u00edt\u00e9si min\u0151s\u00e9g\u00e9t az LM156LFGL LM156LFGL02 15,6 h\u00fcvelykes LCD-k\u00e9perny\u0151vel. Ez a k\u00e9perny\u0151 leny\u0171g\u00f6z\u0151 Full HD (1920&#215;1080) felbont\u00e1st biztos\u00edt, \u00e9les \u00e9s \u00e9l\u00e9nk l\u00e1tv\u00e1nyt biztos\u00edtva. A 144 Hz-es friss\u00edt\u00e9si frekvencia sim\u00e1bb mozg\u00e1st tesz lehet\u0151v\u00e9, ez a technol\u00f3gia t\u00f6k\u00e9letes j\u00e1t\u00e9khoz, j\u00e1t\u00e9khoz vagy b\u00e1rmilyen vide\u00f3z\u00e1shoz. konzisztens sz\u00ednek \u00e9s sz\u00e9les betekint\u00e9si sz\u00f6gek, amelyek kiv\u00e1l\u00f3 vizu\u00e1lis min\u0151s\u00e9get biztos\u00edtanak b\u00e1rmilyen perspekt\u00edv\u00e1b\u00f3l.<\/p>\n<p>A matt fel\u00fclet cs\u00f6kkenti a t\u00fckr\u00f6z\u0151d\u00e9st, \u00edgy alkalmas k\u00fcl\u00f6nf\u00e9le f\u00e9nyviszonyokhoz, m\u00edg az eDP 40 t\u0171s csatlakoz\u00f3ja biztons\u00e1gos \u00e9s megb\u00edzhat\u00f3 csatlakoz\u00e1st biztos\u00edt a k\u00e9sz\u00fcl\u00e9khez. Ez a k\u00e9perny\u0151 k\u00e9toldalas \u00f6ntapad\u00f3 szalagot tartalmaz, \u00edgy a telep\u00edt\u00e9s gyors \u00e9s egyszer\u0171. Felh\u00edvjuk figyelm\u00e9t, hogy a term\u00e9k nem tartalmaz fels\u0151 \u00e9s als\u00f3 tart\u00f3t.<\/p>\n<p>\u00c1llapot: \u00daj, amely biztos\u00edtja, hogy kiv\u00e1l\u00f3 min\u0151s\u00e9g\u0171, hib\u00e1tlan term\u00e9ket kapjon beszerel\u00e9sre k\u00e9szen.<\/p>\n","protected":false},"excerpt":{"rendered":"<p>Friss\u00edtse laptopj\u00e1t az LM156LFGL LM156LFGL02 15,6 h\u00fcvelykes LCD-k\u00e9perny\u0151vel, Full HD, 144 Hz-es friss\u00edt\u00e9si gyakoris\u00e1ggal, IPS technol\u00f3gi\u00e1val \u00e9s matt fel\u00fclettel. 40 t\u0171s eDP csatlakoz\u00f3val \u00e9s k\u00e9toldalas \u00f6ntapad\u00f3 szalaggal az egyszer\u0171 telep\u00edt\u00e9s \u00e9rdek\u00e9ben. \u00c1llapot: \u00daj.<\/p>\n","protected":false},"featured_media":10067,"template":"","meta":[],"product_brand":[],"product_cat":[81,71],"product_tag":[],"class_list":{"0":"post-10056","1":"product","2":"type-product","3":"status-publish","4":"has-post-thumbnail","6":"product_cat-15-6-new-laptop-screens-lcd-panels","7":"product_cat-new-laptop-screens-lcd-panels","9":"first","10":"instock","11":"taxable","12":"shipping-taxable","13":"purchasable","14":"product-type-simple"},"_links":{"self":[{"href":"https:\/\/boreait.com\/hu\/wp-json\/wp\/v2\/product\/10056","targetHints":{"allow":["GET"]}}],"collection":[{"href":"https:\/\/boreait.com\/hu\/wp-json\/wp\/v2\/product"}],"about":[{"href":"https:\/\/boreait.com\/hu\/wp-json\/wp\/v2\/types\/product"}],"wp:featuredmedia":[{"embeddable":true,"href":"https:\/\/boreait.com\/hu\/wp-json\/wp\/v2\/media\/10067"}],"wp:attachment":[{"href":"https:\/\/boreait.com\/hu\/wp-json\/wp\/v2\/media?parent=10056"}],"wp:term":[{"taxonomy":"product_brand","embeddable":true,"href":"https:\/\/boreait.com\/hu\/wp-json\/wp\/v2\/product_brand?post=10056"},{"taxonomy":"product_cat","embeddable":true,"href":"https:\/\/boreait.com\/hu\/wp-json\/wp\/v2\/product_cat?post=10056"},{"taxonomy":"product_tag","embeddable":true,"href":"https:\/\/boreait.com\/hu\/wp-json\/wp\/v2\/product_tag?post=10056"}],"curies":[{"name":"wp","href":"https:\/\/api.w.org\/{rel}","templated":true}]}}