{"id":10054,"date":"2025-09-17T12:46:28","date_gmt":"2025-09-17T10:46:28","guid":{"rendered":"https:\/\/boreait.com\/hu\/?post_type=product&#038;p=10054"},"modified":"2025-09-17T12:46:34","modified_gmt":"2025-09-17T10:46:34","slug":"nv156fhm-nx1-nx2-156-fhd-144hz-ips-matt-lcd-kepernyo-ragasztoval-uj","status":"publish","type":"product","link":"https:\/\/boreait.com\/hu\/termek\/nv156fhm-nx1-nx2-156-fhd-144hz-ips-matt-lcd-kepernyo-ragasztoval-uj\/","title":{"rendered":"NV156FHM-NX1\/NX2 15,6&#8243; FHD 144Hz IPS matt LCD k\u00e9perny\u0151 ragaszt\u00f3val \u00daj"},"content":{"rendered":"<p><strong>T\u00e9nyleges LCD-k\u00e9perny\u0151s modell: n156hra-ea1 REV C1 \/ N156HRA-GAA Rev.c1 \/ N156HMA-GA1 REV C2 \u2013 TELJESEN KOMPATIBILIS A NV156FHM-NX1 NX2 LAPTOP K\u00c9PERNY\u0150VEL<\/strong><\/p>\n<p>Fokozza laptopja teljes\u00edtm\u00e9ny\u00e9t \u00e9s vizu\u00e1lis min\u0151s\u00e9g\u00e9t az NV156FHM-NX1\/NX2 15,6 h\u00fcvelykes LCD-k\u00e9perny\u0151vel. Ez a kijelz\u0151 Full HD felbont\u00e1ssal (1920&#215;1080) \u00e9les, tiszta k\u00e9peket biztos\u00edt, ide\u00e1lis napi feladatokhoz, j\u00e1t\u00e9kokhoz vagy multim\u00e9di\u00e1s haszn\u00e1lathoz. A 144 Hz-es friss\u00edt\u00e9si frekvencia biztos\u00edtja a t\u00f6k\u00e9letes video- \u00e9s szerkeszt\u00e9si teljes\u00edtm\u00e9nyt, p\u00e9ld\u00e1ul a gyors reag\u00e1l\u00e1st.<\/p>\n<p>Az IPS technol\u00f3gi\u00e1val ez a k\u00e9perny\u0151 sz\u00e9les betekint\u00e9si sz\u00f6geket \u00e9s egyenletes sz\u00ednvisszaad\u00e1st k\u00edn\u00e1l, m\u00edg a matt fel\u00fclet cs\u00f6kkenti a t\u00fckr\u00f6z\u0151d\u00e9st, \u00edgy m\u00e9g er\u0151sen megvil\u00e1g\u00edtott k\u00f6rnyezetben is k\u00e9nyelmes megtekint\u00e9st biztos\u00edt. A 40 t\u0171s eDP csatlakoz\u00e1s stabil \u00e9s biztons\u00e1gos kapcsolatot biztos\u00edt laptopj\u00e1val, a mell\u00e9kelt k\u00e9toldalas \u00f6ntapad\u00f3 szalag pedig gyors \u00e9s egyszer\u0171 telep\u00edt\u00e9st tesz lehet\u0151v\u00e9.<\/p>\n<p>K\u00e9rj\u00fck, vegye figyelembe, hogy ez a k\u00e9perny\u0151 fels\u0151 \u00e9s als\u00f3 z\u00e1r\u00f3jelek n\u00e9lk\u00fcl \u00e9rkezik. Vadonat\u00faj \u00e1llapotban van, ami hib\u00e1tlan kijelz\u0151friss\u00edt\u00e9st biztos\u00edt a k\u00e9sz\u00fcl\u00e9kedhez.<\/p>\n","protected":false},"excerpt":{"rendered":"<p>Friss\u00edtse laptopja kijelz\u0151j\u00e9t az NV156FHM-NX1\/NX2 15,6&#8243;-es FHD IPS k\u00e9perny\u0151vel. 144 Hz-es friss\u00edt\u00e9si gyakoris\u00e1ggal, matt fel\u00fclettel \u00e9s 40 t\u0171s eDP-csatlakoz\u00e1ssal sima, \u00e9l\u00e9nk l\u00e1tv\u00e1nyt biztos\u00edt. K\u00e9toldalas \u00f6ntapad\u00f3 szalagot mell\u00e9kel\u00fcnk az egyszer\u0171 telep\u00edt\u00e9s \u00e9rdek\u00e9ben. \u00c1llapot: \u00daj.<\/p>\n","protected":false},"featured_media":10067,"template":"","meta":[],"product_brand":[],"product_cat":[81,71],"product_tag":[],"class_list":{"0":"post-10054","1":"product","2":"type-product","3":"status-publish","4":"has-post-thumbnail","6":"product_cat-15-6-new-laptop-screens-lcd-panels","7":"product_cat-new-laptop-screens-lcd-panels","9":"first","10":"instock","11":"taxable","12":"shipping-taxable","13":"purchasable","14":"product-type-simple"},"_links":{"self":[{"href":"https:\/\/boreait.com\/hu\/wp-json\/wp\/v2\/product\/10054","targetHints":{"allow":["GET"]}}],"collection":[{"href":"https:\/\/boreait.com\/hu\/wp-json\/wp\/v2\/product"}],"about":[{"href":"https:\/\/boreait.com\/hu\/wp-json\/wp\/v2\/types\/product"}],"wp:featuredmedia":[{"embeddable":true,"href":"https:\/\/boreait.com\/hu\/wp-json\/wp\/v2\/media\/10067"}],"wp:attachment":[{"href":"https:\/\/boreait.com\/hu\/wp-json\/wp\/v2\/media?parent=10054"}],"wp:term":[{"taxonomy":"product_brand","embeddable":true,"href":"https:\/\/boreait.com\/hu\/wp-json\/wp\/v2\/product_brand?post=10054"},{"taxonomy":"product_cat","embeddable":true,"href":"https:\/\/boreait.com\/hu\/wp-json\/wp\/v2\/product_cat?post=10054"},{"taxonomy":"product_tag","embeddable":true,"href":"https:\/\/boreait.com\/hu\/wp-json\/wp\/v2\/product_tag?post=10054"}],"curies":[{"name":"wp","href":"https:\/\/api.w.org\/{rel}","templated":true}]}}