{"id":10053,"date":"2025-09-17T12:46:28","date_gmt":"2025-09-17T10:46:28","guid":{"rendered":"https:\/\/boreait.com\/hu\/?post_type=product&#038;p=10053"},"modified":"2025-09-17T12:46:34","modified_gmt":"2025-09-17T10:46:34","slug":"lm156lfgl03-156-lcd-144hz-fhd-ips-matt-40-tus-edp-ragasztoszalaggal-uj","status":"publish","type":"product","link":"https:\/\/boreait.com\/hu\/termek\/lm156lfgl03-156-lcd-144hz-fhd-ips-matt-40-tus-edp-ragasztoszalaggal-uj\/","title":{"rendered":"LM156LFGL03 15,6&#8243; LCD 144Hz FHD IPS matt 40 t\u0171s eDP ragaszt\u00f3szalaggal \u00daj"},"content":{"rendered":"<p><strong>T\u00e9nyleges LCD-k\u00e9perny\u0151s modell: n156hra-ea1 REV C1 \/ N156HRA-GAA Rev.c1 \/ N156HMA-GA1 REV C2 \u2013 TELJESEN KOMPATIBILIS A LM156LFGL03 LAPTOP K\u00c9PERNY\u0150VEL<\/strong><\/p>\n<p>N\u00f6velje laptopja teljes\u00edtm\u00e9ny\u00e9t az LM156LFGL03 15,6 h\u00fcvelykes LCD-k\u00e9perny\u0151vel. Full HD (1920&#215;1080) felbont\u00e1ssal, 144 Hz-es friss\u00edt\u00e9si gyakoris\u00e1ggal \u00e9s IPS technol\u00f3gi\u00e1val ez a kijelz\u0151 krist\u00e1lytiszta k\u00e9pet biztos\u00edt egyenletes mozg\u00e1ssal \u00e9s \u00e9l\u00e9nk sz\u00ednekkel. A matt fel\u00fclet minimaliz\u00e1lja a k\u00fcl\u00f6nf\u00e9le f\u00e9nyviszonyokat, \u00edgy t\u00f6k\u00e9letes a vak\u00edt\u00f3 hat\u00e1s.<\/p>\n<p>A 40 t\u0171s eDP-kapcsolattal a k\u00e9perny\u0151 stabil \u00e9s megb\u00edzhat\u00f3 kapcsolatot biztos\u00edt az eszk\u00f6zzel, kiv\u00e1l\u00f3 teljes\u00edtm\u00e9nyt k\u00edn\u00e1lva h\u00e9tk\u00f6znapi haszn\u00e1lathoz \u00e9s j\u00e1t\u00e9khoz egyar\u00e1nt. A beszerel\u00e9st egyszer\u0171v\u00e9 teszi a mell\u00e9kelt k\u00e9toldalas \u00f6ntapad\u00f3 szalag, amely lehet\u0151v\u00e9 teszi a k\u00e9perny\u0151 biztons\u00e1gos r\u00f6gz\u00edt\u00e9s\u00e9t gond n\u00e9lk\u00fcl. Ez a modell fels\u0151 \u00e9s als\u00f3 konzolok n\u00e9lk\u00fcl \u00e9rkezik, \u00edgy rugalmasan illeszkedik a k\u00fcl\u00f6nb\u00f6z\u0151 laptopmodellekhez.<\/p>\n<p>\u00c1llapot: vadonat\u00faj, \u00edgy hib\u00e1tlan \u00e9s teljesen m\u0171k\u00f6d\u0151k\u00e9pes term\u00e9ket kap, amely k\u00e9szen \u00e1ll a telep\u00edt\u00e9sre.<\/p>\n","protected":false},"excerpt":{"rendered":"<p>B\u0151v\u00edtse laptopj\u00e1t az LM156LFGL03 15,6&#8243; LCD-k\u00e9perny\u0151vel. Ez az FHD 144 Hz-es matt kijelz\u0151 IPS technol\u00f3gi\u00e1val \u00e9s 40 t\u0171s eDP-csatlakoz\u00f3val leny\u0171g\u00f6z\u0151 l\u00e1tv\u00e1nyt ny\u00fajt. K\u00e9toldalas ragaszt\u00f3szalag mell\u00e9kelve az egyszer\u0171 telep\u00edt\u00e9s \u00e9rdek\u00e9ben. \u00c1llapot: \u00daj.<\/p>\n","protected":false},"featured_media":10067,"template":"","meta":[],"product_brand":[],"product_cat":[81,71],"product_tag":[],"class_list":{"0":"post-10053","1":"product","2":"type-product","3":"status-publish","4":"has-post-thumbnail","6":"product_cat-15-6-new-laptop-screens-lcd-panels","7":"product_cat-new-laptop-screens-lcd-panels","9":"first","10":"instock","11":"taxable","12":"shipping-taxable","13":"purchasable","14":"product-type-simple"},"_links":{"self":[{"href":"https:\/\/boreait.com\/hu\/wp-json\/wp\/v2\/product\/10053","targetHints":{"allow":["GET"]}}],"collection":[{"href":"https:\/\/boreait.com\/hu\/wp-json\/wp\/v2\/product"}],"about":[{"href":"https:\/\/boreait.com\/hu\/wp-json\/wp\/v2\/types\/product"}],"wp:featuredmedia":[{"embeddable":true,"href":"https:\/\/boreait.com\/hu\/wp-json\/wp\/v2\/media\/10067"}],"wp:attachment":[{"href":"https:\/\/boreait.com\/hu\/wp-json\/wp\/v2\/media?parent=10053"}],"wp:term":[{"taxonomy":"product_brand","embeddable":true,"href":"https:\/\/boreait.com\/hu\/wp-json\/wp\/v2\/product_brand?post=10053"},{"taxonomy":"product_cat","embeddable":true,"href":"https:\/\/boreait.com\/hu\/wp-json\/wp\/v2\/product_cat?post=10053"},{"taxonomy":"product_tag","embeddable":true,"href":"https:\/\/boreait.com\/hu\/wp-json\/wp\/v2\/product_tag?post=10053"}],"curies":[{"name":"wp","href":"https:\/\/api.w.org\/{rel}","templated":true}]}}