{"id":10052,"date":"2025-09-17T12:46:28","date_gmt":"2025-09-17T10:46:28","guid":{"rendered":"https:\/\/boreait.com\/hu\/?post_type=product&#038;p=10052"},"modified":"2025-09-17T12:46:34","modified_gmt":"2025-09-17T10:46:34","slug":"nv156fhm-nx4-n4u-lcd-kepernyo-156-fhd-ips-144hz-40tus-ragasztoszalaggal-uj","status":"publish","type":"product","link":"https:\/\/boreait.com\/hu\/termek\/nv156fhm-nx4-n4u-lcd-kepernyo-156-fhd-ips-144hz-40tus-ragasztoszalaggal-uj\/","title":{"rendered":"NV156FHM-NX4\/N4U LCD k\u00e9perny\u0151 15,6&#8243; FHD IPS 144Hz 40t\u0171s ragaszt\u00f3szalaggal \u00daj"},"content":{"rendered":"<p><strong>T\u00e9nyleges LCD-k\u00e9perny\u0151s modell: n156hra-ea1 REV C1 \/ N156HRA-GAA Rev.c1 \/ N156HMA-GA1 REV C2 \u2013 TELJESEN KOMPATIBILIS A LAPTOP K\u00c9PERNY\u0150VEL NV156FHM-NX4 NV156FHM-N4U<\/strong><\/p>\n<p>Fokozza laptopja kijelz\u0151j\u00e9t az NV156FHM-NX4\/N4U 15,6 h\u00fcvelykes LCD-k\u00e9perny\u0151vel, amelyet nagy teljes\u00edtm\u00e9nyre \u00e9s mag\u00e1val ragad\u00f3 l\u00e1tv\u00e1nyra terveztek. Ez a k\u00e9perny\u0151 Full HD (1920&#215;1080) felbont\u00e1st k\u00edn\u00e1l IPS technol\u00f3gi\u00e1val kombin\u00e1lva, \u00edgy \u00e9les k\u00e9peket, \u00e9l\u00e9nk sz\u00edneket \u00e9s sz\u00e9les betekint\u00e9si sz\u00f6geket biztos\u00edt. A 144 Hz-es, egyenletes k\u00e9pfriss\u00edt\u00e9si \u00e9s k\u00e9pfriss\u00edt\u00e9si sebess\u00e9ggel ide\u00e1lis a j\u00e1t\u00e9khoz. multim\u00e9dia \u00e9s mindennapi feladatok.<\/p>\n<p>A matt fel\u00fclet cs\u00f6kkenti a t\u00fckr\u00f6z\u0151d\u00e9st, \u00edgy k\u00e9nyelmes megtekint\u00e9si \u00e9lm\u00e9nyt biztos\u00edt k\u00fcl\u00f6nf\u00e9le f\u00e9nyviszonyok k\u00f6z\u00f6tt. A 40 t\u0171s eDP-csatlakoz\u00e1s biztons\u00e1gos \u00e9s megb\u00edzhat\u00f3 kapcsolatot biztos\u00edt a k\u00e9sz\u00fcl\u00e9kkel, a mell\u00e9kelt k\u00e9toldalas \u00f6ntapad\u00f3 szalag pedig probl\u00e9mamentess\u00e9 teszi a telep\u00edt\u00e9st.<\/p>\n<p>K\u00e9rj\u00fck, vegye figyelembe, hogy ez a k\u00e9perny\u0151 fels\u0151 \u00e9s als\u00f3 z\u00e1r\u00f3jelek n\u00e9lk\u00fcl \u00e9rkezik. Teljesen \u00fajszer\u0171 \u00e1llapotban van, ami biztos\u00edtja, hogy hib\u00e1tlan, beszerel\u00e9sre k\u00e9sz term\u00e9ket kapjon.<\/p>\n","protected":false},"excerpt":{"rendered":"<p>B\u0151v\u00edtse laptopj\u00e1t az NV156FHM-NX4\/N4U 15,6&#8243;-es LCD-k\u00e9perny\u0151vel. FHD IPS felbont\u00e1ssal, 144 Hz-es friss\u00edt\u00e9si gyakoris\u00e1ggal, matt fel\u00fclettel \u00e9s 40 t\u0171s eDP-csatlakoz\u00e1ssal a sima l\u00e1tv\u00e1ny \u00e9rdek\u00e9ben. K\u00e9toldalas \u00f6ntapad\u00f3 szalag mell\u00e9kelve. \u00c1llapot: \u00daj.<\/p>\n","protected":false},"featured_media":10067,"template":"","meta":[],"product_brand":[],"product_cat":[81,71],"product_tag":[],"class_list":{"0":"post-10052","1":"product","2":"type-product","3":"status-publish","4":"has-post-thumbnail","6":"product_cat-15-6-new-laptop-screens-lcd-panels","7":"product_cat-new-laptop-screens-lcd-panels","9":"first","10":"instock","11":"taxable","12":"shipping-taxable","13":"purchasable","14":"product-type-simple"},"_links":{"self":[{"href":"https:\/\/boreait.com\/hu\/wp-json\/wp\/v2\/product\/10052","targetHints":{"allow":["GET"]}}],"collection":[{"href":"https:\/\/boreait.com\/hu\/wp-json\/wp\/v2\/product"}],"about":[{"href":"https:\/\/boreait.com\/hu\/wp-json\/wp\/v2\/types\/product"}],"wp:featuredmedia":[{"embeddable":true,"href":"https:\/\/boreait.com\/hu\/wp-json\/wp\/v2\/media\/10067"}],"wp:attachment":[{"href":"https:\/\/boreait.com\/hu\/wp-json\/wp\/v2\/media?parent=10052"}],"wp:term":[{"taxonomy":"product_brand","embeddable":true,"href":"https:\/\/boreait.com\/hu\/wp-json\/wp\/v2\/product_brand?post=10052"},{"taxonomy":"product_cat","embeddable":true,"href":"https:\/\/boreait.com\/hu\/wp-json\/wp\/v2\/product_cat?post=10052"},{"taxonomy":"product_tag","embeddable":true,"href":"https:\/\/boreait.com\/hu\/wp-json\/wp\/v2\/product_tag?post=10052"}],"curies":[{"name":"wp","href":"https:\/\/api.w.org\/{rel}","templated":true}]}}