{"id":10051,"date":"2025-09-17T12:46:28","date_gmt":"2025-09-17T10:46:28","guid":{"rendered":"https:\/\/boreait.com\/hu\/?post_type=product&#038;p=10051"},"modified":"2026-04-15T23:53:23","modified_gmt":"2026-04-15T21:53:23","slug":"ne156fhm-nx3-v18-0-lcd-156-fhd-ips-144hz-matt-edp-40-tus-szalaggal-uj","status":"publish","type":"product","link":"https:\/\/boreait.com\/hu\/termek\/ne156fhm-nx3-v18-0-lcd-156-fhd-ips-144hz-matt-edp-40-tus-szalaggal-uj\/","title":{"rendered":"NE156FHM-NX3 V18.0 LCD 15,6&#8243; FHD IPS 144Hz matt EDP 40 t\u0171s szalaggal \u00daj"},"content":{"rendered":"<p><strong>T\u00e9nyleges LCD-k\u00e9perny\u0151s modell: n156hra-ea1 REV C1 \/ N156HRA-GAA Rev.c1 \/ N156HMA-GA1 REV C2 \u2013 TELJESEN KOMPATIBILIS A NE156FHM-NX3 V18.0 LAPTOP K\u00c9PERNY\u0150VEL<\/strong><\/p>\n<p>Fokozza laptopja kijelz\u0151j\u00e9t az NE156FHM-NX3 V18.0 15,6 h\u00fcvelykes LCD-k\u00e9perny\u0151vel, amelyet kiv\u00e9teles teljes\u00edtm\u00e9nyre \u00e9s krist\u00e1lytiszta k\u00e9pre terveztek. Az 1920&#215;1080-as Full HD felbont\u00e1ssal ez a k\u00e9perny\u0151 \u00e9les k\u00e9peket \u00e9s \u00e9l\u00e9nk sz\u00edneket biztos\u00edt. A 144 Hz-es friss\u00edt\u00e9si frekvencia t\u00f6k\u00e9letes teljes\u00edtm\u00e9nyt biztos\u00edt a j\u00e1t\u00e9khoz, a vide\u00f3szerkeszt\u00e9shez \u00e9s az ultra-smo-hoz.<\/p>\n<p>Az IPS technol\u00f3gia sz\u00e9les l\u00e1t\u00f3sz\u00f6get \u00e9s egyenletes sz\u00ednvisszaad\u00e1st garant\u00e1l, m\u00edg a matt fel\u00fclet minim\u00e1lisra cs\u00f6kkenti a t\u00fckr\u00f6z\u0151d\u00e9st, \u00edgy k\u00e9nyelmes haszn\u00e1latot biztos\u00edt k\u00fcl\u00f6nf\u00e9le f\u00e9nyviszonyok k\u00f6z\u00f6tt. A 40 t\u0171s eDP kapcsolat megb\u00edzhat\u00f3 kapcsolatot biztos\u00edt az eszk\u00f6zzel.<\/p>\n<p>A k\u00e9perny\u0151n k\u00e9toldalas \u00f6ntapad\u00f3 szalag tal\u00e1lhat\u00f3, ami leegyszer\u0171s\u00edti a telep\u00edt\u00e9si folyamatot. K\u00e9rj\u00fck, vegye figyelembe, hogy a k\u00e9perny\u0151 nem tartalmaz fels\u0151 vagy als\u00f3 z\u00e1r\u00f3jeleket. Vadonat\u00faj, \u00edgy azonnali haszn\u00e1latra k\u00e9sz, hib\u00e1tlan term\u00e9ket kap.<\/p>\n","protected":false},"excerpt":{"rendered":"<p>B\u0151v\u00edtse laptopj\u00e1t az NE156FHM-NX3 V18.0 V18.0 15,6 h\u00fcvelykes LCD-k\u00e9perny\u0151vel. FHD felbont\u00e1ssal, 144 Hz-es friss\u00edt\u00e9si gyakoris\u00e1ggal, IPS technol\u00f3gi\u00e1val \u00e9s matt fel\u00fclettel, tiszta \u00e9s sima l\u00e1tv\u00e1nyt ny\u00fajt. K\u00e9toldalas ragaszt\u00f3szalagot tartalmaz az egyszer\u0171 telep\u00edt\u00e9s \u00e9rdek\u00e9ben. \u00c1llapot: \u00daj.<\/p>\n","protected":false},"featured_media":10067,"template":"","meta":[],"product_brand":[],"product_cat":[81,71],"product_tag":[],"class_list":{"0":"post-10051","1":"product","2":"type-product","3":"status-publish","4":"has-post-thumbnail","6":"product_cat-15-6-new-laptop-screens-lcd-panels","7":"product_cat-new-laptop-screens-lcd-panels","9":"first","10":"instock","11":"taxable","12":"shipping-taxable","13":"purchasable","14":"product-type-simple"},"_links":{"self":[{"href":"https:\/\/boreait.com\/hu\/wp-json\/wp\/v2\/product\/10051","targetHints":{"allow":["GET"]}}],"collection":[{"href":"https:\/\/boreait.com\/hu\/wp-json\/wp\/v2\/product"}],"about":[{"href":"https:\/\/boreait.com\/hu\/wp-json\/wp\/v2\/types\/product"}],"wp:featuredmedia":[{"embeddable":true,"href":"https:\/\/boreait.com\/hu\/wp-json\/wp\/v2\/media\/10067"}],"wp:attachment":[{"href":"https:\/\/boreait.com\/hu\/wp-json\/wp\/v2\/media?parent=10051"}],"wp:term":[{"taxonomy":"product_brand","embeddable":true,"href":"https:\/\/boreait.com\/hu\/wp-json\/wp\/v2\/product_brand?post=10051"},{"taxonomy":"product_cat","embeddable":true,"href":"https:\/\/boreait.com\/hu\/wp-json\/wp\/v2\/product_cat?post=10051"},{"taxonomy":"product_tag","embeddable":true,"href":"https:\/\/boreait.com\/hu\/wp-json\/wp\/v2\/product_tag?post=10051"}],"curies":[{"name":"wp","href":"https:\/\/api.w.org\/{rel}","templated":true}]}}