{"id":10050,"date":"2025-09-17T12:46:28","date_gmt":"2025-09-17T10:46:28","guid":{"rendered":"https:\/\/boreait.com\/hu\/?post_type=product&#038;p=10050"},"modified":"2025-09-17T12:46:33","modified_gmt":"2025-09-17T10:46:33","slug":"lp156wfg-sp-f2-lcd-156-fhd-144hz-ips-matt-edp-40-tus-szalaggal-uj","status":"publish","type":"product","link":"https:\/\/boreait.com\/hu\/termek\/lp156wfg-sp-f2-lcd-156-fhd-144hz-ips-matt-edp-40-tus-szalaggal-uj\/","title":{"rendered":"LP156WFG (SP) (F2) LCD 15,6&#8243; FHD 144Hz IPS matt eDP 40 t\u0171s szalaggal \u00daj"},"content":{"rendered":"<p><strong>T\u00e9nyleges LCD-k\u00e9perny\u0151s modell: n156hra-ea1 REV C1 \/ N156HRA-GAA Rev.c1 \/ N156HMA-GA1 REV C2 \u2013 TELJESEN KOMPATIBILIS A LP156WFG (SP) (F2) SPF2 LAPTOP K\u00c9PERNY\u0150VEL<\/strong><\/p>\n<p>Az LP156WFG (SP) (F2) 15,6 h\u00fcvelykes LCD-k\u00e9perny\u0151t \u00fagy tervezt\u00e9k, hogy nagy teljes\u00edtm\u00e9nyt \u00e9s vizu\u00e1lis tisztas\u00e1got biztos\u00edtson laptopja sz\u00e1m\u00e1ra. Full HD (1920&#215;1080) felbont\u00e1s\u00e1nak \u00e9s 144 Hz-es friss\u00edt\u00e9si gyakoris\u00e1g\u00e1nak k\u00f6sz\u00f6nhet\u0151en ez a k\u00e9perny\u0151 g\u00f6rd\u00fcl\u00e9keny l\u00e1tv\u00e1nyt ny\u00fajt, \u00edgy ide\u00e1lis j\u00e1t\u00e9khoz, streaminghez vagy mindennapi haszn\u00e1lathoz. Az IPS technol\u00f3gia minimaliz\u00e1lja az \u00e9l\u00e9nk sz\u00edneket \u00e9s a sz\u00e9les l\u00e1t\u00f3sz\u00f6get. t\u00fckr\u00f6z\u0151d\u00e9sek, k\u00e9nyelmes megtekint\u00e9st biztos\u00edtva k\u00fcl\u00f6nf\u00e9le f\u00e9nyviszonyok k\u00f6z\u00f6tt.<\/p>\n<p>Ez a k\u00e9perny\u0151 40 t\u0171s eDP interf\u00e9szen kereszt\u00fcl csatlakozik, \u00edgy megb\u00edzhat\u00f3 \u00e9s stabil kapcsolatot biztos\u00edt. A csomag k\u00e9toldalas \u00f6ntapad\u00f3 szalagot tartalmaz az egyszer\u0171 telep\u00edt\u00e9s \u00e9rdek\u00e9ben, amely lehet\u0151v\u00e9 teszi a k\u00e9perny\u0151 cser\u00e9j\u00e9t vagy friss\u00edt\u00e9s\u00e9t minim\u00e1lis er\u0151fesz\u00edt\u00e9ssel. K\u00e9rj\u00fck, vegye figyelembe, hogy ez a k\u00e9perny\u0151 fels\u0151 \u00e9s als\u00f3 konzolok n\u00e9lk\u00fcl kaphat\u00f3, \u00edgy kompatibilis bizonyos modellekkel, amelyekhez nincs sz\u00fcks\u00e9g tart\u00f3elemekre.<\/p>\n<p>\u00c1llapot: vadonat\u00faj, olyan term\u00e9ket k\u00edn\u00e1lunk, amely k\u00e9szen \u00e1ll a cs\u00facsteljes\u00edtm\u00e9ny ny\u00fajt\u00e1s\u00e1ra.<\/p>\n","protected":false},"excerpt":{"rendered":"<p>B\u0151v\u00edtse laptopj\u00e1t az LP156WFG (SP) (F2) 15,6 h\u00fcvelykes LCD-k\u00e9perny\u0151vel. FHD felbont\u00e1ssal, 144 Hz-es friss\u00edt\u00e9si gyakoris\u00e1ggal \u00e9s IPS technol\u00f3gi\u00e1val \u00e9les \u00e9s sima megjelen\u00edt\u00e9st \u00e9lvezhet. A matt fel\u00fclet cs\u00f6kkenti a t\u00fckr\u00f6z\u0151d\u00e9st, a k\u00e9toldalas \u00f6ntapad\u00f3 szalag pedig az egyszer\u0171 telep\u00edt\u00e9s \u00e9rdek\u00e9ben. \u00c1llapot: \u00daj.<\/p>\n","protected":false},"featured_media":10067,"template":"","meta":[],"product_brand":[],"product_cat":[81,71],"product_tag":[],"class_list":{"0":"post-10050","1":"product","2":"type-product","3":"status-publish","4":"has-post-thumbnail","6":"product_cat-15-6-new-laptop-screens-lcd-panels","7":"product_cat-new-laptop-screens-lcd-panels","9":"first","10":"instock","11":"taxable","12":"shipping-taxable","13":"purchasable","14":"product-type-simple"},"_links":{"self":[{"href":"https:\/\/boreait.com\/hu\/wp-json\/wp\/v2\/product\/10050","targetHints":{"allow":["GET"]}}],"collection":[{"href":"https:\/\/boreait.com\/hu\/wp-json\/wp\/v2\/product"}],"about":[{"href":"https:\/\/boreait.com\/hu\/wp-json\/wp\/v2\/types\/product"}],"wp:featuredmedia":[{"embeddable":true,"href":"https:\/\/boreait.com\/hu\/wp-json\/wp\/v2\/media\/10067"}],"wp:attachment":[{"href":"https:\/\/boreait.com\/hu\/wp-json\/wp\/v2\/media?parent=10050"}],"wp:term":[{"taxonomy":"product_brand","embeddable":true,"href":"https:\/\/boreait.com\/hu\/wp-json\/wp\/v2\/product_brand?post=10050"},{"taxonomy":"product_cat","embeddable":true,"href":"https:\/\/boreait.com\/hu\/wp-json\/wp\/v2\/product_cat?post=10050"},{"taxonomy":"product_tag","embeddable":true,"href":"https:\/\/boreait.com\/hu\/wp-json\/wp\/v2\/product_tag?post=10050"}],"curies":[{"name":"wp","href":"https:\/\/api.w.org\/{rel}","templated":true}]}}