{"id":10048,"date":"2025-09-17T12:46:27","date_gmt":"2025-09-17T10:46:27","guid":{"rendered":"https:\/\/boreait.com\/hu\/?post_type=product&#038;p=10048"},"modified":"2025-09-17T12:46:33","modified_gmt":"2025-09-17T10:46:33","slug":"n156hra-gaa-lcd-156-144-hz-matt-fhd-ips-edp-40-tus-ragasztoszalaggal-uj","status":"publish","type":"product","link":"https:\/\/boreait.com\/hu\/termek\/n156hra-gaa-lcd-156-144-hz-matt-fhd-ips-edp-40-tus-ragasztoszalaggal-uj\/","title":{"rendered":"N156HRA-GAA LCD 15,6&#8243; 144 Hz matt FHD IPS eDP 40 t\u0171s ragaszt\u00f3szalaggal \u00daj"},"content":{"rendered":"<p><strong>T\u00e9nyleges LCD-k\u00e9perny\u0151s modell: n156hra-ea1 REV C1 \/ N156HRA-GAA Rev.c1 \/ N156HMA-GA1 REV C2 \u2013 TELJESEN KOMPATIBILIS AZ N156HME-GAK LAPTOP K\u00c9PERNY\u0150VEL<\/strong><\/p>\n<p>Fokozza laptopja kijelz\u0151j\u00e9t az N156HRA-GAA 15,6 h\u00fcvelykes LCD-k\u00e9perny\u0151vel, amelyet \u00fagy terveztek, hogy rendk\u00edv\u00fcli tisztas\u00e1got \u00e9s egyenletes teljes\u00edtm\u00e9nyt biztos\u00edtson. Ez a k\u00e9perny\u0151 Full HD (1920&#215;1080) felbont\u00e1ssal b\u00fcszk\u00e9lkedhet, \u00edgy minden r\u00e9szlet \u00e9les \u00e9s tiszta. A 144 Hz-es friss\u00edt\u00e9si frekvenci\u00e1val rendk\u00edv\u00fcl sima, sima j\u00e1t\u00e9k- \u00e9s egy\u00e9b vizu\u00e1lis feladatokhoz ide\u00e1lis szerkeszt\u00e9si, szerkeszt\u00e9si feladatokat fog tapasztalni.<\/p>\n<p>Az IPS technol\u00f3gia pontos sz\u00ednvisszaad\u00e1st \u00e9s sz\u00e9les betekint\u00e9si sz\u00f6geket biztos\u00edt, m\u00edg a matt fel\u00fclet cs\u00f6kkenti a t\u00fckr\u00f6z\u0151d\u00e9st, \u00edgy t\u00f6k\u00e9letes a k\u00fcl\u00f6nf\u00e9le megvil\u00e1g\u00edt\u00e1si k\u00f6rnyezetekben val\u00f3 haszn\u00e1latra. A 40 t\u0171s eDP csatlakoz\u00f3 megb\u00edzhat\u00f3 \u00e9s hat\u00e9kony csatlakoz\u00e1st biztos\u00edt, a mell\u00e9kelt k\u00e9toldalas \u00f6ntapad\u00f3 szalag pedig gyors \u00e9s egyszer\u0171 telep\u00edt\u00e9st tesz lehet\u0151v\u00e9.<\/p>\n<p>K\u00e9rj\u00fck, vegye figyelembe, hogy ez az LCD-k\u00e9perny\u0151 fels\u0151 \u00e9s als\u00f3 konzolok n\u00e9lk\u00fcl kaphat\u00f3. Teljesen \u00faj \u00e1llapot\u00fa, \u00edgy hib\u00e1tlan, beszerel\u00e9sre k\u00e9sz term\u00e9ket kap.<\/p>\n","protected":false},"excerpt":{"rendered":"<p>Friss\u00edtse laptopj\u00e1nak kijelz\u0151j\u00e9t az N156HRA-GAA 15,6&#8243;-es LCD-k\u00e9perny\u0151vel. FHD felbont\u00e1ssal, 144 Hz-es friss\u00edt\u00e9si gyakoris\u00e1ggal, IPS technol\u00f3gi\u00e1val \u00e9s matt fel\u00fclettel, \u00e9l\u00e9nk l\u00e1tv\u00e1nyt \u00e9s egyenletes teljes\u00edtm\u00e9nyt biztos\u00edt. K\u00e9toldalas \u00f6ntapad\u00f3 szalagot tartalmaz a k\u00f6nny\u0171 telep\u00edt\u00e9s \u00e9rdek\u00e9ben. \u00c1llapot: \u00daj.<\/p>\n","protected":false},"featured_media":10067,"template":"","meta":[],"product_brand":[],"product_cat":[81,71],"product_tag":[],"class_list":{"0":"post-10048","1":"product","2":"type-product","3":"status-publish","4":"has-post-thumbnail","6":"product_cat-15-6-new-laptop-screens-lcd-panels","7":"product_cat-new-laptop-screens-lcd-panels","9":"first","10":"instock","11":"taxable","12":"shipping-taxable","13":"purchasable","14":"product-type-simple"},"_links":{"self":[{"href":"https:\/\/boreait.com\/hu\/wp-json\/wp\/v2\/product\/10048","targetHints":{"allow":["GET"]}}],"collection":[{"href":"https:\/\/boreait.com\/hu\/wp-json\/wp\/v2\/product"}],"about":[{"href":"https:\/\/boreait.com\/hu\/wp-json\/wp\/v2\/types\/product"}],"wp:featuredmedia":[{"embeddable":true,"href":"https:\/\/boreait.com\/hu\/wp-json\/wp\/v2\/media\/10067"}],"wp:attachment":[{"href":"https:\/\/boreait.com\/hu\/wp-json\/wp\/v2\/media?parent=10048"}],"wp:term":[{"taxonomy":"product_brand","embeddable":true,"href":"https:\/\/boreait.com\/hu\/wp-json\/wp\/v2\/product_brand?post=10048"},{"taxonomy":"product_cat","embeddable":true,"href":"https:\/\/boreait.com\/hu\/wp-json\/wp\/v2\/product_cat?post=10048"},{"taxonomy":"product_tag","embeddable":true,"href":"https:\/\/boreait.com\/hu\/wp-json\/wp\/v2\/product_tag?post=10048"}],"curies":[{"name":"wp","href":"https:\/\/api.w.org\/{rel}","templated":true}]}}