{"id":10047,"date":"2025-09-17T12:46:27","date_gmt":"2025-09-17T10:46:27","guid":{"rendered":"https:\/\/boreait.com\/hu\/?post_type=product&#038;p=10047"},"modified":"2025-09-17T12:46:33","modified_gmt":"2025-09-17T10:46:33","slug":"n156hra-ea1-rev-c1-156-lcd-kepernyo-fhd-144hz-ips-matt-40-tus-szalaggal-uj","status":"publish","type":"product","link":"https:\/\/boreait.com\/hu\/termek\/n156hra-ea1-rev-c1-156-lcd-kepernyo-fhd-144hz-ips-matt-40-tus-szalaggal-uj\/","title":{"rendered":"N156HRA-EA1 REV C1 15,6&#8243; LCD k\u00e9perny\u0151 FHD 144Hz IPS matt 40 t\u0171s szalaggal \u00daj"},"content":{"rendered":"<p><strong>T\u00e9nyleges LCD-k\u00e9perny\u0151s modell: n156hra-ea1 REV C1 \/ N156HRA-GAA Rev.c1 \/ N156HMA-GA1 REV C2<\/strong><\/p>\n<p>Friss\u00edtse laptopja kijelz\u0151j\u00e9t az N156HRA-EA1 REV C1 15,6 h\u00fcvelykes LCD-k\u00e9perny\u0151vel, amelyet kiemelked\u0151 teljes\u00edtm\u00e9nyre \u00e9s \u00e9l\u00e9nk vizu\u00e1lis min\u0151s\u00e9gre terveztek. Ez a k\u00e9perny\u0151 Full HD (1920&#215;1080) felbont\u00e1st \u00e9s magas, 144 Hz-es friss\u00edt\u00e9si gyakoris\u00e1got k\u00edn\u00e1l, egyenletes \u00e9s g\u00f6rd\u00fcl\u00e9keny l\u00e1tv\u00e1nyt biztos\u00edt, amely ide\u00e1lis a j\u00e1t\u00e9kokhoz, a tervez\u00e9shez \u00e9s a sz\u00e9les l\u00e1t\u00f3sz\u00f6g\u0171 technol\u00f3gi\u00e1hoz, valamint a mindennapi haszn\u00e1lathoz. a matt fel\u00fclet cs\u00f6kkenti a t\u00fckr\u00f6z\u0151d\u00e9st, \u00edgy alkalmas k\u00fcl\u00f6nf\u00e9le f\u00e9nyviszonyokhoz.<\/p>\n<p>Ez az LCD-k\u00e9perny\u0151 40 t\u0171s eDP-csatlakoz\u00f3val van felszerelve, amely biztons\u00e1gos \u00e9s megb\u00edzhat\u00f3 kapcsolatot biztos\u00edt az eszk\u00f6zzel. A csomag k\u00e9toldalas \u00f6ntapad\u00f3 szalagot tartalmaz, \u00edgy a telep\u00edt\u00e9s egyszer\u0171 \u00e9s probl\u00e9mamentes.<\/p>\n<p>K\u00e9rj\u00fck, vegye figyelembe, hogy ez a k\u00e9perny\u0151 nem tartalmaz fels\u0151 \u00e9s als\u00f3 z\u00e1r\u00f3jeleket. Teljesen \u00fajszer\u0171 \u00e1llapotban van, \u00edgy hib\u00e1tlan, azonnali beszerel\u00e9sre k\u00e9sz term\u00e9ket kap.<\/p>\n","protected":false},"excerpt":{"rendered":"<p>Fejlessze laptopj\u00e1t az N156HRA-EA1 REV C1 15,6&#8243;-es LCD-k\u00e9perny\u0151vel. FHD IPS-min\u0151s\u00e9ggel, 144 Hz-es friss\u00edt\u00e9si gyakoris\u00e1ggal, matt fel\u00fclettel \u00e9s eDP 40 t\u0171s csatlakoz\u00e1ssal. K\u00e9toldalas \u00f6ntapad\u00f3 szalag mell\u00e9kelve. \u00c1llapot: \u00daj.<\/p>\n","protected":false},"featured_media":10067,"template":"","meta":[],"product_brand":[],"product_cat":[81,71],"product_tag":[],"class_list":{"0":"post-10047","1":"product","2":"type-product","3":"status-publish","4":"has-post-thumbnail","6":"product_cat-15-6-new-laptop-screens-lcd-panels","7":"product_cat-new-laptop-screens-lcd-panels","9":"first","10":"instock","11":"taxable","12":"shipping-taxable","13":"purchasable","14":"product-type-simple"},"_links":{"self":[{"href":"https:\/\/boreait.com\/hu\/wp-json\/wp\/v2\/product\/10047","targetHints":{"allow":["GET"]}}],"collection":[{"href":"https:\/\/boreait.com\/hu\/wp-json\/wp\/v2\/product"}],"about":[{"href":"https:\/\/boreait.com\/hu\/wp-json\/wp\/v2\/types\/product"}],"wp:featuredmedia":[{"embeddable":true,"href":"https:\/\/boreait.com\/hu\/wp-json\/wp\/v2\/media\/10067"}],"wp:attachment":[{"href":"https:\/\/boreait.com\/hu\/wp-json\/wp\/v2\/media?parent=10047"}],"wp:term":[{"taxonomy":"product_brand","embeddable":true,"href":"https:\/\/boreait.com\/hu\/wp-json\/wp\/v2\/product_brand?post=10047"},{"taxonomy":"product_cat","embeddable":true,"href":"https:\/\/boreait.com\/hu\/wp-json\/wp\/v2\/product_cat?post=10047"},{"taxonomy":"product_tag","embeddable":true,"href":"https:\/\/boreait.com\/hu\/wp-json\/wp\/v2\/product_tag?post=10047"}],"curies":[{"name":"wp","href":"https:\/\/api.w.org\/{rel}","templated":true}]}}