{"id":10046,"date":"2025-09-17T12:46:27","date_gmt":"2025-09-17T10:46:27","guid":{"rendered":"https:\/\/boreait.com\/hu\/?post_type=product&#038;p=10046"},"modified":"2025-09-17T12:46:32","modified_gmt":"2025-09-17T10:46:32","slug":"hp-victus-16-s0000-lcd-161-fhd-144hz-matt-40-tus-ragasztoszalaggal-uj","status":"publish","type":"product","link":"https:\/\/boreait.com\/hu\/termek\/hp-victus-16-s0000-lcd-161-fhd-144hz-matt-40-tus-ragasztoszalaggal-uj\/","title":{"rendered":"HP Victus 16-S0000 LCD 16,1&#8243; FHD 144Hz matt 40 t\u0171s ragaszt\u00f3szalaggal \u00daj"},"content":{"rendered":"<p><strong>T\u00e9nyleges LCD-k\u00e9perny\u0151s modell: N161hma-gak REV. C3 vagy n161hca-ga1 REV C.1 \u2013 TELJESEN KOMPATIBILIS A Victus HP 16-S0000 SOROZAT ALKALMAZOTT LAPTOP K\u00c9PERNY\u0150VEL<\/strong><\/p>\n<p>Fokozza HP Victus 16-S0000 sorozat\u00fa laptopja vizu\u00e1lis teljes\u00edtm\u00e9ny\u00e9t ezzel a 16,1&#8243;-es FHD LCD-k\u00e9perny\u0151vel. A sima \u00e9s \u00e9l\u00e9nk vizu\u00e1lis megjelen\u00edt\u00e9sre tervezett k\u00e9perny\u0151 t\u00e1mogatja a 144 Hz-es friss\u00edt\u00e9si frekvenci\u00e1t, \u00edgy t\u00f6k\u00e9letes a j\u00e1t\u00e9kokhoz \u00e9s a gyors temp\u00f3j\u00fa m\u00e9di\u00e1hoz. Full HD felbont\u00e1s\u00e1val (1920&#215;1080), mik\u00f6zben \u00e9les \u00e9s 2080 k\u00e9ppontos k\u00e9pet biztos\u00edt, j\u00f3l megvil\u00e1g\u00edtott kijelz\u0151 k\u00fcl\u00f6nf\u00e9le f\u00e9nyviszonyok mellett is.<\/p>\n<p>A matt fel\u00fclet cs\u00f6kkenti a t\u00fckr\u00f6z\u0151d\u00e9st, \u00e9s k\u00e9nyelmes megtekint\u00e9si \u00e9lm\u00e9nyt biztos\u00edt, ak\u00e1r dolgozik, b\u00f6ng\u00e9szik vagy j\u00e1tszik. Ez a k\u00e9perny\u0151 40 t\u0171s csatlakoz\u00f3val rendelkezik a biztons\u00e1gos \u00e9s stabil csatlakoz\u00e1s \u00e9rdek\u00e9ben. Ezenk\u00edv\u00fcl a csomag k\u00e9toldalas \u00f6ntapad\u00f3 szalagot is tartalmaz, amely egyszer\u0171v\u00e9 teszi a telep\u00edt\u00e9si folyamatot.<\/p>\n<p>K\u00e9rj\u00fck, vegye figyelembe, hogy ehhez a k\u00e9perny\u0151h\u00f6z nem tartozik fels\u0151 \u00e9s als\u00f3 z\u00e1r\u00f3jel. Teljesen \u00faj \u00e1llapot\u00fa, \u00edgy kiv\u00e1l\u00f3 min\u0151s\u00e9g\u0171, hibamentes, haszn\u00e1latra k\u00e9sz term\u00e9ket kap.<\/p>\n","protected":false},"excerpt":{"rendered":"<p>B\u0151v\u00edtse HP Victus 16-S0000 sorozat\u00fa laptopj\u00e1t egy 16,1&#8243;-es FHD 144 Hz-es matt LCD-k\u00e9perny\u0151vel. Ez a nagy teljes\u00edtm\u00e9ny\u0171 k\u00e9perny\u0151 40 t\u0171s csatlakoz\u00e1ssal, 250 nites f\u00e9nyer\u0151vel \u00e9s k\u00e9toldalas \u00f6ntapad\u00f3 szalaggal rendelkezik az egyszer\u0171 telep\u00edt\u00e9s \u00e9rdek\u00e9ben. \u00c1llapot: \u00daj.<\/p>\n","protected":false},"featured_media":10036,"template":"","meta":[],"product_brand":[],"product_cat":[83,71],"product_tag":[],"class_list":{"0":"post-10046","1":"product","2":"type-product","3":"status-publish","4":"has-post-thumbnail","6":"product_cat-16-1","7":"product_cat-new-laptop-screens-lcd-panels","9":"first","10":"instock","11":"taxable","12":"shipping-taxable","13":"purchasable","14":"product-type-simple"},"_links":{"self":[{"href":"https:\/\/boreait.com\/hu\/wp-json\/wp\/v2\/product\/10046","targetHints":{"allow":["GET"]}}],"collection":[{"href":"https:\/\/boreait.com\/hu\/wp-json\/wp\/v2\/product"}],"about":[{"href":"https:\/\/boreait.com\/hu\/wp-json\/wp\/v2\/types\/product"}],"wp:featuredmedia":[{"embeddable":true,"href":"https:\/\/boreait.com\/hu\/wp-json\/wp\/v2\/media\/10036"}],"wp:attachment":[{"href":"https:\/\/boreait.com\/hu\/wp-json\/wp\/v2\/media?parent=10046"}],"wp:term":[{"taxonomy":"product_brand","embeddable":true,"href":"https:\/\/boreait.com\/hu\/wp-json\/wp\/v2\/product_brand?post=10046"},{"taxonomy":"product_cat","embeddable":true,"href":"https:\/\/boreait.com\/hu\/wp-json\/wp\/v2\/product_cat?post=10046"},{"taxonomy":"product_tag","embeddable":true,"href":"https:\/\/boreait.com\/hu\/wp-json\/wp\/v2\/product_tag?post=10046"}],"curies":[{"name":"wp","href":"https:\/\/api.w.org\/{rel}","templated":true}]}}