{"id":10044,"date":"2025-09-17T12:46:27","date_gmt":"2025-09-17T10:46:27","guid":{"rendered":"https:\/\/boreait.com\/hu\/?post_type=product&#038;p=10044"},"modified":"2025-09-17T12:46:31","modified_gmt":"2025-09-17T10:46:31","slug":"hp-victus-16-e1797nr-161-fhd-144hz-matt-lcd-kepernyo-40-tus-szalaggal-uj","status":"publish","type":"product","link":"https:\/\/boreait.com\/hu\/termek\/hp-victus-16-e1797nr-161-fhd-144hz-matt-lcd-kepernyo-40-tus-szalaggal-uj\/","title":{"rendered":"HP Victus 16-E1797NR 16,1&#8243; FHD 144Hz matt LCD k\u00e9perny\u0151 40 t\u0171s szalaggal \u00daj"},"content":{"rendered":"<p><strong>T\u00e9nyleges LCD-k\u00e9perny\u0151s modell: N161hma-gak REV. C3 vagy n161hca-ga1 REV C.1 \u2013 TELJESEN KOMPATIBILIS A Victus HP 16-E1797NR laptop k\u00e9perny\u0151j\u00e9vel<\/strong><\/p>\n<p>Fokozza j\u00e1t\u00e9k- \u00e9s vizu\u00e1lis \u00e9lm\u00e9ny\u00e9t a HP Victus 16-E1797NR csere LCD-k\u00e9perny\u0151j\u00e9vel. Ez a 16,1 h\u00fcvelykes k\u00e9perny\u0151 Full HD felbont\u00e1st k\u00edn\u00e1l 144 Hz-en, sima \u00e9s \u00e9l\u00e9nk l\u00e1tv\u00e1nyt biztos\u00edtva j\u00e1t\u00e9khoz, streamel\u00e9shez vagy mindennapi haszn\u00e1lathoz. A matt fel\u00fclet\u0171 kijelz\u0151 cs\u00f6kkenti a t\u00fckr\u00f6z\u0151d\u00e9st \u00e9s a t\u00fckr\u00f6z\u0151d\u00e9st, \u00edgy t\u00f6k\u00e9letes a k\u00fcl\u00f6nb\u00f6z\u0151 f\u00e9nyviszonyokhoz. A k\u00e9perny\u0151 250 nites f\u00e9nyer\u0151vel is rendelkezik, \u00edgy m\u00e9g j\u00f3l megvil\u00e1g\u00edtott k\u00f6rnyezetben is tiszta l\u00e1that\u00f3s\u00e1got biztos\u00edt.<\/p>\n<p>A 40 t\u0171s csatlakoz\u00f3 biztons\u00e1gos \u00e9s megb\u00edzhat\u00f3 csatlakoz\u00e1st biztos\u00edt laptopj\u00e1hoz, a mell\u00e9kelt k\u00e9toldalas \u00f6ntapad\u00f3 szalag pedig leegyszer\u0171s\u00edti a telep\u00edt\u00e9si folyamatot. Ez a csere LCD-k\u00e9perny\u0151 nagyszer\u0171 v\u00e1laszt\u00e1s azok sz\u00e1m\u00e1ra, akik szeretn\u00e9k helyre\u00e1ll\u00edtani vagy friss\u00edteni HP Victus 16-E1797NR k\u00e9sz\u00fcl\u00e9k\u00fcket, amely kiv\u00e1l\u00f3 min\u0151s\u00e9get \u00e9s teljes\u00edtm\u00e9nyt ny\u00fajt kiv\u00e1l\u00f3 \u00e1ron.<\/p>\n<p>K\u00e9rj\u00fck, vegye figyelembe, hogy ez a k\u00e9perny\u0151 fels\u0151 \u00e9s als\u00f3 konzolok n\u00e9lk\u00fcl \u00e9rkezik, \u00e9s teljesen \u00faj \u00e1llapotban van, garant\u00e1lva a friss \u00e9s hib\u00e1tlan term\u00e9ket.<\/p>\n","protected":false},"excerpt":{"rendered":"<p>Friss\u00edtse HP Victus 16-E1797NR k\u00e9sz\u00fcl\u00e9k\u00e9t egy \u00faj, 16,1&#8243;-es FHD 144 Hz-es LCD-k\u00e9perny\u0151vel. Ez a matt kijelz\u0151 250 nites f\u00e9nyer\u0151vel \u00e9s 40 t\u0171s csatlakoz\u00f3val sima l\u00e1tv\u00e1nyt \u00e9s \u00e9les r\u00e9szleteket biztos\u00edt. A mell\u00e9kelt k\u00e9toldalas \u00f6ntapad\u00f3 szalag az egyszer\u0171 telep\u00edt\u00e9s \u00e9rdek\u00e9ben. \u00c1llapot: \u00daj.<\/p>\n","protected":false},"featured_media":10036,"template":"","meta":[],"product_brand":[],"product_cat":[83,71],"product_tag":[],"class_list":{"0":"post-10044","1":"product","2":"type-product","3":"status-publish","4":"has-post-thumbnail","6":"product_cat-16-1","7":"product_cat-new-laptop-screens-lcd-panels","9":"first","10":"instock","11":"taxable","12":"shipping-taxable","13":"purchasable","14":"product-type-simple"},"_links":{"self":[{"href":"https:\/\/boreait.com\/hu\/wp-json\/wp\/v2\/product\/10044","targetHints":{"allow":["GET"]}}],"collection":[{"href":"https:\/\/boreait.com\/hu\/wp-json\/wp\/v2\/product"}],"about":[{"href":"https:\/\/boreait.com\/hu\/wp-json\/wp\/v2\/types\/product"}],"wp:featuredmedia":[{"embeddable":true,"href":"https:\/\/boreait.com\/hu\/wp-json\/wp\/v2\/media\/10036"}],"wp:attachment":[{"href":"https:\/\/boreait.com\/hu\/wp-json\/wp\/v2\/media?parent=10044"}],"wp:term":[{"taxonomy":"product_brand","embeddable":true,"href":"https:\/\/boreait.com\/hu\/wp-json\/wp\/v2\/product_brand?post=10044"},{"taxonomy":"product_cat","embeddable":true,"href":"https:\/\/boreait.com\/hu\/wp-json\/wp\/v2\/product_cat?post=10044"},{"taxonomy":"product_tag","embeddable":true,"href":"https:\/\/boreait.com\/hu\/wp-json\/wp\/v2\/product_tag?post=10044"}],"curies":[{"name":"wp","href":"https:\/\/api.w.org\/{rel}","templated":true}]}}