{"id":10042,"date":"2025-09-17T12:46:27","date_gmt":"2025-09-17T10:46:27","guid":{"rendered":"https:\/\/boreait.com\/hu\/?post_type=product&#038;p=10042"},"modified":"2025-09-17T12:46:31","modified_gmt":"2025-09-17T10:46:31","slug":"victus-hp-16-e0085cl-lcd-161-fhd-144hz-40-tus-matt-szalaggal-uj","status":"publish","type":"product","link":"https:\/\/boreait.com\/hu\/termek\/victus-hp-16-e0085cl-lcd-161-fhd-144hz-40-tus-matt-szalaggal-uj\/","title":{"rendered":"Victus HP 16-e0085cl LCD 16,1&#8243; FHD 144Hz 40 t\u0171s matt szalaggal \u00daj"},"content":{"rendered":"<p><strong>T\u00e9nyleges LCD-k\u00e9perny\u0151s modell: N161hma-gak REV. C3 vagy n161hca-ga1 REV C.1 \u2013 TELJESEN KOMPATIBILIS A Victus HP 16-e0085cl 16-e0085cl laptop k\u00e9perny\u0151j\u00e9vel<\/strong><\/p>\n<p>Fokozza a HP Victus 16-e0085cl j\u00e1t\u00e9k\u00e9lm\u00e9nyt ezzel a kiv\u00e1l\u00f3 min\u0151s\u00e9g\u0171 16,1&#8243;-es LCD-k\u00e9perny\u0151vel. A kifejezetten ehhez a modellhez tervezett k\u00e9perny\u0151 Full HD (1920&#215;1080) felbont\u00e1st \u00e9s 144 Hz-es friss\u00edt\u00e9si frekvenci\u00e1t k\u00edn\u00e1l, \u00edgy sima, \u00e9les l\u00e1tv\u00e1nyt ny\u00fajt a mag\u00e1val ragad\u00f3 j\u00e1t\u00e9k\u00e9lm\u00e9ny \u00e9rdek\u00e9ben. A matt fel\u00fclet minim\u00e1lisra cs\u00f6kkenti a t\u00fckr\u00f6z\u0151d\u00e9st \u00e9s a t\u00fckr\u00f6z\u0151d\u00e9st, k\u00e9nyelmes megtekint\u00e9si \u00e9lm\u00e9nyt biztos\u00edtva.<\/p>\n<p>Ez az LCD-k\u00e9perny\u0151 40 t\u0171s csatlakoz\u00f3val rendelkezik a biztons\u00e1gos \u00e9s megb\u00edzhat\u00f3 csatlakoz\u00e1s \u00e9rdek\u00e9ben. Tartalmaz k\u00e9toldalas \u00f6ntapad\u00f3 szalagot az egyszer\u0171 felhelyez\u00e9s \u00e9rdek\u00e9ben, amely biztos\u00edtja a t\u00f6k\u00e9letes illeszked\u00e9st an\u00e9lk\u00fcl, hogy fels\u0151 \u00e9s als\u00f3 konzolra lenne sz\u00fcks\u00e9g. Ak\u00e1r egy s\u00e9r\u00fclt k\u00e9perny\u0151t cser\u00e9l, ak\u00e1r a jobb teljes\u00edtm\u00e9ny \u00e9rdek\u00e9ben friss\u00edt, ez a kijelz\u0151 a t\u00f6k\u00e9letes v\u00e1laszt\u00e1s.<\/p>\n<p>A k\u00e9perny\u0151 teljesen \u00faj \u00e1llapotban van, \u00edgy hibamentes term\u00e9ket kap, amely k\u00e9szen \u00e1ll laptopja megjelen\u00edt\u00e9si k\u00e9pess\u00e9geinek jav\u00edt\u00e1s\u00e1ra.<\/p>\n","protected":false},"excerpt":{"rendered":"<p>B\u0151v\u00edtse HP Victus 16-e0085cl k\u00e9sz\u00fcl\u00e9k\u00e9t egy \u00faj, 16,1&#8243;-es FHD 144 Hz-es LCD-k\u00e9perny\u0151vel. Matt fel\u00fclettel \u00e9s 250 nites f\u00e9nyer\u0151vel rendelkez\u0151 40 t\u0171s kijelz\u0151 \u00e9l\u00e9nk l\u00e1tv\u00e1nyt biztos\u00edt cs\u00f6kkentett t\u00fckr\u00f6z\u0151d\u00e9s mellett. K\u00e9toldalas \u00f6ntapad\u00f3 szalagot tartalmaz az egyszer\u0171 telep\u00edt\u00e9s \u00e9rdek\u00e9ben. \u00c1llapot: \u00daj.<\/p>\n","protected":false},"featured_media":10036,"template":"","meta":[],"product_brand":[],"product_cat":[83,71],"product_tag":[],"class_list":{"0":"post-10042","1":"product","2":"type-product","3":"status-publish","4":"has-post-thumbnail","6":"product_cat-16-1","7":"product_cat-new-laptop-screens-lcd-panels","9":"first","10":"instock","11":"taxable","12":"shipping-taxable","13":"purchasable","14":"product-type-simple"},"_links":{"self":[{"href":"https:\/\/boreait.com\/hu\/wp-json\/wp\/v2\/product\/10042","targetHints":{"allow":["GET"]}}],"collection":[{"href":"https:\/\/boreait.com\/hu\/wp-json\/wp\/v2\/product"}],"about":[{"href":"https:\/\/boreait.com\/hu\/wp-json\/wp\/v2\/types\/product"}],"wp:featuredmedia":[{"embeddable":true,"href":"https:\/\/boreait.com\/hu\/wp-json\/wp\/v2\/media\/10036"}],"wp:attachment":[{"href":"https:\/\/boreait.com\/hu\/wp-json\/wp\/v2\/media?parent=10042"}],"wp:term":[{"taxonomy":"product_brand","embeddable":true,"href":"https:\/\/boreait.com\/hu\/wp-json\/wp\/v2\/product_brand?post=10042"},{"taxonomy":"product_cat","embeddable":true,"href":"https:\/\/boreait.com\/hu\/wp-json\/wp\/v2\/product_cat?post=10042"},{"taxonomy":"product_tag","embeddable":true,"href":"https:\/\/boreait.com\/hu\/wp-json\/wp\/v2\/product_tag?post=10042"}],"curies":[{"name":"wp","href":"https:\/\/api.w.org\/{rel}","templated":true}]}}