{"id":10041,"date":"2025-09-17T12:46:27","date_gmt":"2025-09-17T10:46:27","guid":{"rendered":"https:\/\/boreait.com\/hu\/?post_type=product&#038;p=10041"},"modified":"2025-09-17T12:46:31","modified_gmt":"2025-09-17T10:46:31","slug":"hp-victus-161-lcd-fhd-144hz-40-tus-matt-ragasztoszalaggal-uj","status":"publish","type":"product","link":"https:\/\/boreait.com\/hu\/termek\/hp-victus-161-lcd-fhd-144hz-40-tus-matt-ragasztoszalaggal-uj\/","title":{"rendered":"HP Victus 16,1&#8243; LCD FHD 144Hz 40 t\u0171s matt ragaszt\u00f3szalaggal \u00daj"},"content":{"rendered":"<p><strong>T\u00e9nyleges LCD-k\u00e9perny\u0151s modell: N161hma-gak REV. C3 vagy n161hca-ga1 REV C.1 \u2013 TELJESEN KOMPATIBILIS A Victus HP 16-e0019na 16-E0914NG laptop k\u00e9perny\u0151j\u00e9vel<\/strong><\/p>\n<p>Fokozza j\u00e1t\u00e9k- vagy napi sz\u00e1m\u00edt\u00e1stechnikai \u00e9lm\u00e9ny\u00e9t ezzel a nagy teljes\u00edtm\u00e9ny\u0171 LCD-k\u00e9perny\u0151vel, amelyet kifejezetten a HP Victus 16-e0019na \u00e9s 16-E0914NG modellekhez terveztek. A 16,1 h\u00fcvelykes Full HD (1920&#215;1080) kijelz\u0151vel \u00e9s 144 Hz-es friss\u00edt\u00e9si gyakoris\u00e1ggal ez a k\u00e9perny\u0151 egyenletes, \u00e9les \u00e9s \u00e9l\u00e9nk l\u00e1tv\u00e1nyt ny\u00fajt, \u00edgy t\u00f6k\u00e9letes j\u00e1t\u00e9khoz, vide\u00f3szerkeszt\u00e9shez \u00e9s sok m\u00e1shoz. A matt fel\u00fclet minim\u00e1lisra cs\u00f6kkenti a t\u00fckr\u00f6z\u0151d\u00e9st, \u00edgy m\u00e9g vil\u00e1gos k\u00f6rnyezetben is tiszta l\u00e1that\u00f3s\u00e1got biztos\u00edt.<\/p>\n<p>Ez a k\u00e9perny\u0151 40 t\u0171s csatlakoz\u00f3val rendelkezik, amely biztons\u00e1gos \u00e9s megb\u00edzhat\u00f3 kapcsolatot biztos\u00edt az eszk\u00f6zzel. A felszerel\u00e9st a mell\u00e9kelt k\u00e9toldalas \u00f6ntapad\u00f3 szalag teszi egyszer\u0171v\u00e9. Ak\u00e1r egy s\u00e9r\u00fclt k\u00e9perny\u0151t cser\u00e9l, ak\u00e1r a nagyobb teljes\u00edtm\u00e9ny \u00e9rdek\u00e9ben friss\u00edt, ez az LCD-k\u00e9perny\u0151 ide\u00e1lis v\u00e1laszt\u00e1s.<\/p>\n<p>K\u00e9rj\u00fck, vegye figyelembe, hogy ez a k\u00e9perny\u0151 nem tartalmaz fels\u0151 \u00e9s als\u00f3 z\u00e1r\u00f3jeleket. A term\u00e9k vadonat\u00faj, \u00edgy egy hib\u00e1tlan \u00e9s teljesen m\u0171k\u00f6d\u0151k\u00e9pes k\u00e9perny\u0151t kap, amely k\u00e9szen \u00e1ll a telep\u00edt\u00e9sre.<\/p>\n","protected":false},"excerpt":{"rendered":"<p>B\u0151v\u00edtse HP Victus k\u00e9sz\u00fcl\u00e9k\u00e9t egy 16,1&#8243;-es LCD-k\u00e9perny\u0151vel. FHD 144 Hz-es friss\u00edt\u00e9si gyakoris\u00e1ggal, 40 t\u0171s csatlakoz\u00e1ssal \u00e9s matt fel\u00fclettel ez a k\u00e9perny\u0151 leny\u0171g\u00f6z\u0151 l\u00e1tv\u00e1nyt ny\u00fajt. K\u00e9toldalas \u00f6ntapad\u00f3 szalagot tartalmaz az egyszer\u0171 telep\u00edt\u00e9s \u00e9rdek\u00e9ben. \u00c1llapot: \u00daj.<\/p>\n","protected":false},"featured_media":10036,"template":"","meta":[],"product_brand":[],"product_cat":[83,71],"product_tag":[],"class_list":{"0":"post-10041","1":"product","2":"type-product","3":"status-publish","4":"has-post-thumbnail","6":"product_cat-16-1","7":"product_cat-new-laptop-screens-lcd-panels","9":"first","10":"instock","11":"taxable","12":"shipping-taxable","13":"purchasable","14":"product-type-simple"},"_links":{"self":[{"href":"https:\/\/boreait.com\/hu\/wp-json\/wp\/v2\/product\/10041","targetHints":{"allow":["GET"]}}],"collection":[{"href":"https:\/\/boreait.com\/hu\/wp-json\/wp\/v2\/product"}],"about":[{"href":"https:\/\/boreait.com\/hu\/wp-json\/wp\/v2\/types\/product"}],"wp:featuredmedia":[{"embeddable":true,"href":"https:\/\/boreait.com\/hu\/wp-json\/wp\/v2\/media\/10036"}],"wp:attachment":[{"href":"https:\/\/boreait.com\/hu\/wp-json\/wp\/v2\/media?parent=10041"}],"wp:term":[{"taxonomy":"product_brand","embeddable":true,"href":"https:\/\/boreait.com\/hu\/wp-json\/wp\/v2\/product_brand?post=10041"},{"taxonomy":"product_cat","embeddable":true,"href":"https:\/\/boreait.com\/hu\/wp-json\/wp\/v2\/product_cat?post=10041"},{"taxonomy":"product_tag","embeddable":true,"href":"https:\/\/boreait.com\/hu\/wp-json\/wp\/v2\/product_tag?post=10041"}],"curies":[{"name":"wp","href":"https:\/\/api.w.org\/{rel}","templated":true}]}}