{"id":10039,"date":"2025-09-17T12:46:27","date_gmt":"2025-09-17T10:46:27","guid":{"rendered":"https:\/\/boreait.com\/hu\/?post_type=product&#038;p=10039"},"modified":"2025-09-17T12:46:30","modified_gmt":"2025-09-17T10:46:30","slug":"hp-victus-161-huvelykes-fhd-144-hz-es-matt-lcd-kepernyo-250-nits-40-tus-ragasztoval-uj","status":"publish","type":"product","link":"https:\/\/boreait.com\/hu\/termek\/hp-victus-161-huvelykes-fhd-144-hz-es-matt-lcd-kepernyo-250-nits-40-tus-ragasztoval-uj\/","title":{"rendered":"HP Victus 16,1 h\u00fcvelykes FHD 144 Hz-es matt LCD-k\u00e9perny\u0151, 250 Nits, 40 t\u0171s ragaszt\u00f3val \u00daj"},"content":{"rendered":"<p><strong>T\u00e9nyleges LCD-k\u00e9perny\u0151s modell: N161hma-gak REV. C3 vagy n161hca-ga1 REV C.1 \u2013 TELJESEN KOMPATIBILIS A Victus HP 16-d1111TX 16-d1112TX 16-d1114TX 16-d1121TX 16-d1131TX 16-d1131TX 16-d1131TX 16-d1131TX 16-d1131TX 16-d1131TX 16-d1131TX 16-d1131TX 16-d1111TX 16-d1112TX 16-d1112TX 16-d1112TX laptop k\u00e9perny\u0151j\u00e9vel 16-d1134TX<\/strong><\/p>\n<p>Jav\u00edtsa ki HP Victus laptopja kijelz\u0151j\u00e9t egy pr\u00e9mium 16,1 h\u00fcvelykes LCD-k\u00e9perny\u0151vel, amely kompatibilis a 16-d1111TX, 16-d1112TX, 16-d1114TX, 16-d1121TX, 16-d1131TX, 16-d1132dTX,16-d1132dTX,133, 16-d1134TX Ez a nagy teljes\u00edtm\u00e9ny\u0171 k\u00e9perny\u0151 Full HD felbont\u00e1st (1920&#215;1080) k\u00edn\u00e1l 144 Hz-es friss\u00edt\u00e9si gyakoris\u00e1ggal, \u00edgy biztos\u00edtva a folyamatos mozg\u00e1st \u00e9s az \u00e9les, tiszta l\u00e1tv\u00e1nyt, amely t\u00f6k\u00e9letes j\u00e1t\u00e9khoz, multim\u00e9di\u00e1hoz \u00e9s professzion\u00e1lis haszn\u00e1latra.<\/p>\n<p>A matt fel\u00fclet cs\u00f6kkenti a t\u00fckr\u00f6z\u0151d\u00e9st, megk\u00f6nny\u00edtve a szemet k\u00fcl\u00f6nf\u00e9le f\u00e9nyviszonyok mellett. A 250 nites f\u00e9nyer\u0151nek k\u00f6sz\u00f6nhet\u0151en a kijelz\u0151 \u00e9l\u00e9nk \u00e9s l\u00e1that\u00f3 marad m\u00e9g j\u00f3l megvil\u00e1g\u00edtott k\u00f6rnyezetben is. A 40 t\u0171s csatlakoz\u00f3 biztons\u00e1gos \u00e9s stabil kapcsolatot biztos\u00edt a k\u00e9sz\u00fcl\u00e9kkel.<\/p>\n<p>Ezt a k\u00e9perny\u0151t fels\u0151 \u00e9s als\u00f3 konzolok n\u00e9lk\u00fcl sz\u00e1ll\u00edtjuk, a csomag pedig k\u00e9toldalas \u00f6ntapad\u00f3 szalagot tartalmaz az egyszer\u0171 telep\u00edt\u00e9s \u00e9rdek\u00e9ben. Ak\u00e1r egy s\u00e9r\u00fclt k\u00e9perny\u0151t cser\u00e9l, ak\u00e1r a jobb vizu\u00e1lis \u00e9lm\u00e9ny \u00e9rdek\u00e9ben friss\u00edt, ez az \u00faj LCD-k\u00e9perny\u0151 kiv\u00e1l\u00f3 v\u00e1laszt\u00e1s HP Victus laptopj\u00e1hoz.<\/p>\n","protected":false},"excerpt":{"rendered":"<p>Friss\u00edtse HP Victus k\u00e9sz\u00fcl\u00e9k\u00e9t a 16-d1111TX modellekhez 16-d1134TX-re 16,1 h\u00fcvelykes LCD-k\u00e9perny\u0151vel. Ez a 144 Hz-es FHD-s matt kijelz\u0151 250 nites f\u00e9nyer\u0151vel \u00e9s 40 t\u0171s csatlakoz\u00f3val sima, \u00e9l\u00e9nk l\u00e1tv\u00e1nyt biztos\u00edt. K\u00e9toldalas tapint\u00e1s\u00fa, \u00faj ragaszt\u00f3anyaggal.<\/p>\n","protected":false},"featured_media":10036,"template":"","meta":[],"product_brand":[],"product_cat":[83,71],"product_tag":[],"class_list":{"0":"post-10039","1":"product","2":"type-product","3":"status-publish","4":"has-post-thumbnail","6":"product_cat-16-1","7":"product_cat-new-laptop-screens-lcd-panels","9":"first","10":"instock","11":"taxable","12":"shipping-taxable","13":"purchasable","14":"product-type-simple"},"_links":{"self":[{"href":"https:\/\/boreait.com\/hu\/wp-json\/wp\/v2\/product\/10039","targetHints":{"allow":["GET"]}}],"collection":[{"href":"https:\/\/boreait.com\/hu\/wp-json\/wp\/v2\/product"}],"about":[{"href":"https:\/\/boreait.com\/hu\/wp-json\/wp\/v2\/types\/product"}],"wp:featuredmedia":[{"embeddable":true,"href":"https:\/\/boreait.com\/hu\/wp-json\/wp\/v2\/media\/10036"}],"wp:attachment":[{"href":"https:\/\/boreait.com\/hu\/wp-json\/wp\/v2\/media?parent=10039"}],"wp:term":[{"taxonomy":"product_brand","embeddable":true,"href":"https:\/\/boreait.com\/hu\/wp-json\/wp\/v2\/product_brand?post=10039"},{"taxonomy":"product_cat","embeddable":true,"href":"https:\/\/boreait.com\/hu\/wp-json\/wp\/v2\/product_cat?post=10039"},{"taxonomy":"product_tag","embeddable":true,"href":"https:\/\/boreait.com\/hu\/wp-json\/wp\/v2\/product_tag?post=10039"}],"curies":[{"name":"wp","href":"https:\/\/api.w.org\/{rel}","templated":true}]}}