{"id":10038,"date":"2025-09-17T12:46:26","date_gmt":"2025-09-17T10:46:26","guid":{"rendered":"https:\/\/boreait.com\/hu\/?post_type=product&#038;p=10038"},"modified":"2025-09-17T12:46:30","modified_gmt":"2025-09-17T10:46:30","slug":"lcd-kepernyo-hp-victus-16-d0106tx-161-fhd-144hz-matt-40-tus-uj-szalaggal","status":"publish","type":"product","link":"https:\/\/boreait.com\/hu\/termek\/lcd-kepernyo-hp-victus-16-d0106tx-161-fhd-144hz-matt-40-tus-uj-szalaggal\/","title":{"rendered":"LCD k\u00e9perny\u0151 HP Victus 16-d0106TX 16,1&#8243; FHD 144Hz matt 40 t\u0171s \u00faj szalaggal"},"content":{"rendered":"<p><strong>T\u00e9nyleges LCD-k\u00e9perny\u0151s modell: N161hma-gak REV. C3 vagy n161hca-ga1 REV C.1 \u2013 TELJESEN KOMPATIBILIS A Victus HP 16-d0106TX 16-d0116TX 16-d0183TX 16-d0189TX 16-d0361TX laptop k\u00e9perny\u0151j\u00e9vel<\/strong><\/p>\n<p>Fokozza j\u00e1t\u00e9k- vagy munka\u00e9lm\u00e9ny\u00e9t egy vadonat\u00faj LCD-k\u00e9perny\u0151vel HP Victus 16 sorozat\u00fa laptopj\u00e1hoz. Ezt a 16,1&#8243;-es k\u00e9perny\u0151t kifejezetten a 16-d0106TX, 16-d0116TX, 16-d0183TX, 16-d0189TX \u00e9s 16-d0361TX modellekhez tervezt\u00e9k. Full HD (1920&#215;1080) felbont\u00e1st \u00e9s t\u00f6k\u00e9letes friss\u00edt\u00e9si gyakoris\u00e1got biztos\u00edt a 14,4Hz k\u00e9pfriss\u00edt\u00e9shez, 14,4Hz k\u00e9pfriss\u00edt\u00e9shez. streaming, vagy a mindennapi feladatok.<\/p>\n<p>Az LCD-k\u00e9perny\u0151 matt fel\u00fclete cs\u00f6kkenti a t\u00fckr\u00f6z\u0151d\u00e9st \u00e9s a t\u00fckr\u00f6z\u0151d\u00e9st, \u00edgy vil\u00e1gos k\u00f6rnyezetben is k\u00f6nnyebben l\u00e1that\u00f3. A 250 nites f\u00e9nyer\u0151vel m\u00e9g j\u00f3l megvil\u00e1g\u00edtott helyis\u00e9gekben is \u00e9lvezheti a tiszta, \u00e9l\u00e9nk k\u00e9peket. A 40 t\u0171s csatlakoz\u00f3 stabil \u00e9s megb\u00edzhat\u00f3 csatlakoz\u00e1st biztos\u00edt laptopj\u00e1hoz, a mell\u00e9kelt k\u00e9toldalas \u00f6ntapad\u00f3 szalag pedig egyszer\u0171 telep\u00edt\u00e9st tesz lehet\u0151v\u00e9.<\/p>\n<p>Ez a k\u00e9perny\u0151 fels\u0151 \u00e9s als\u00f3 konzolok n\u00e9lk\u00fcl \u00e9rkezik, \u00edgy a telep\u00edt\u00e9s ut\u00e1n eleg\u00e1ns \u00e9s letisztult megjelen\u00e9st biztos\u00edt. Vadonat\u00faj, \u00e9s garant\u00e1ltan a legjobb teljes\u00edtm\u00e9nyt ny\u00fajtja, kiv\u00e1l\u00f3 min\u0151s\u00e9g\u0171 cser\u00e9t k\u00edn\u00e1l a s\u00e9r\u00fclt vagy elavult kijelz\u0151j\u00e9hez.<\/p>\n","protected":false},"excerpt":{"rendered":"<p>Friss\u00edtse HP Victus 16 sorozat\u00fa laptopj\u00e1t egy \u00faj, 16,1 h\u00fcvelykes FHD 144 Hz-es matt LCD-k\u00e9perny\u0151vel. A 16-d0106TX, 16-d0116TX, 16-d0183TX, 16-d0189TX \u00e9s 16-d0189TX \u00e9s 16-d0361TX modellekhez tervezve. Tartalmazza a dupla tapint\u00e1sos \u00f6nszerel\u00e9st. \u00daj.<\/p>\n","protected":false},"featured_media":10036,"template":"","meta":[],"product_brand":[],"product_cat":[83,71],"product_tag":[],"class_list":{"0":"post-10038","1":"product","2":"type-product","3":"status-publish","4":"has-post-thumbnail","6":"product_cat-16-1","7":"product_cat-new-laptop-screens-lcd-panels","9":"first","10":"instock","11":"taxable","12":"shipping-taxable","13":"purchasable","14":"product-type-simple"},"_links":{"self":[{"href":"https:\/\/boreait.com\/hu\/wp-json\/wp\/v2\/product\/10038","targetHints":{"allow":["GET"]}}],"collection":[{"href":"https:\/\/boreait.com\/hu\/wp-json\/wp\/v2\/product"}],"about":[{"href":"https:\/\/boreait.com\/hu\/wp-json\/wp\/v2\/types\/product"}],"wp:featuredmedia":[{"embeddable":true,"href":"https:\/\/boreait.com\/hu\/wp-json\/wp\/v2\/media\/10036"}],"wp:attachment":[{"href":"https:\/\/boreait.com\/hu\/wp-json\/wp\/v2\/media?parent=10038"}],"wp:term":[{"taxonomy":"product_brand","embeddable":true,"href":"https:\/\/boreait.com\/hu\/wp-json\/wp\/v2\/product_brand?post=10038"},{"taxonomy":"product_cat","embeddable":true,"href":"https:\/\/boreait.com\/hu\/wp-json\/wp\/v2\/product_cat?post=10038"},{"taxonomy":"product_tag","embeddable":true,"href":"https:\/\/boreait.com\/hu\/wp-json\/wp\/v2\/product_tag?post=10038"}],"curies":[{"name":"wp","href":"https:\/\/api.w.org\/{rel}","templated":true}]}}