{"id":10037,"date":"2025-09-17T12:46:26","date_gmt":"2025-09-17T10:46:26","guid":{"rendered":"https:\/\/boreait.com\/hu\/?post_type=product&#038;p=10037"},"modified":"2025-09-17T12:46:30","modified_gmt":"2025-09-17T10:46:30","slug":"lcd-kepernyo-161-fhd-144hz-matt-hp-victus-16-d0001nv-d0030nr-uj","status":"publish","type":"product","link":"https:\/\/boreait.com\/hu\/termek\/lcd-kepernyo-161-fhd-144hz-matt-hp-victus-16-d0001nv-d0030nr-uj\/","title":{"rendered":"LCD k\u00e9perny\u0151 16,1&#8243; FHD 144Hz matt HP Victus 16-D0001NV\/D0030NR \u00daj"},"content":{"rendered":"<p><strong>T\u00e9nyleges LCD-k\u00e9perny\u0151s modell: N161hma-gak REV. C3 vagy n161hca-ga1 REV C.1 \u2013 TELJESEN KOMPATIBILIS A Victus HP 16-D0001NV 16-D0030NR 16-D0030NR laptop k\u00e9perny\u0151j\u00e9vel<\/strong><\/p>\n<p>N\u00f6velje HP Victus 16-D sorozat\u00fa laptopja teljes\u00edtm\u00e9ny\u00e9t \u00e9s vizu\u00e1lis \u00e9lm\u00e9ny\u00e9t ezzel a kiv\u00e1l\u00f3 min\u0151s\u00e9g\u0171 16,1&#8243;-es LCD-k\u00e9perny\u0151vel, amely kompatibilis a 16-D0001NV, 16-D0030NR \u00e9s 16-D0031NR modellekkel. Full HD (1920&#215;1080) felbont\u00e1ssal k\u00e9sz\u00fclt. Ez a k\u00e9perny\u0151 t\u00f6k\u00e9letes j\u00e1t\u00e9kra \u00e9s mindennapi felbont\u00e1sra k\u00e9pes. A 144 Hz-es friss\u00edt\u00e9si frekvencia egyenletes \u00e9s foly\u00e9kony mozg\u00e1st biztos\u00edt, \u00edgy ide\u00e1lis a gyors temp\u00f3j\u00fa akci\u00f3khoz.<\/p>\n<p>Ez az LCD-k\u00e9perny\u0151 matt fel\u00fclettel rendelkezik, hogy minim\u00e1lisra cs\u00f6kkentse a t\u00fckr\u00f6z\u0151d\u00e9st \u00e9s a t\u00fckr\u00f6z\u0151d\u00e9st, \u00edgy m\u00e9g er\u0151sen megvil\u00e1g\u00edtott k\u00f6rnyezetben is k\u00e9nyelmes megtekint\u00e9si \u00e9lm\u00e9nyt ny\u00fajt. A k\u00e9perny\u0151 40 t\u0171s csatlakoz\u00f3val rendelkezik, \u00e9s k\u00f6nnyen felszerelhet\u0151 a mell\u00e9kelt k\u00e9toldalas \u00f6ntapad\u00f3 szalaggal. K\u00e9rj\u00fck, vegye figyelembe, hogy ez a k\u00e9perny\u0151 fels\u0151 \u00e9s als\u00f3 z\u00e1r\u00f3jelek n\u00e9lk\u00fcl \u00e1ll rendelkez\u00e9sre.<\/p>\n<p>Ez a k\u00e9perny\u0151 vadonat\u00faj \u00e1llapotban kiv\u00e1l\u00f3 v\u00e1laszt\u00e1s a s\u00e9r\u00fclt vagy elavult kijelz\u0151 cser\u00e9j\u00e9re, \u00edgy tov\u00e1bbra is a lehet\u0151 legjobb teljes\u00edtm\u00e9nyt \u00e9lvezheti eszk\u00f6ze \u00e1ltal.<\/p>\n","protected":false},"excerpt":{"rendered":"<p>Friss\u00edtse HP Victus 16-D sorozat\u00fa laptopj\u00e1t egy \u00faj, 16,1 h\u00fcvelykes LCD-k\u00e9perny\u0151vel. FHD felbont\u00e1s\u00fa, 144 Hz-es friss\u00edt\u00e9si gyakoris\u00e1ggal \u00e9s matt fel\u00fclettel rendelkez\u0151 k\u00e9perny\u0151 sima k\u00e9pet \u00e9s cs\u00f6kkentett t\u00fckr\u00f6z\u0151d\u00e9st biztos\u00edt. K\u00e9toldalas \u00f6ntapad\u00f3 szalagot tartalmaz a k\u00f6nny\u0171 telep\u00edt\u00e9s \u00e9rdek\u00e9ben. \u00c1llapot: \u00faj.<\/p>\n","protected":false},"featured_media":10036,"template":"","meta":[],"product_brand":[],"product_cat":[83,71],"product_tag":[],"class_list":{"0":"post-10037","1":"product","2":"type-product","3":"status-publish","4":"has-post-thumbnail","6":"product_cat-16-1","7":"product_cat-new-laptop-screens-lcd-panels","9":"first","10":"instock","11":"taxable","12":"shipping-taxable","13":"purchasable","14":"product-type-simple"},"_links":{"self":[{"href":"https:\/\/boreait.com\/hu\/wp-json\/wp\/v2\/product\/10037","targetHints":{"allow":["GET"]}}],"collection":[{"href":"https:\/\/boreait.com\/hu\/wp-json\/wp\/v2\/product"}],"about":[{"href":"https:\/\/boreait.com\/hu\/wp-json\/wp\/v2\/types\/product"}],"wp:featuredmedia":[{"embeddable":true,"href":"https:\/\/boreait.com\/hu\/wp-json\/wp\/v2\/media\/10036"}],"wp:attachment":[{"href":"https:\/\/boreait.com\/hu\/wp-json\/wp\/v2\/media?parent=10037"}],"wp:term":[{"taxonomy":"product_brand","embeddable":true,"href":"https:\/\/boreait.com\/hu\/wp-json\/wp\/v2\/product_brand?post=10037"},{"taxonomy":"product_cat","embeddable":true,"href":"https:\/\/boreait.com\/hu\/wp-json\/wp\/v2\/product_cat?post=10037"},{"taxonomy":"product_tag","embeddable":true,"href":"https:\/\/boreait.com\/hu\/wp-json\/wp\/v2\/product_tag?post=10037"}],"curies":[{"name":"wp","href":"https:\/\/api.w.org\/{rel}","templated":true}]}}