{"id":10034,"date":"2025-09-17T12:46:17","date_gmt":"2025-09-17T10:46:17","guid":{"rendered":"https:\/\/boreait.com\/hu\/?post_type=product&#038;p=10034"},"modified":"2025-09-17T12:46:24","modified_gmt":"2025-09-17T10:46:24","slug":"victus-hp-16-e0161nr-lcd-161-fhd-144hz-matt-40-tus-ragasztoszalaggal-uj","status":"publish","type":"product","link":"https:\/\/boreait.com\/hu\/termek\/victus-hp-16-e0161nr-lcd-161-fhd-144hz-matt-40-tus-ragasztoszalaggal-uj\/","title":{"rendered":"Victus HP 16-E0161NR LCD 16,1&#8243; FHD 144Hz matt 40 t\u0171s ragaszt\u00f3szalaggal \u00daj"},"content":{"rendered":"<p><strong>T\u00e9nyleges LCD-k\u00e9perny\u0151s modell: N161hma-gak REV. C3 vagy n161hca-ga1 REV C.1 \u2013 TELJESEN KOMPATIBILIS A Victus HP 16-E0161NR laptop k\u00e9perny\u0151j\u00e9vel<\/strong><\/p>\n<p>N\u00f6velje j\u00e1t\u00e9k- vagy multim\u00e9di\u00e1s \u00e9lm\u00e9ny\u00e9t ezzel a pr\u00e9mium 16,1 h\u00fcvelykes LCD-k\u00e9perny\u0151vel, amelyet a HP Victus 16-E0161NR-hez terveztek. Full HD (1920&#215;1080) felbont\u00e1ssal \u00e9s 144 Hz-es friss\u00edt\u00e9si gyakoris\u00e1ggal ez a k\u00e9perny\u0151 krist\u00e1lytiszta k\u00e9pet \u00e9s rendk\u00edv\u00fcl sima mozg\u00e1st biztos\u00edt, \u00edgy ide\u00e1lis j\u00e1t\u00e9khoz, vide\u00f3z\u00e1shoz vagy mindennapi n\u00e9z\u00e9shez. A f\u00e9nyer\u0151 \u00e9l\u00e9nk k\u00e9peket biztos\u00edt m\u00e9g j\u00f3l megvil\u00e1g\u00edtott k\u00f6rnyezetben is, m\u00edg a matt fel\u00fclet minimaliz\u00e1lja a t\u00fckr\u00f6z\u0151d\u00e9st \u00e9s a t\u00fckr\u00f6z\u0151d\u00e9st a k\u00e9nyelmesebb megtekint\u00e9si \u00e9lm\u00e9ny \u00e9rdek\u00e9ben.<\/p>\n<p>Ez az LCD-k\u00e9perny\u0151 40 t\u0171s csatlakoz\u00f3val rendelkezik, amely z\u00f6kken\u0151mentesen kompatibilis a HP Victus 16-E0161NR k\u00e9sz\u00fcl\u00e9kkel. A csomag k\u00e9toldalas \u00f6ntapad\u00f3 szalagot tartalmaz, \u00edgy a telep\u00edt\u00e9si folyamat egyszer\u0171 \u00e9s probl\u00e9mamentes. K\u00e9rj\u00fck, vegye figyelembe, hogy ez a k\u00e9perny\u0151 nem tartalmaz fels\u0151 \u00e9s als\u00f3 z\u00e1r\u00f3jeleket.<\/p>\n<p>Ez a k\u00e9perny\u0151 vadonat\u00faj \u00e1llapotban van, \u00edgy olyan term\u00e9ket kap, amely megfelel a legmagasabb min\u0151s\u00e9gi k\u00f6vetelm\u00e9nyeknek, \u00e9s k\u00e9szen \u00e1ll arra, hogy jav\u00edtsa laptopja teljes\u00edtm\u00e9ny\u00e9t.<\/p>\n","protected":false},"excerpt":{"rendered":"<p>B\u0151v\u00edtse HP Victus 16-E0161NR k\u00e9sz\u00fcl\u00e9k\u00e9t 16,1&#8243;-es LCD-k\u00e9perny\u0151vel. FHD 144 Hz-es, 250 Nites f\u00e9nyer\u0151vel \u00e9s matt fel\u00fclettel rendelkez\u0151 k\u00e9perny\u0151 sima k\u00e9pet \u00e9s cs\u00f6kkentett t\u00fckr\u00f6z\u0151d\u00e9st biztos\u00edt. K\u00e9toldalas \u00f6ntapad\u00f3 szalagot tartalmaz a k\u00f6nny\u0171 telep\u00edt\u00e9s \u00e9rdek\u00e9ben. \u00c1llapot: \u00daj.<\/p>\n","protected":false},"featured_media":10036,"template":"","meta":[],"product_brand":[],"product_cat":[83,71],"product_tag":[],"class_list":{"0":"post-10034","1":"product","2":"type-product","3":"status-publish","4":"has-post-thumbnail","6":"product_cat-16-1","7":"product_cat-new-laptop-screens-lcd-panels","9":"first","10":"instock","11":"taxable","12":"shipping-taxable","13":"purchasable","14":"product-type-simple"},"_links":{"self":[{"href":"https:\/\/boreait.com\/hu\/wp-json\/wp\/v2\/product\/10034","targetHints":{"allow":["GET"]}}],"collection":[{"href":"https:\/\/boreait.com\/hu\/wp-json\/wp\/v2\/product"}],"about":[{"href":"https:\/\/boreait.com\/hu\/wp-json\/wp\/v2\/types\/product"}],"wp:featuredmedia":[{"embeddable":true,"href":"https:\/\/boreait.com\/hu\/wp-json\/wp\/v2\/media\/10036"}],"wp:attachment":[{"href":"https:\/\/boreait.com\/hu\/wp-json\/wp\/v2\/media?parent=10034"}],"wp:term":[{"taxonomy":"product_brand","embeddable":true,"href":"https:\/\/boreait.com\/hu\/wp-json\/wp\/v2\/product_brand?post=10034"},{"taxonomy":"product_cat","embeddable":true,"href":"https:\/\/boreait.com\/hu\/wp-json\/wp\/v2\/product_cat?post=10034"},{"taxonomy":"product_tag","embeddable":true,"href":"https:\/\/boreait.com\/hu\/wp-json\/wp\/v2\/product_tag?post=10034"}],"curies":[{"name":"wp","href":"https:\/\/api.w.org\/{rel}","templated":true}]}}