{"id":10033,"date":"2025-09-17T12:46:16","date_gmt":"2025-09-17T10:46:16","guid":{"rendered":"https:\/\/boreait.com\/hu\/?post_type=product&#038;p=10033"},"modified":"2025-09-17T12:46:24","modified_gmt":"2025-09-17T10:46:24","slug":"161-huvelykes-lcd-kepernyo-fhd-144-hz-250-nits-matt-16-wf-sorozathoz-ragasztoszalaggal-uj","status":"publish","type":"product","link":"https:\/\/boreait.com\/hu\/termek\/161-huvelykes-lcd-kepernyo-fhd-144-hz-250-nits-matt-16-wf-sorozathoz-ragasztoszalaggal-uj\/","title":{"rendered":"16,1 h\u00fcvelykes LCD k\u00e9perny\u0151 FHD 144 Hz 250 Nits matt 16-WF sorozathoz ragaszt\u00f3szalaggal \u00daj"},"content":{"rendered":"<p><strong>T\u00e9nyleges LCD-k\u00e9perny\u0151s modell: N161hma-gak REV. C3 vagy n161hca-ga1 REV C.1 \u2013 TELJESEN KOMPATIBILIS A 16-WF0003NS 16-WF0003NT 16-WF0000NX 16-WF0000NZ 16-WF0005NA0016 LAPTOP K\u00c9PERNY\u0150VEL 16-WF0001NK<\/strong><\/p>\n<p>Fokozza laptopja kijelz\u0151j\u00e9t ezzel a 16,1 h\u00fcvelykes LCD-k\u00e9perny\u0151vel, amelyet kifejezetten \u00fagy terveztek, hogy kompatibilis legyen a modellek sz\u00e9les sk\u00e1l\u00e1j\u00e1val, bele\u00e9rtve a 16-WF0003NS, 16-WF0003NT, 16-WF0000NX, 16-WF0000NZ, 16-WF0000NZ, 16-WF006-5NAF,0165NAF 16-WF0001NK A Full HD (1920&#215;1080) felbont\u00e1st \u00e9s a 144 Hz-es friss\u00edt\u00e9si gyakoris\u00e1got k\u00edn\u00e1l\u00f3 k\u00e9perny\u0151 egyenletes \u00e9s \u00e9l\u00e9nk l\u00e1tv\u00e1nyt ny\u00fajt, \u00edgy t\u00f6k\u00e9letes j\u00e1t\u00e9khoz, grafikai tervez\u00e9shez vagy mindennapi haszn\u00e1latra.<\/p>\n<p>A matt fel\u00fclet cs\u00f6kkenti a t\u00fckr\u00f6z\u0151d\u00e9st, \u00edgy m\u00e9g vil\u00e1gos k\u00f6rnyezetben is tiszta l\u00e1that\u00f3s\u00e1got biztos\u00edt. A 250 nites f\u00e9nyer\u0151vel f\u00e9nyes \u00e9s tiszta kijelz\u0151re sz\u00e1m\u00edthat, amely tov\u00e1bbra is k\u00edm\u00e9li a szemet. A k\u00e9perny\u0151 40 t\u0171s csatlakoz\u00f3val rendelkezik, amely biztons\u00e1gos \u00e9s stabil kapcsolatot biztos\u00edt laptopj\u00e1val.<\/p>\n<p>A csomag egy k\u00e9toldalas \u00f6ntapad\u00f3 szalagot tartalmaz, amely egyszer\u0171v\u00e9 \u00e9s probl\u00e9mamentess\u00e9 teszi a telep\u00edt\u00e9si folyamatot. K\u00e9rj\u00fck, vegye figyelembe, hogy ehhez a k\u00e9perny\u0151h\u00f6z nem tartozik fels\u0151 \u00e9s als\u00f3 z\u00e1r\u00f3jel. A k\u00e9perny\u0151 vadonat\u00faj, garant\u00e1lja a kiv\u00e1l\u00f3 min\u0151s\u00e9g\u0171, hibamentes term\u00e9ket.<\/p>\n","protected":false},"excerpt":{"rendered":"<p>B\u0151v\u00edtse laptopj\u00e1t a 16-WF0003NS, 16-WF0003NT, 16-WF0000NX, 16-WF0000NZ, 16-WF0005NA, 16-WF0005NKL, 0161-F. 144 Hz, matt f\u00e9nyer\u0151 \u00e9s 250 nits f\u00e9nyer\u0151 K\u00e9toldalas \u00f6ntapad\u00f3 szalagot tartalmaz az egyszer\u0171 telep\u00edt\u00e9s \u00e9rdek\u00e9ben.<\/p>\n","protected":false},"featured_media":10036,"template":"","meta":[],"product_brand":[],"product_cat":[83,71],"product_tag":[],"class_list":{"0":"post-10033","1":"product","2":"type-product","3":"status-publish","4":"has-post-thumbnail","6":"product_cat-16-1","7":"product_cat-new-laptop-screens-lcd-panels","9":"first","10":"instock","11":"taxable","12":"shipping-taxable","13":"purchasable","14":"product-type-simple"},"_links":{"self":[{"href":"https:\/\/boreait.com\/hu\/wp-json\/wp\/v2\/product\/10033","targetHints":{"allow":["GET"]}}],"collection":[{"href":"https:\/\/boreait.com\/hu\/wp-json\/wp\/v2\/product"}],"about":[{"href":"https:\/\/boreait.com\/hu\/wp-json\/wp\/v2\/types\/product"}],"wp:featuredmedia":[{"embeddable":true,"href":"https:\/\/boreait.com\/hu\/wp-json\/wp\/v2\/media\/10036"}],"wp:attachment":[{"href":"https:\/\/boreait.com\/hu\/wp-json\/wp\/v2\/media?parent=10033"}],"wp:term":[{"taxonomy":"product_brand","embeddable":true,"href":"https:\/\/boreait.com\/hu\/wp-json\/wp\/v2\/product_brand?post=10033"},{"taxonomy":"product_cat","embeddable":true,"href":"https:\/\/boreait.com\/hu\/wp-json\/wp\/v2\/product_cat?post=10033"},{"taxonomy":"product_tag","embeddable":true,"href":"https:\/\/boreait.com\/hu\/wp-json\/wp\/v2\/product_tag?post=10033"}],"curies":[{"name":"wp","href":"https:\/\/api.w.org\/{rel}","templated":true}]}}