{"id":10032,"date":"2025-09-17T12:46:16","date_gmt":"2025-09-17T10:46:16","guid":{"rendered":"https:\/\/boreait.com\/hu\/?post_type=product&#038;p=10032"},"modified":"2025-09-17T12:46:24","modified_gmt":"2025-09-17T10:46:24","slug":"161-lcd-kepernyo-hp-pavilion-gaming-144hz-fhd-40-pin-matte-szalaggal-uj","status":"publish","type":"product","link":"https:\/\/boreait.com\/hu\/termek\/161-lcd-kepernyo-hp-pavilion-gaming-144hz-fhd-40-pin-matte-szalaggal-uj\/","title":{"rendered":"16,1&#8243; LCD k\u00e9perny\u0151 HP Pavilion Gaming 144Hz FHD 40 Pin Matte szalaggal \u00daj"},"content":{"rendered":"<p><strong>T\u00e9nyleges LCD-k\u00e9perny\u0151s modell: N161hma-gak REV. C3 vagy n161hca-ga1 REV C.1 \u2013 TELJESEN KOMPATIBILIS A HP Pavilion Gaming 16-a0032 16-A0032DX 16-a0093nf laptop k\u00e9perny\u0151j\u00e9vel<\/strong><\/p>\n<p>Fokozza j\u00e1t\u00e9k\u00e9lm\u00e9ny\u00e9t egy vadonat\u00faj LCD-k\u00e9perny\u0151vel HP Pavilion Gaming 16-a0032, 16-A0032DX vagy 16-a0093nf laptopj\u00e1hoz. Ez a 16,1 h\u00fcvelykes k\u00e9perny\u0151 \u00e9l\u00e9nk l\u00e1tv\u00e1nyt ny\u00fajt Full HD (1920&#215;1080) felbont\u00e1ssal \u00e9s gyors, 144 Hz-es friss\u00edt\u00e9si gyakoris\u00e1ggal, amely t\u00f6k\u00e9letes a sima, mag\u00e1val ragad\u00f3 j\u00e1t\u00e9kmenethez. A 250 nites f\u00e9nyer\u0151vel tiszta \u00e9s f\u00e9nyes k\u00e9peket biztos\u00edt m\u00e9g j\u00f3l megvil\u00e1g\u00edtott k\u00f6rnyezetben is.<\/p>\n<p>A matt fel\u00fclet cs\u00f6kkenti a t\u00fckr\u00f6z\u0151d\u00e9st \u00e9s a t\u00fckr\u00f6z\u0151d\u00e9st, \u00edgy k\u00e9nyelmes megtekint\u00e9st biztos\u00edt a hosszabb j\u00e1t\u00e9kmenetek sor\u00e1n. Ez az LCD-k\u00e9perny\u0151 40 t\u0171s csatlakoz\u00f3val rendelkezik a biztons\u00e1gos r\u00f6gz\u00edt\u00e9shez, \u00e9s k\u00e9toldalas \u00f6ntapad\u00f3 szalagot tartalmaz az egyszer\u0171 telep\u00edt\u00e9s \u00e9rdek\u00e9ben. K\u00e9rj\u00fck, vegye figyelembe, hogy a k\u00e9perny\u0151t fels\u0151 \u00e9s als\u00f3 konzolok n\u00e9lk\u00fcl sz\u00e1ll\u00edtjuk, \u00edgy nagyszer\u0171 helyettes\u00edt\u0151 opci\u00f3 a jelenlegi be\u00e1ll\u00edt\u00e1shoz.<\/p>\n<p>Ez a k\u00e9perny\u0151 \u00fajszer\u0171 \u00e1llapotban van, \u00edgy garant\u00e1lja, hogy a term\u00e9k hib\u00e1tlan, \u00e9s k\u00e9szen \u00e1ll a laptop teljes\u00edtm\u00e9ny\u00e9nek jav\u00edt\u00e1s\u00e1ra.<\/p>\n","protected":false},"excerpt":{"rendered":"<p>Friss\u00edtse HP Pavilion Gaming laptopj\u00e1t egy \u00faj, 16,1&#8243;-es LCD-k\u00e9perny\u0151vel. FHD 144 Hz-es friss\u00edt\u00e9si gyakoris\u00e1ggal, 250 nites f\u00e9nyer\u0151vel \u00e9s matt fel\u00fclettel a csillap\u00edt\u00e1s cs\u00f6kkent\u00e9se \u00e9rdek\u00e9ben. K\u00e9toldalas \u00f6ntapad\u00f3 szalagot tartalmaz az egyszer\u0171 telep\u00edt\u00e9s \u00e9rdek\u00e9ben. \u00c1llapot: \u00daj.<\/p>\n","protected":false},"featured_media":10036,"template":"","meta":[],"product_brand":[],"product_cat":[83,71],"product_tag":[],"class_list":{"0":"post-10032","1":"product","2":"type-product","3":"status-publish","4":"has-post-thumbnail","6":"product_cat-16-1","7":"product_cat-new-laptop-screens-lcd-panels","9":"first","10":"instock","11":"taxable","12":"shipping-taxable","13":"purchasable","14":"product-type-simple"},"_links":{"self":[{"href":"https:\/\/boreait.com\/hu\/wp-json\/wp\/v2\/product\/10032","targetHints":{"allow":["GET"]}}],"collection":[{"href":"https:\/\/boreait.com\/hu\/wp-json\/wp\/v2\/product"}],"about":[{"href":"https:\/\/boreait.com\/hu\/wp-json\/wp\/v2\/types\/product"}],"wp:featuredmedia":[{"embeddable":true,"href":"https:\/\/boreait.com\/hu\/wp-json\/wp\/v2\/media\/10036"}],"wp:attachment":[{"href":"https:\/\/boreait.com\/hu\/wp-json\/wp\/v2\/media?parent=10032"}],"wp:term":[{"taxonomy":"product_brand","embeddable":true,"href":"https:\/\/boreait.com\/hu\/wp-json\/wp\/v2\/product_brand?post=10032"},{"taxonomy":"product_cat","embeddable":true,"href":"https:\/\/boreait.com\/hu\/wp-json\/wp\/v2\/product_cat?post=10032"},{"taxonomy":"product_tag","embeddable":true,"href":"https:\/\/boreait.com\/hu\/wp-json\/wp\/v2\/product_tag?post=10032"}],"curies":[{"name":"wp","href":"https:\/\/api.w.org\/{rel}","templated":true}]}}