{"id":10031,"date":"2025-09-17T12:46:16","date_gmt":"2025-09-17T10:46:16","guid":{"rendered":"https:\/\/boreait.com\/hu\/?post_type=product&#038;p=10031"},"modified":"2025-09-17T12:46:24","modified_gmt":"2025-09-17T10:46:24","slug":"laptop-kepernyo-hp-omen-16t-k000-pn-7n8h5u-hoz","status":"publish","type":"product","link":"https:\/\/boreait.com\/hu\/termek\/laptop-kepernyo-hp-omen-16t-k000-pn-7n8h5u-hoz\/","title":{"rendered":"LAPTOP K\u00c9PERNY\u0150 HP Omen 16t-k000 pn 7N8H5U-hoz"},"content":{"rendered":"<p><strong>T\u00e9nyleges LCD-k\u00e9perny\u0151s modell: N161hma-gak REV. C3 vagy n161hca-ga1 REV C.1 \u2013 TELJESEN KOMPATIBILIS A HP Omen 16t-k000 pn 7N8H5U laptop k\u00e9perny\u0151j\u00e9vel<\/strong><\/p>\n<p>Fokozza j\u00e1t\u00e9k\u00e9lm\u00e9ny\u00e9t a HP Omen 16t-k000 csere LCD-k\u00e9perny\u0151j\u00e9vel. Ezt a 16,1 h\u00fcvelykes k\u00e9perny\u0151t \u00fagy tervezt\u00e9k, hogy kiv\u00e1l\u00f3 teljes\u00edtm\u00e9nyt ny\u00fajtson Full HD (1920&#215;1080) felbont\u00e1s\u00e1val, \u00e9les \u00e9s tiszta k\u00e9pet biztos\u00edtva. A 144 Hz-es friss\u00edt\u00e9si frekvencia garant\u00e1lja a folyamatos mozg\u00e1st, ide\u00e1lis a gyors temp\u00f3j\u00fa j\u00e1t\u00e9kokhoz, m\u00edg a 250 nites f\u00e9nyer\u0151 m\u00e9g j\u00f3l megvil\u00e1g\u00edtott k\u00f6rnyezetben is f\u00e9nyes \u00e9s \u00e9l\u00e9nk k\u00e9peket biztos\u00edt.<\/p>\n<p>A matt fel\u00fclet cs\u00f6kkenti a t\u00fckr\u00f6z\u0151d\u00e9st, \u00edgy k\u00e9nyelmes megtekint\u00e9st biztos\u00edt a hosszabb j\u00e1t\u00e9kmenetek sor\u00e1n. Ez a k\u00e9perny\u0151 40 t\u0171s interf\u00e9szen kereszt\u00fcl csatlakozik, biztos\u00edtva a kompatibilit\u00e1st az eszk\u00f6zzel. Ezenk\u00edv\u00fcl k\u00e9toldalas \u00f6ntapad\u00f3 szalagot tartalmaz, amely egyszer\u0171v\u00e9 teszi a telep\u00edt\u00e9st.<\/p>\n<p>K\u00e9rj\u00fck, vegye figyelembe, hogy ehhez a k\u00e9perny\u0151h\u00f6z nem tartozik fels\u0151 \u00e9s als\u00f3 z\u00e1r\u00f3jel. A term\u00e9k vadonat\u00faj, \u00edgy kiv\u00e1l\u00f3 min\u0151s\u00e9g\u0171, hibamentes k\u00e9perny\u0151t kap, amely k\u00e9szen \u00e1ll a j\u00e1t\u00e9k laptopja t\u00f6k\u00e9letes\u00edt\u00e9s\u00e9re.<\/p>\n","protected":false},"excerpt":{"rendered":"<p>Friss\u00edtse HP Omen 16t-k000 k\u00e9sz\u00fcl\u00e9k\u00e9t ezzel a 16,1 h\u00fcvelykes LCD-k\u00e9perny\u0151vel. FHD felbont\u00e1ssal, 144 Hz-es friss\u00edt\u00e9si gyakoris\u00e1ggal \u00e9s 250 nites f\u00e9nyer\u0151vel sima \u00e9s \u00e9l\u00e9nk vizu\u00e1lis \u00e9lm\u00e9nyt biztos\u00edt. K\u00e9toldalas \u00f6ntapad\u00f3 szalagot tartalmaz az egyszer\u0171 telep\u00edt\u00e9s \u00e9rdek\u00e9ben. \u00c1llapot: \u00daj.<\/p>\n","protected":false},"featured_media":10036,"template":"","meta":[],"product_brand":[],"product_cat":[83,71],"product_tag":[],"class_list":{"0":"post-10031","1":"product","2":"type-product","3":"status-publish","4":"has-post-thumbnail","6":"product_cat-16-1","7":"product_cat-new-laptop-screens-lcd-panels","9":"first","10":"instock","11":"taxable","12":"shipping-taxable","13":"purchasable","14":"product-type-simple"},"_links":{"self":[{"href":"https:\/\/boreait.com\/hu\/wp-json\/wp\/v2\/product\/10031","targetHints":{"allow":["GET"]}}],"collection":[{"href":"https:\/\/boreait.com\/hu\/wp-json\/wp\/v2\/product"}],"about":[{"href":"https:\/\/boreait.com\/hu\/wp-json\/wp\/v2\/types\/product"}],"wp:featuredmedia":[{"embeddable":true,"href":"https:\/\/boreait.com\/hu\/wp-json\/wp\/v2\/media\/10036"}],"wp:attachment":[{"href":"https:\/\/boreait.com\/hu\/wp-json\/wp\/v2\/media?parent=10031"}],"wp:term":[{"taxonomy":"product_brand","embeddable":true,"href":"https:\/\/boreait.com\/hu\/wp-json\/wp\/v2\/product_brand?post=10031"},{"taxonomy":"product_cat","embeddable":true,"href":"https:\/\/boreait.com\/hu\/wp-json\/wp\/v2\/product_cat?post=10031"},{"taxonomy":"product_tag","embeddable":true,"href":"https:\/\/boreait.com\/hu\/wp-json\/wp\/v2\/product_tag?post=10031"}],"curies":[{"name":"wp","href":"https:\/\/api.w.org\/{rel}","templated":true}]}}