{"id":10028,"date":"2025-09-17T12:46:16","date_gmt":"2025-09-17T10:46:16","guid":{"rendered":"https:\/\/boreait.com\/hu\/?post_type=product&#038;p=10028"},"modified":"2025-09-17T12:46:23","modified_gmt":"2025-09-17T10:46:23","slug":"hp-n44827-001-161-lcd-fhd-144hz-matt-40-tus-ragasztoszalaggal-uj","status":"publish","type":"product","link":"https:\/\/boreait.com\/hu\/termek\/hp-n44827-001-161-lcd-fhd-144hz-matt-40-tus-ragasztoszalaggal-uj\/","title":{"rendered":"HP N44827-001 16,1&#8243; LCD FHD 144Hz matt 40 t\u0171s ragaszt\u00f3szalaggal \u00daj"},"content":{"rendered":"<p><strong>T\u00e9nyleges LCD-k\u00e9perny\u0151s modell: N161hma-gak REV. C3 vagy n161hca-ga1 REV C.1 \u2013 TELJESEN KOMPATIBILIS A HP N44827-001 LAPTOP K\u00c9PERNY\u0150VEL<\/strong><\/p>\n<p>Fokozza laptopja kijelz\u0151j\u00e9t a HP N44827-001 16,1 h\u00fcvelykes LCD-k\u00e9perny\u0151vel, amely kiv\u00e1l\u00f3 vizu\u00e1lis teljes\u00edtm\u00e9nyt ny\u00fajt. Ez a k\u00e9perny\u0151 Full HD (1920&#215;1080) felbont\u00e1ssal b\u00fcszk\u00e9lkedhet, amely \u00e9les, \u00e9l\u00e9nk k\u00e9peket, m\u00edg a 144 Hz-es friss\u00edt\u00e9si gyakoris\u00e1g egyenletes, g\u00f6rd\u00fcl\u00e9keny mozg\u00e1st biztos\u00edt, amely t\u00f6k\u00e9letes j\u00e1t\u00e9khoz \u00e9s nagy felbont\u00e1s\u00fa vide\u00f3lej\u00e1tsz\u00e1shoz.<\/p>\n<p>A matt fel\u00fclet cs\u00f6kkenti a t\u00fckr\u00f6z\u0151d\u00e9st, \u00edgy ide\u00e1lis k\u00fcl\u00f6nf\u00e9le megvil\u00e1g\u00edt\u00e1si k\u00f6rnyezetekben val\u00f3 haszn\u00e1latra, a 250 nites f\u00e9nyer\u0151 pedig vil\u00e1gos viszonyok k\u00f6z\u00f6tt is tiszta l\u00e1that\u00f3s\u00e1got biztos\u00edt. A 40 t\u0171s csatlakoz\u00f3 garant\u00e1lja a biztons\u00e1gos kapcsolatot a k\u00e9sz\u00fcl\u00e9kkel, a mell\u00e9kelt k\u00e9toldalas \u00f6ntapad\u00f3 szalag pedig leegyszer\u0171s\u00edti a telep\u00edt\u00e9si folyamatot.<\/p>\n<p>K\u00e9rj\u00fck, vegye figyelembe, hogy ez az LCD-k\u00e9perny\u0151 fels\u0151 \u00e9s als\u00f3 konzolok n\u00e9lk\u00fcl kaphat\u00f3. A k\u00e9perny\u0151 vadonat\u00faj, \u00edgy hibamentes term\u00e9ket kap, amely k\u00e9szen \u00e1ll a laptop kijelz\u0151j\u00e9nek jav\u00edt\u00e1s\u00e1ra.<\/p>\n","protected":false},"excerpt":{"rendered":"<p>B\u0151v\u00edtse laptopj\u00e1t a HP N44827-001 16,1&#8243;-es LCD-k\u00e9perny\u0151vel. FHD 144 Hz-es friss\u00edt\u00e9si gyakoris\u00e1ggal, 40 t\u0171s csatlakoz\u00e1ssal \u00e9s matt fel\u00fclettel ez a k\u00e9perny\u0151 tiszta \u00e9s sima k\u00e9pet biztos\u00edt. K\u00e9toldalas \u00f6ntapad\u00f3 szalagot tartalmaz a k\u00f6nny\u0171 telep\u00edt\u00e9s \u00e9rdek\u00e9ben. \u00c1llapot: \u00daj.<\/p>\n","protected":false},"featured_media":10036,"template":"","meta":[],"product_brand":[],"product_cat":[83,71],"product_tag":[],"class_list":{"0":"post-10028","1":"product","2":"type-product","3":"status-publish","4":"has-post-thumbnail","6":"product_cat-16-1","7":"product_cat-new-laptop-screens-lcd-panels","9":"first","10":"instock","11":"taxable","12":"shipping-taxable","13":"purchasable","14":"product-type-simple"},"_links":{"self":[{"href":"https:\/\/boreait.com\/hu\/wp-json\/wp\/v2\/product\/10028","targetHints":{"allow":["GET"]}}],"collection":[{"href":"https:\/\/boreait.com\/hu\/wp-json\/wp\/v2\/product"}],"about":[{"href":"https:\/\/boreait.com\/hu\/wp-json\/wp\/v2\/types\/product"}],"wp:featuredmedia":[{"embeddable":true,"href":"https:\/\/boreait.com\/hu\/wp-json\/wp\/v2\/media\/10036"}],"wp:attachment":[{"href":"https:\/\/boreait.com\/hu\/wp-json\/wp\/v2\/media?parent=10028"}],"wp:term":[{"taxonomy":"product_brand","embeddable":true,"href":"https:\/\/boreait.com\/hu\/wp-json\/wp\/v2\/product_brand?post=10028"},{"taxonomy":"product_cat","embeddable":true,"href":"https:\/\/boreait.com\/hu\/wp-json\/wp\/v2\/product_cat?post=10028"},{"taxonomy":"product_tag","embeddable":true,"href":"https:\/\/boreait.com\/hu\/wp-json\/wp\/v2\/product_tag?post=10028"}],"curies":[{"name":"wp","href":"https:\/\/api.w.org\/{rel}","templated":true}]}}