{"id":10027,"date":"2025-09-17T12:46:16","date_gmt":"2025-09-17T10:46:16","guid":{"rendered":"https:\/\/boreait.com\/hu\/?post_type=product&#038;p=10027"},"modified":"2025-09-17T12:46:23","modified_gmt":"2025-09-17T10:46:23","slug":"hp-m24892-jq3-lcd-kepernyo-161-fhd-144hz-matt-40-tus-ragasztoszalaggal-uj","status":"publish","type":"product","link":"https:\/\/boreait.com\/hu\/termek\/hp-m24892-jq3-lcd-kepernyo-161-fhd-144hz-matt-40-tus-ragasztoszalaggal-uj\/","title":{"rendered":"HP M24892-JQ3 LCD k\u00e9perny\u0151 16,1&#8243; FHD 144Hz matt 40 t\u0171s ragaszt\u00f3szalaggal \u00daj"},"content":{"rendered":"<p><strong>T\u00e9nyleges LCD-k\u00e9perny\u0151s modell: N161hma-gak REV. C3 vagy n161hca-ga1 REV C.1 \u2013 TELJESEN KOMPATIBILIS A HP M24892-JQ3 LAPTOP K\u00c9PERNY\u0150VEL<\/strong><\/p>\n<p>Fokozza laptopja kijelz\u0151j\u00e9t a HP M24892-JQ3 16,1 h\u00fcvelykes LCD-k\u00e9perny\u0151vel, amely kiv\u00e9teles teljes\u00edtm\u00e9nyt \u00e9s krist\u00e1lytiszta l\u00e1tv\u00e1nyt ny\u00fajt. Ez a k\u00e9perny\u0151 Full HD felbont\u00e1ssal (1920&#215;1080) sima, 144 Hz-es friss\u00edt\u00e9si gyakoris\u00e1ggal b\u00fcszk\u00e9lkedhet, \u00edgy leny\u0171g\u00f6z\u0151en \u00e9les \u00e9s g\u00f6rd\u00fcl\u00e9keny multim\u00e9di\u00e1s k\u00e9peket biztos\u00edt a mindennapi j\u00e1t\u00e9khoz.<\/p>\n<p>A 40 t\u0171s csatlakoz\u00f3 biztons\u00e1gos \u00e9s stabil kapcsolatot biztos\u00edt, m\u00edg a 250 nites f\u00e9nyer\u0151 \u00e9l\u00e9nk \u00e9s k\u00f6nnyen megtekinthet\u0151 tartalmat k\u00edn\u00e1l m\u00e9g vil\u00e1gosabb k\u00f6rnyezetben is. A matt fel\u00fclet cs\u00f6kkenti a t\u00fckr\u00f6z\u0151d\u00e9st, \u00edgy ide\u00e1lis a k\u00fcl\u00f6nf\u00e9le f\u00e9nyviszonyok melletti haszn\u00e1latra.<\/p>\n<p>Ez az LCD-k\u00e9perny\u0151 k\u00e9toldalas \u00f6ntapad\u00f3 szalaggal van ell\u00e1tva, ami leegyszer\u0171s\u00edti a telep\u00edt\u00e9si folyamatot. K\u00e9rj\u00fck, vegye figyelembe, hogy a k\u00e9perny\u0151 nem tartalmaz fels\u0151 \u00e9s als\u00f3 z\u00e1r\u00f3jeleket. Vadonat\u00faj, \u00edgy hib\u00e1tlan term\u00e9ket kap, amely k\u00e9szen \u00e1ll laptopja teljes\u00edtm\u00e9ny\u00e9nek jav\u00edt\u00e1s\u00e1ra.<\/p>\n","protected":false},"excerpt":{"rendered":"<p>Friss\u00edtse laptopj\u00e1t a HP M24892-JQ3 16,1&#8243;-es LCD-k\u00e9perny\u0151vel. FHD 144Hz-es, 40 t\u0171s csatlakoz\u00e1ssal, matt fel\u00fclettel \u00e9s 250 nites f\u00e9nyer\u0151vel. K\u00e9toldalas ragaszt\u00f3szalag mell\u00e9kelve az egyszer\u0171 telep\u00edt\u00e9s \u00e9rdek\u00e9ben. \u00c1llapot: \u00daj.<\/p>\n","protected":false},"featured_media":10036,"template":"","meta":[],"product_brand":[],"product_cat":[83,71],"product_tag":[],"class_list":{"0":"post-10027","1":"product","2":"type-product","3":"status-publish","4":"has-post-thumbnail","6":"product_cat-16-1","7":"product_cat-new-laptop-screens-lcd-panels","9":"first","10":"instock","11":"taxable","12":"shipping-taxable","13":"purchasable","14":"product-type-simple"},"_links":{"self":[{"href":"https:\/\/boreait.com\/hu\/wp-json\/wp\/v2\/product\/10027","targetHints":{"allow":["GET"]}}],"collection":[{"href":"https:\/\/boreait.com\/hu\/wp-json\/wp\/v2\/product"}],"about":[{"href":"https:\/\/boreait.com\/hu\/wp-json\/wp\/v2\/types\/product"}],"wp:featuredmedia":[{"embeddable":true,"href":"https:\/\/boreait.com\/hu\/wp-json\/wp\/v2\/media\/10036"}],"wp:attachment":[{"href":"https:\/\/boreait.com\/hu\/wp-json\/wp\/v2\/media?parent=10027"}],"wp:term":[{"taxonomy":"product_brand","embeddable":true,"href":"https:\/\/boreait.com\/hu\/wp-json\/wp\/v2\/product_brand?post=10027"},{"taxonomy":"product_cat","embeddable":true,"href":"https:\/\/boreait.com\/hu\/wp-json\/wp\/v2\/product_cat?post=10027"},{"taxonomy":"product_tag","embeddable":true,"href":"https:\/\/boreait.com\/hu\/wp-json\/wp\/v2\/product_tag?post=10027"}],"curies":[{"name":"wp","href":"https:\/\/api.w.org\/{rel}","templated":true}]}}