{"id":10026,"date":"2025-09-17T12:46:16","date_gmt":"2025-09-17T10:46:16","guid":{"rendered":"https:\/\/boreait.com\/hu\/?post_type=product&#038;p=10026"},"modified":"2025-09-17T12:46:23","modified_gmt":"2025-09-17T10:46:23","slug":"hp-m02082-001-lcd-161-fhd-144hz-250-nits-matt-40-tus-ragasztoszalaggal-uj","status":"publish","type":"product","link":"https:\/\/boreait.com\/hu\/termek\/hp-m02082-001-lcd-161-fhd-144hz-250-nits-matt-40-tus-ragasztoszalaggal-uj\/","title":{"rendered":"HP M02082-001 LCD 16,1&#8243; FHD 144Hz 250 Nits matt 40 t\u0171s ragaszt\u00f3szalaggal \u00daj"},"content":{"rendered":"<p><strong>T\u00e9nyleges LCD-k\u00e9perny\u0151s modell: N161hma-gak REV. C3 vagy n161hca-ga1 REV C.1 \u2013 TELJESEN KOMPATIBILIS A HP M02082-001 LAPTOP K\u00c9PERNY\u0150VEL<\/strong><\/p>\n<p>Jav\u00edtsa ki laptopja kijelz\u0151j\u00e9t a HP M02082-001 16,1 h\u00fcvelykes LCD-k\u00e9perny\u0151vel, amelyet \u00fagy terveztek, hogy kiv\u00e1l\u00f3 vizu\u00e1lis tisztas\u00e1got \u00e9s teljes\u00edtm\u00e9nyt biztos\u00edtson. Ez a k\u00e9perny\u0151 Full HD (1920&#215;1080) felbont\u00e1ssal \u00e9s 144 Hz-es friss\u00edt\u00e9si frekvenci\u00e1val rendelkezik, amely egyenletes mozg\u00e1st \u00e9s cs\u00f6kkentett elmos\u00f3d\u00e1st biztos\u00edt a mag\u00e1val ragad\u00f3 j\u00e1t\u00e9k\u00e9lm\u00e9ny \u00e9rdek\u00e9ben. tiszta \u00e9s \u00e9l\u00e9nk k\u00e9pek\u00e9rt, m\u00e9g j\u00f3l megvil\u00e1g\u00edtott k\u00f6rnyezetben is.<\/p>\n<p>A matt fel\u00fclet cs\u00f6kkenti a t\u00fckr\u00f6z\u0151d\u00e9st, \u00edgy hosszabb haszn\u00e1lat sor\u00e1n is k\u00f6nnyebb\u00e9 teszi a szemet, m\u00edg a 40 t\u0171s csatlakoz\u00f3 biztons\u00e1gos \u00e9s stabil kapcsolatot biztos\u00edt az eszk\u00f6zzel. A beszerel\u00e9s egyszer\u0171 a mell\u00e9kelt k\u00e9toldalas \u00f6ntapad\u00f3 szalaggal, amely lehet\u0151v\u00e9 teszi a megl\u00e9v\u0151 k\u00e9perny\u0151 egyszer\u0171 cser\u00e9j\u00e9t tov\u00e1bbi konzolok n\u00e9lk\u00fcl.<\/p>\n<p>Ez az LCD-k\u00e9perny\u0151 teljesen \u00faj \u00e1llapotban van, \u00edgy hibamentesen \u00e9s beszerel\u00e9sre k\u00e9szen \u00e9rkezik. Ak\u00e1r fejleszti a kijelz\u0151t, ak\u00e1r cser\u00e9l egy s\u00e9r\u00fcltet, a HP M02082-001 megb\u00edzhat\u00f3 \u00e9s kiv\u00e1l\u00f3 min\u0151s\u00e9g\u0171 megold\u00e1st k\u00edn\u00e1l.<\/p>\n","protected":false},"excerpt":{"rendered":"<p>Friss\u00edtse laptopj\u00e1t a HP M02082-001 16,1&#8243;-es LCD-k\u00e9perny\u0151vel. FHD 144 Hz-es friss\u00edt\u00e9si gyakoris\u00e1ggal, 250 Nites f\u00e9nyer\u0151vel \u00e9s matt fel\u00fclettel sima \u00e9s \u00e9l\u00e9nk l\u00e1tv\u00e1nyt ny\u00fajt. K\u00e9toldalas \u00f6ntapad\u00f3 szalagot tartalmaz a k\u00f6nny\u0171 telep\u00edt\u00e9s \u00e9rdek\u00e9ben. \u00c1llapot: \u00daj.<\/p>\n","protected":false},"featured_media":10036,"template":"","meta":[],"product_brand":[],"product_cat":[83,71],"product_tag":[],"class_list":{"0":"post-10026","1":"product","2":"type-product","3":"status-publish","4":"has-post-thumbnail","6":"product_cat-16-1","7":"product_cat-new-laptop-screens-lcd-panels","9":"first","10":"instock","11":"taxable","12":"shipping-taxable","13":"purchasable","14":"product-type-simple"},"_links":{"self":[{"href":"https:\/\/boreait.com\/hu\/wp-json\/wp\/v2\/product\/10026","targetHints":{"allow":["GET"]}}],"collection":[{"href":"https:\/\/boreait.com\/hu\/wp-json\/wp\/v2\/product"}],"about":[{"href":"https:\/\/boreait.com\/hu\/wp-json\/wp\/v2\/types\/product"}],"wp:featuredmedia":[{"embeddable":true,"href":"https:\/\/boreait.com\/hu\/wp-json\/wp\/v2\/media\/10036"}],"wp:attachment":[{"href":"https:\/\/boreait.com\/hu\/wp-json\/wp\/v2\/media?parent=10026"}],"wp:term":[{"taxonomy":"product_brand","embeddable":true,"href":"https:\/\/boreait.com\/hu\/wp-json\/wp\/v2\/product_brand?post=10026"},{"taxonomy":"product_cat","embeddable":true,"href":"https:\/\/boreait.com\/hu\/wp-json\/wp\/v2\/product_cat?post=10026"},{"taxonomy":"product_tag","embeddable":true,"href":"https:\/\/boreait.com\/hu\/wp-json\/wp\/v2\/product_tag?post=10026"}],"curies":[{"name":"wp","href":"https:\/\/api.w.org\/{rel}","templated":true}]}}