{"id":10025,"date":"2025-09-17T12:46:16","date_gmt":"2025-09-17T10:46:16","guid":{"rendered":"https:\/\/boreait.com\/hu\/?post_type=product&#038;p=10025"},"modified":"2025-09-17T12:46:23","modified_gmt":"2025-09-17T10:46:23","slug":"nv161fhm-ny1-ny3-nx2-161-lcd-fhd-144hz-40-tus-matt-ragasztoszalaggal-uj","status":"publish","type":"product","link":"https:\/\/boreait.com\/hu\/termek\/nv161fhm-ny1-ny3-nx2-161-lcd-fhd-144hz-40-tus-matt-ragasztoszalaggal-uj\/","title":{"rendered":"NV161FHM-NY1\/NY3\/NX2 16,1&#8243; LCD FHD 144Hz, 40 t\u0171s matt ragaszt\u00f3szalaggal \u00daj"},"content":{"rendered":"<p><strong>T\u00e9nyleges LCD-k\u00e9perny\u0151s modell: N161hma-gak REV. C3 vagy n161hca-ga1 REV C.1 \u2013 TELJESEN KOMPATIBILIS AZ NV161FHM-NY1 NY3 NX2 LAPTOP K\u00c9PERNY\u0150VEL<\/strong><\/p>\n<p>N\u00f6velje laptopja vizu\u00e1lis \u00e9lm\u00e9ny\u00e9t az NV161FHM-NY1\/NY3\/NX2 16,1 h\u00fcvelykes LCD-k\u00e9perny\u0151vel, amelyet kiv\u00e9teles teljes\u00edtm\u00e9nyre \u00e9s tisztas\u00e1gra terveztek. Ez a k\u00e9perny\u0151 Full HD (1920&#215;1080) felbont\u00e1ssal b\u00fcszk\u00e9lkedhet, amely \u00e9les \u00e9s r\u00e9szletgazdag k\u00e9peket biztos\u00edt, \u00edgy t\u00f6k\u00e9letes a mindennapi feladatokhoz \u00e9s a nagy felbont\u00e1s\u00fa tartalmakhoz. gyors temp\u00f3j\u00fa vide\u00f3lej\u00e1tsz\u00e1s.<\/p>\n<p>A matt fel\u00fclet cs\u00f6kkenti a t\u00fckr\u00f6z\u0151d\u00e9st, k\u00e9nyelmes megtekint\u00e9si \u00e9lm\u00e9nyt biztos\u00edtva k\u00fcl\u00f6nf\u00e9le f\u00e9nyviszonyok mellett, m\u00edg a 250 nites f\u00e9nyer\u0151 \u00e9l\u00e9nk l\u00e1tv\u00e1nyt biztos\u00edt. Ez a k\u00e9perny\u0151 40 t\u0171s csatlakoz\u00f3val rendelkezik, \u00e9s k\u00e9toldalas \u00f6ntapad\u00f3 szalagot tartalmaz az egyszer\u0171 telep\u00edt\u00e9s \u00e9rdek\u00e9ben. K\u00e9rj\u00fck, vegye figyelembe, hogy ez a k\u00e9perny\u0151 nem tartalmaz fels\u0151 \u00e9s als\u00f3 z\u00e1r\u00f3jeleket.<\/p>\n<p>Ak\u00e1r egy t\u00f6r\u00f6tt k\u00e9perny\u0151t cser\u00e9l, ak\u00e1r a jobb teljes\u00edtm\u00e9ny \u00e9rdek\u00e9ben friss\u00edt, az NV161FHM-NY1\/NY3\/NX2 megb\u00edzhat\u00f3 v\u00e1laszt\u00e1s, amely megfelel az \u00d6n ig\u00e9nyeinek. \u00c1llapot: \u00daj.<\/p>\n","protected":false},"excerpt":{"rendered":"<p>B\u0151v\u00edtse laptop kijelz\u0151j\u00e9t az NV161FHM-NY1\/NY3\/NX2 16,1&#8243;-es LCD-k\u00e9perny\u0151vel. FHD felbont\u00e1ssal, 144 Hz-es friss\u00edt\u00e9si gyakoris\u00e1ggal \u00e9s 250 nites f\u00e9nyer\u0151vel sima \u00e9s \u00e9l\u00e9nk l\u00e1tv\u00e1nyt ny\u00fajt. K\u00e9toldalas \u00f6ntapad\u00f3 szalagot tartalmaz az egyszer\u0171 telep\u00edt\u00e9s \u00e9rdek\u00e9ben. \u00c1llapot:.<\/p>\n","protected":false},"featured_media":10036,"template":"","meta":[],"product_brand":[],"product_cat":[83,71],"product_tag":[],"class_list":{"0":"post-10025","1":"product","2":"type-product","3":"status-publish","4":"has-post-thumbnail","6":"product_cat-16-1","7":"product_cat-new-laptop-screens-lcd-panels","9":"first","10":"instock","11":"taxable","12":"shipping-taxable","13":"purchasable","14":"product-type-simple"},"_links":{"self":[{"href":"https:\/\/boreait.com\/hu\/wp-json\/wp\/v2\/product\/10025","targetHints":{"allow":["GET"]}}],"collection":[{"href":"https:\/\/boreait.com\/hu\/wp-json\/wp\/v2\/product"}],"about":[{"href":"https:\/\/boreait.com\/hu\/wp-json\/wp\/v2\/types\/product"}],"wp:featuredmedia":[{"embeddable":true,"href":"https:\/\/boreait.com\/hu\/wp-json\/wp\/v2\/media\/10036"}],"wp:attachment":[{"href":"https:\/\/boreait.com\/hu\/wp-json\/wp\/v2\/media?parent=10025"}],"wp:term":[{"taxonomy":"product_brand","embeddable":true,"href":"https:\/\/boreait.com\/hu\/wp-json\/wp\/v2\/product_brand?post=10025"},{"taxonomy":"product_cat","embeddable":true,"href":"https:\/\/boreait.com\/hu\/wp-json\/wp\/v2\/product_cat?post=10025"},{"taxonomy":"product_tag","embeddable":true,"href":"https:\/\/boreait.com\/hu\/wp-json\/wp\/v2\/product_tag?post=10025"}],"curies":[{"name":"wp","href":"https:\/\/api.w.org\/{rel}","templated":true}]}}