{"id":10024,"date":"2025-09-17T12:46:15","date_gmt":"2025-09-17T10:46:15","guid":{"rendered":"https:\/\/boreait.com\/hu\/?post_type=product&#038;p=10024"},"modified":"2025-09-17T12:46:22","modified_gmt":"2025-09-17T10:46:22","slug":"n161hca-ga1-rev-c-1-lcd-kepernyo-161-fhd-144hz-matt-40-tus-szalaggal-uj","status":"publish","type":"product","link":"https:\/\/boreait.com\/hu\/termek\/n161hca-ga1-rev-c-1-lcd-kepernyo-161-fhd-144hz-matt-40-tus-szalaggal-uj\/","title":{"rendered":"N161HCA-GA1 REV C.1 LCD k\u00e9perny\u0151 16,1&#8243; FHD 144Hz matt 40 t\u0171s szalaggal \u00daj"},"content":{"rendered":"<p><strong>T\u00e9nyleges LCD-k\u00e9perny\u0151s modell: N161hma-gak REV. C3 vagy n161hca-ga1 REV C.1 \u2013 TELJESEN KOMPATIBILIS AZ n161hca-ga1 REV C.1 LAPTOP K\u00c9PERNY\u0150VEL<\/strong><\/p>\n<p>Fokozza laptopja kijelz\u0151j\u00e9t az N161HCA-GA1 REV C.1 16,1&#8243;-es LCD-k\u00e9perny\u0151vel, amelyet \u00fagy terveztek, hogy kiv\u00e1l\u00f3 teljes\u00edtm\u00e9nyt \u00e9s tisztas\u00e1got biztos\u00edtson. Ez a k\u00e9perny\u0151 Full HD (1920&#215;1080) felbont\u00e1ssal \u00e9s 144 Hz-es friss\u00edt\u00e9si frekvenci\u00e1val b\u00fcszk\u00e9lkedhet, \u00edgy \u00e9les, sima \u00e9s \u00e9l\u00e9nk l\u00e1tv\u00e1nyt biztos\u00edt, amely t\u00f6k\u00e9letes a mindennapi haszn\u00e1lathoz, a multim\u00e9di\u00e1s fel\u00fclet \u00e9s a j\u00e1t\u00e9k cs\u00f6kkenti a l\u00e1tv\u00e1nyt. \u00edgy ide\u00e1lis k\u00fcl\u00f6nf\u00e9le f\u00e9nyviszonyokhoz.<\/p>\n<p>A 40 t\u0171s csatlakoz\u00f3 biztons\u00e1gos \u00e9s stabil csatlakoz\u00e1st biztos\u00edt eszk\u00f6z\u00e9hez, a mell\u00e9kelt k\u00e9toldalas \u00f6ntapad\u00f3 szalag pedig egyszer\u0171 telep\u00edt\u00e9st tesz lehet\u0151v\u00e9, \u00edgy id\u0151t \u00e9s er\u0151fesz\u00edt\u00e9st takar\u00edt meg. Ak\u00e1r egy s\u00e9r\u00fclt k\u00e9perny\u0151t cser\u00e9l, ak\u00e1r a jobb megtekint\u00e9si \u00e9lm\u00e9ny \u00e9rdek\u00e9ben friss\u00edt, ez az LCD-k\u00e9perny\u0151 megb\u00edzhat\u00f3 v\u00e1laszt\u00e1s.<\/p>\n<p>K\u00e9rj\u00fck, vegye figyelembe, hogy ez a k\u00e9perny\u0151 fels\u0151 \u00e9s als\u00f3 z\u00e1r\u00f3jelek n\u00e9lk\u00fcl \u00e9rkezik. Teljesen \u00faj, garant\u00e1ltan hib\u00e1tlan \u00e9s haszn\u00e1latra k\u00e9sz term\u00e9ket kap.<\/p>\n","protected":false},"excerpt":{"rendered":"<p>B\u0151v\u00edtse laptopj\u00e1t az N161HCA-GA1 REV C.1 16,1&#8243;-es LCD-k\u00e9perny\u0151vel. Full HD 144 Hz-es friss\u00edt\u00e9si gyakoris\u00e1ggal, matt fel\u00fclettel \u00e9s 40 t\u0171s csatlakoz\u00e1ssal ez a k\u00e9perny\u0151 sima \u00e9s \u00e9l\u00e9nk l\u00e1tv\u00e1nyt ny\u00fajt. K\u00e9toldalas \u00f6ntapad\u00f3 szalag mell\u00e9kelve az egyszer\u0171 telep\u00edt\u00e9s \u00e9rdek\u00e9ben. \u00c1llapot: \u00daj.<\/p>\n","protected":false},"featured_media":10036,"template":"","meta":[],"product_brand":[],"product_cat":[83,71],"product_tag":[],"class_list":{"0":"post-10024","1":"product","2":"type-product","3":"status-publish","4":"has-post-thumbnail","6":"product_cat-16-1","7":"product_cat-new-laptop-screens-lcd-panels","9":"first","10":"instock","11":"taxable","12":"shipping-taxable","13":"purchasable","14":"product-type-simple"},"_links":{"self":[{"href":"https:\/\/boreait.com\/hu\/wp-json\/wp\/v2\/product\/10024","targetHints":{"allow":["GET"]}}],"collection":[{"href":"https:\/\/boreait.com\/hu\/wp-json\/wp\/v2\/product"}],"about":[{"href":"https:\/\/boreait.com\/hu\/wp-json\/wp\/v2\/types\/product"}],"wp:featuredmedia":[{"embeddable":true,"href":"https:\/\/boreait.com\/hu\/wp-json\/wp\/v2\/media\/10036"}],"wp:attachment":[{"href":"https:\/\/boreait.com\/hu\/wp-json\/wp\/v2\/media?parent=10024"}],"wp:term":[{"taxonomy":"product_brand","embeddable":true,"href":"https:\/\/boreait.com\/hu\/wp-json\/wp\/v2\/product_brand?post=10024"},{"taxonomy":"product_cat","embeddable":true,"href":"https:\/\/boreait.com\/hu\/wp-json\/wp\/v2\/product_cat?post=10024"},{"taxonomy":"product_tag","embeddable":true,"href":"https:\/\/boreait.com\/hu\/wp-json\/wp\/v2\/product_tag?post=10024"}],"curies":[{"name":"wp","href":"https:\/\/api.w.org\/{rel}","templated":true}]}}