{"id":10023,"date":"2025-09-17T12:46:15","date_gmt":"2025-09-17T10:46:15","guid":{"rendered":"https:\/\/boreait.com\/hu\/?post_type=product&#038;p=10023"},"modified":"2025-09-17T12:46:22","modified_gmt":"2025-09-17T10:46:22","slug":"n161hma-gak-rev-c3-lcd-161-fhd-144-hz-matt-40-tus-ragasztoszalaggal-uj","status":"publish","type":"product","link":"https:\/\/boreait.com\/hu\/termek\/n161hma-gak-rev-c3-lcd-161-fhd-144-hz-matt-40-tus-ragasztoszalaggal-uj\/","title":{"rendered":"N161HMA-GAK REV. C3 LCD 16,1&#8243; FHD 144 Hz matt 40 t\u0171s ragaszt\u00f3szalaggal \u00daj"},"content":{"rendered":"<p>N\u00f6velje laptopja kijelz\u0151j\u00e9nek teljes\u00edtm\u00e9ny\u00e9t az N161HMA-GAK REV seg\u00edts\u00e9g\u00e9vel. C3 16,1&#8243;-es LCD-k\u00e9perny\u0151. Leny\u0171g\u00f6z\u0151 l\u00e1tv\u00e1nyt ny\u00fajt\u00f3 k\u00e9perny\u0151 Full HD (1920&#215;1080) felbont\u00e1ssal \u00e9s 144 Hz-es friss\u00edt\u00e9si gyakoris\u00e1ggal b\u00fcszk\u00e9lkedhet, amely egyenletes \u00e9s g\u00f6rd\u00fcl\u00e9keny mozg\u00e1st biztos\u00edt az \u00f6sszes tartalom sz\u00e1m\u00e1ra. A k\u00e9perny\u0151 250 nites f\u00e9nyereje t\u00f6k\u00e9letess\u00e9 teszi a k\u00fcl\u00f6nf\u00e9le f\u00e9nyviszonyokhoz, tiszta \u00e9s \u00e9l\u00e9nk k\u00e9peket biztos\u00edtva.<\/p>\n<p>A matt fel\u00fclet cs\u00f6kkenti a t\u00fckr\u00f6z\u0151d\u00e9st, \u00edgy m\u00e9g vil\u00e1gos k\u00f6rnyezetben is k\u00e9nyelmes megtekint\u00e9si \u00e9lm\u00e9nyt ny\u00fajt. Ez a k\u00e9perny\u0151 40 t\u0171s interf\u00e9szen kereszt\u00fcl csatlakozik, biztos\u00edtva a kompatibilit\u00e1st a laptopmodellek sz\u00e9les sk\u00e1l\u00e1j\u00e1val. A csomag k\u00e9toldalas \u00f6ntapad\u00f3 szalagot tartalmaz a probl\u00e9mamentes telep\u00edt\u00e9s \u00e9rdek\u00e9ben, amely lehet\u0151v\u00e9 teszi a laptop k\u00e9perny\u0151j\u00e9nek gyors cser\u00e9j\u00e9t vagy friss\u00edt\u00e9s\u00e9t.<\/p>\n<p>K\u00e9rj\u00fck, vegye figyelembe, hogy ez a k\u00e9perny\u0151 fels\u0151 \u00e9s als\u00f3 z\u00e1r\u00f3jelek n\u00e9lk\u00fcl \u00e9rkezik. Teljesen \u00fajszer\u0171 \u00e1llapotban, garant\u00e1ltan hib\u00e1tlan, beszerel\u00e9sre \u00e9s haszn\u00e1latra k\u00e9sz term\u00e9ket kap.<\/p>\n","protected":false},"excerpt":{"rendered":"<p>Friss\u00edtse laptopj\u00e1t az N161HMA-GAK REV-vel. C3 16,1&#8243;-es LCD k\u00e9perny\u0151. FHD felbont\u00e1ssal, 144 Hz-es friss\u00edt\u00e9si gyakoris\u00e1ggal \u00e9s 250 nites f\u00e9nyer\u0151vel ez a matt kijelz\u0151 sima \u00e9s \u00e9l\u00e9nk l\u00e1tv\u00e1nyt ny\u00fajt. K\u00e9toldalas \u00f6ntapad\u00f3 szalagot tartalmaz a k\u00f6nny\u0171 telep\u00edt\u00e9s \u00e9rdek\u00e9ben. \u00c1llapot: \u00daj.<\/p>\n","protected":false},"featured_media":10036,"template":"","meta":[],"product_brand":[],"product_cat":[83,71],"product_tag":[],"class_list":{"0":"post-10023","1":"product","2":"type-product","3":"status-publish","4":"has-post-thumbnail","6":"product_cat-16-1","7":"product_cat-new-laptop-screens-lcd-panels","9":"first","10":"instock","11":"taxable","12":"shipping-taxable","13":"purchasable","14":"product-type-simple"},"_links":{"self":[{"href":"https:\/\/boreait.com\/hu\/wp-json\/wp\/v2\/product\/10023","targetHints":{"allow":["GET"]}}],"collection":[{"href":"https:\/\/boreait.com\/hu\/wp-json\/wp\/v2\/product"}],"about":[{"href":"https:\/\/boreait.com\/hu\/wp-json\/wp\/v2\/types\/product"}],"wp:featuredmedia":[{"embeddable":true,"href":"https:\/\/boreait.com\/hu\/wp-json\/wp\/v2\/media\/10036"}],"wp:attachment":[{"href":"https:\/\/boreait.com\/hu\/wp-json\/wp\/v2\/media?parent=10023"}],"wp:term":[{"taxonomy":"product_brand","embeddable":true,"href":"https:\/\/boreait.com\/hu\/wp-json\/wp\/v2\/product_brand?post=10023"},{"taxonomy":"product_cat","embeddable":true,"href":"https:\/\/boreait.com\/hu\/wp-json\/wp\/v2\/product_cat?post=10023"},{"taxonomy":"product_tag","embeddable":true,"href":"https:\/\/boreait.com\/hu\/wp-json\/wp\/v2\/product_tag?post=10023"}],"curies":[{"name":"wp","href":"https:\/\/api.w.org\/{rel}","templated":true}]}}