{"id":10022,"date":"2025-09-17T12:46:15","date_gmt":"2025-09-17T10:46:15","guid":{"rendered":"https:\/\/boreait.com\/hu\/?post_type=product&#038;p=10022"},"modified":"2025-09-17T12:46:21","modified_gmt":"2025-09-17T10:46:21","slug":"hp-probook-450-g2-g3-455-g4-156-huvelykes-wxga-fenyes-led-kepernyo-konzolokkal-uj","status":"publish","type":"product","link":"https:\/\/boreait.com\/hu\/termek\/hp-probook-450-g2-g3-455-g4-156-huvelykes-wxga-fenyes-led-kepernyo-konzolokkal-uj\/","title":{"rendered":"HP Probook 450 G2\/G3 455 G4 15,6 h\u00fcvelykes WXGA f\u00e9nyes LED-k\u00e9perny\u0151 konzolokkal \u00daj"},"content":{"rendered":"<p><strong>T\u00e9nyleges LCD-kijelz\u0151s modell: AU Optronics B156xw04 v.5 vagy n156bge-l31 rev c.1 \u2013 TELJESEN KOMPATIBILIS A K\u00c9PERNY\u0150VEL AZ LAPTOP HP Probook 450 G2 G3 455 G4-hez<\/strong><\/p>\n<p>Fokozza HP Probook 450 G2\/G3 vagy 455 G4 k\u00e9sz\u00fcl\u00e9k\u00e9t ezzel a kiv\u00e1l\u00f3 min\u0151s\u00e9g\u0171 15,6 h\u00fcvelykes LCD-k\u00e9perny\u0151vel. A WXGA felbont\u00e1s\u00fa, f\u00e9nyes kijelz\u0151 tiszta \u00e9s \u00e9l\u00e9nk l\u00e1tv\u00e1nyt ny\u00fajt, t\u00f6k\u00e9letes a mindennapi feladatokhoz \u00e9s a multim\u00e9di\u00e1s haszn\u00e1lathoz. A LED-es h\u00e1tt\u00e9rvil\u00e1g\u00edt\u00e1s energiatakar\u00e9kos f\u00e9nyer\u0151t biztos\u00edt, m\u00edg a f\u00e9nyes fel\u00fclet \u00e9l\u00e9nkebb sz\u00ednm\u00e9lys\u00e9get \u00e9s kontrasztot biztos\u00edt.<\/p>\n<p>Ezen a k\u00e9perny\u0151n fels\u0151 \u00e9s als\u00f3 tart\u00f3elemek tal\u00e1lhat\u00f3k, amelyek biztons\u00e1gosan illeszkednek a laptopba. A 40 t\u0171s csatlakoz\u00f3 stabil \u00e9s megb\u00edzhat\u00f3 csatlakoz\u00e1st biztos\u00edt, egyszer\u0171v\u00e9 t\u00e9ve a telep\u00edt\u00e9st. Ak\u00e1r egy s\u00e9r\u00fclt k\u00e9perny\u0151t cser\u00e9l, ak\u00e1r a jobb teljes\u00edtm\u00e9ny \u00e9rdek\u00e9ben friss\u00edt, ezt az LCD-k\u00e9perny\u0151t \u00fagy tervezt\u00e9k, hogy megfeleljen az \u00d6n ig\u00e9nyeinek.<\/p>\n<p>\u00c1llapot: \u00daj \u2013 garant\u00e1ltan hibamentes, \u00e9s k\u00e9szen \u00e1ll arra, hogy \u00faj \u00e9letet keltsen laptopj\u00e1ban.<\/p>\n","protected":false},"excerpt":{"rendered":"<p>Friss\u00edtse HP Probook 450 G2\/G3 \u00e9s 455 G4 k\u00e9sz\u00fcl\u00e9k\u00e9t egy 15,6&#8243;-os f\u00e9nyes LCD-k\u00e9perny\u0151vel. Ez a WXGA LED-kijelz\u0151 40 t\u0171s csatlakoz\u00f3val, valamint fels\u0151 \u00e9s als\u00f3 konzollal \u00e9l\u00e9nk l\u00e1tv\u00e1nyt biztos\u00edt. \u00c1llapot: \u00daj.<\/p>\n","protected":false},"featured_media":10035,"template":"","meta":[],"product_brand":[],"product_cat":[81,71],"product_tag":[],"class_list":{"0":"post-10022","1":"product","2":"type-product","3":"status-publish","4":"has-post-thumbnail","6":"product_cat-15-6-new-laptop-screens-lcd-panels","7":"product_cat-new-laptop-screens-lcd-panels","9":"first","10":"instock","11":"taxable","12":"shipping-taxable","13":"purchasable","14":"product-type-simple"},"_links":{"self":[{"href":"https:\/\/boreait.com\/hu\/wp-json\/wp\/v2\/product\/10022","targetHints":{"allow":["GET"]}}],"collection":[{"href":"https:\/\/boreait.com\/hu\/wp-json\/wp\/v2\/product"}],"about":[{"href":"https:\/\/boreait.com\/hu\/wp-json\/wp\/v2\/types\/product"}],"wp:featuredmedia":[{"embeddable":true,"href":"https:\/\/boreait.com\/hu\/wp-json\/wp\/v2\/media\/10035"}],"wp:attachment":[{"href":"https:\/\/boreait.com\/hu\/wp-json\/wp\/v2\/media?parent=10022"}],"wp:term":[{"taxonomy":"product_brand","embeddable":true,"href":"https:\/\/boreait.com\/hu\/wp-json\/wp\/v2\/product_brand?post=10022"},{"taxonomy":"product_cat","embeddable":true,"href":"https:\/\/boreait.com\/hu\/wp-json\/wp\/v2\/product_cat?post=10022"},{"taxonomy":"product_tag","embeddable":true,"href":"https:\/\/boreait.com\/hu\/wp-json\/wp\/v2\/product_tag?post=10022"}],"curies":[{"name":"wp","href":"https:\/\/api.w.org\/{rel}","templated":true}]}}