{"id":10021,"date":"2025-09-17T12:46:15","date_gmt":"2025-09-17T10:46:15","guid":{"rendered":"https:\/\/boreait.com\/hu\/?post_type=product&#038;p=10021"},"modified":"2025-09-17T12:46:21","modified_gmt":"2025-09-17T10:46:21","slug":"hp-probook-250-g5-156-fenyes-lcd-kepernyo-wxga-led-40-tus-tartokkal-uj","status":"publish","type":"product","link":"https:\/\/boreait.com\/hu\/termek\/hp-probook-250-g5-156-fenyes-lcd-kepernyo-wxga-led-40-tus-tartokkal-uj\/","title":{"rendered":"HP ProBook 250 G5 15,6&#8243; f\u00e9nyes LCD k\u00e9perny\u0151, WXGA LED 40 t\u0171s tart\u00f3kkal \u00daj"},"content":{"rendered":"<p><strong>T\u00e9nyleges LCD-k\u00e9perny\u0151s modell: AU Optronics B156xw04 v.5 vagy n156bge-l31 rev c.1 \u2013 TELJESEN KOMPATIBILIS A LAPTOP HP Probook 250 G5 K\u00c9PERNY\u0150J\u00c9VEL<\/strong><\/p>\n<p>Friss\u00edtse HP ProBook 250 G5-j\u00e9t ezzel a kiv\u00e1l\u00f3 min\u0151s\u00e9g\u0171, 15,6 h\u00fcvelykes LCD-k\u00e9perny\u0151vel, amely \u00e9l\u00e9nk l\u00e1tv\u00e1nyt \u00e9s letisztult megjelen\u00e9st biztos\u00edt. A k\u00e9perny\u0151 WXGA felbont\u00e1ssal (1366&#215;768) b\u00fcszk\u00e9lkedhet, amely tiszta \u00e9s r\u00e9szletgazdag k\u00e9peket k\u00edn\u00e1l, t\u00f6k\u00e9letes napi haszn\u00e1latra \u00e9s multim\u00e9di\u00e1s fogyaszt\u00e1sra. A f\u00e9nyes fel\u00fclet \u00e9l\u00e9nk\u00edti a sz\u00edngazdags\u00e1got, \u00e9s \u00e9l\u00e9nk\u00edti a l\u00e1tv\u00e1nyt.<\/p>\n<p>Ez a k\u00e9perny\u0151 LED-es h\u00e1tt\u00e9rvil\u00e1g\u00edt\u00e1ssal rendelkezik, amely biztos\u00edtja az energiahat\u00e9konys\u00e1got \u00e9s egyenletes f\u00e9nyer\u0151t a kijelz\u0151n. A 40 t\u0171s csatlakoz\u00f3 stabil kapcsolatot biztos\u00edt laptopj\u00e1val, a mell\u00e9kelt fels\u0151 \u00e9s als\u00f3 tart\u00f3konzolok pedig egyszer\u0171v\u00e9 \u00e9s biztons\u00e1goss\u00e1 teszik a telep\u00edt\u00e9st.<\/p>\n<p>Ak\u00e1r s\u00e9r\u00fclt k\u00e9perny\u0151t cser\u00e9l, ak\u00e1r jav\u00edtani szeretn\u00e9 a megjelen\u00edt\u00e9si \u00e9lm\u00e9nyt, ez az LCD-k\u00e9perny\u0151 megb\u00edzhat\u00f3 v\u00e1laszt\u00e1s HP ProBook 250 G5 k\u00e9sz\u00fcl\u00e9k\u00e9hez. \u00dajszer\u0171 \u00e1llapotban \u00e9rkezik, k\u00e9szen \u00e1ll arra, hogy kiv\u00e9teles teljes\u00edtm\u00e9nyt ny\u00fajtson a dobozb\u00f3l kiv\u00e9ve.<\/p>\n","protected":false},"excerpt":{"rendered":"<p>Fejlessze HP ProBook 250 G5-j\u00e9t ezzel a 15,6&#8243;-os f\u00e9nyes LCD-k\u00e9perny\u0151vel. WXGA felbont\u00e1ssal, LED-es h\u00e1tt\u00e9rvil\u00e1g\u00edt\u00e1ssal \u00e9s 40 t\u0171s csatlakoz\u00f3val rendelkezik, fels\u0151 \u00e9s als\u00f3 tart\u00f3kkal a biztons\u00e1gos telep\u00edt\u00e9s \u00e9rdek\u00e9ben. \u00c1llapot: \u00daj.<\/p>\n","protected":false},"featured_media":10035,"template":"","meta":[],"product_brand":[],"product_cat":[81,71],"product_tag":[],"class_list":{"0":"post-10021","1":"product","2":"type-product","3":"status-publish","4":"has-post-thumbnail","6":"product_cat-15-6-new-laptop-screens-lcd-panels","7":"product_cat-new-laptop-screens-lcd-panels","9":"first","10":"instock","11":"taxable","12":"shipping-taxable","13":"purchasable","14":"product-type-simple"},"_links":{"self":[{"href":"https:\/\/boreait.com\/hu\/wp-json\/wp\/v2\/product\/10021","targetHints":{"allow":["GET"]}}],"collection":[{"href":"https:\/\/boreait.com\/hu\/wp-json\/wp\/v2\/product"}],"about":[{"href":"https:\/\/boreait.com\/hu\/wp-json\/wp\/v2\/types\/product"}],"wp:featuredmedia":[{"embeddable":true,"href":"https:\/\/boreait.com\/hu\/wp-json\/wp\/v2\/media\/10035"}],"wp:attachment":[{"href":"https:\/\/boreait.com\/hu\/wp-json\/wp\/v2\/media?parent=10021"}],"wp:term":[{"taxonomy":"product_brand","embeddable":true,"href":"https:\/\/boreait.com\/hu\/wp-json\/wp\/v2\/product_brand?post=10021"},{"taxonomy":"product_cat","embeddable":true,"href":"https:\/\/boreait.com\/hu\/wp-json\/wp\/v2\/product_cat?post=10021"},{"taxonomy":"product_tag","embeddable":true,"href":"https:\/\/boreait.com\/hu\/wp-json\/wp\/v2\/product_tag?post=10021"}],"curies":[{"name":"wp","href":"https:\/\/api.w.org\/{rel}","templated":true}]}}