{"id":10020,"date":"2025-09-17T12:46:15","date_gmt":"2025-09-17T10:46:15","guid":{"rendered":"https:\/\/boreait.com\/hu\/?post_type=product&#038;p=10020"},"modified":"2025-09-17T12:46:21","modified_gmt":"2025-09-17T10:46:21","slug":"hp-probook-650-g1-g2-156-fenyes-lcd-kepernyo-wxga-led-tartokkal-uj","status":"publish","type":"product","link":"https:\/\/boreait.com\/hu\/termek\/hp-probook-650-g1-g2-156-fenyes-lcd-kepernyo-wxga-led-tartokkal-uj\/","title":{"rendered":"HP ProBook 650 G1\/G2 15,6&#8243; f\u00e9nyes LCD k\u00e9perny\u0151 WXGA LED tart\u00f3kkal \u00daj"},"content":{"rendered":"<p><strong>T\u00e9nyleges LCD-kijelz\u0151s modell: AU Optronics B156xw04 v.5 vagy n156bge-l31 rev c.1 \u2013 TELJESEN KOMPATIBILIS A LAPTOP HP ProBook 650 G1 G2 K\u00c9PERNY\u0150J\u00c9VEL<\/strong><\/p>\n<p>Fokozza HP ProBook 650 G1\/G2 vizu\u00e1lis teljes\u00edtm\u00e9ny\u00e9t ezzel a kiv\u00e1l\u00f3 min\u0151s\u00e9g\u0171, 15,6 h\u00fcvelykes LCD-k\u00e9perny\u0151vel. \u00c9les, tiszta k\u00e9peket biztos\u00edt\u00f3 k\u00e9perny\u0151 WXGA felbont\u00e1ssal (1366&#215;768) \u00e9s f\u00e9nyes fel\u00fclettel rendelkezik, amely \u00e9l\u00e9nk sz\u00edneket \u00e9s \u00e9les kontrasztot biztos\u00edt, amely t\u00f6k\u00e9letes a munk\u00e1hoz \u00e9s a sz\u00f3rakoz\u00e1shoz.<\/p>\n<p>A LED-es h\u00e1tt\u00e9rvil\u00e1g\u00edt\u00e1s biztos\u00edtja az energiahat\u00e9konys\u00e1got, mik\u00f6zben meg\u0151rzi a f\u00e9nyer\u0151t, \u00edgy megb\u00edzhat\u00f3 v\u00e1laszt\u00e1s a hosszabb haszn\u00e1lathoz. A 40 t\u0171s csatlakoz\u00f3val ez a k\u00e9perny\u0151 biztons\u00e1gos \u00e9s stabil csatlakoz\u00e1st k\u00edn\u00e1l a k\u00e9sz\u00fcl\u00e9khez, biztos\u00edtva a z\u00f6kken\u0151mentes m\u0171k\u00f6d\u00e9st. A fels\u0151 \u00e9s als\u00f3 konzolok be\u00e9p\u00edt\u00e9se leegyszer\u0171s\u00edti a telep\u00edt\u00e9si folyamatot, megk\u00f6nny\u00edtve a r\u00e9gi vagy s\u00e9r\u00fclt k\u00e9perny\u0151 cser\u00e9j\u00e9t.<\/p>\n<p>Ez az LCD-k\u00e9perny\u0151 vadonat\u00faj, garant\u00e1lja a hib\u00e1tlan term\u00e9ket, amely k\u00e9szen \u00e1ll arra, hogy tov\u00e1bbfejlesztett vizu\u00e1lis \u00e9s teljes\u00edtm\u00e9ny mellett \u00e9letre keltse laptopj\u00e1t.<\/p>\n","protected":false},"excerpt":{"rendered":"<p>Friss\u00edtse HP ProBook 650 G1\/G2 k\u00e9sz\u00fcl\u00e9k\u00e9t egy \u00faj, 15,6&#8243;-os, f\u00e9nyes LCD-k\u00e9perny\u0151vel. A WXGA felbont\u00e1s\u00fa, LED-es h\u00e1tt\u00e9rvil\u00e1g\u00edt\u00e1ssal \u00e9s 40 t\u0171s csatlakoz\u00e1ssal rendelkez\u0151 kijelz\u0151 fels\u0151 \u00e9s als\u00f3 tart\u00f3kkal rendelkezik az egyszer\u0171 telep\u00edt\u00e9s \u00e9rdek\u00e9ben. \u00c1llapot: \u00daj.<\/p>\n","protected":false},"featured_media":10035,"template":"","meta":[],"product_brand":[],"product_cat":[81,71],"product_tag":[],"class_list":{"0":"post-10020","1":"product","2":"type-product","3":"status-publish","4":"has-post-thumbnail","6":"product_cat-15-6-new-laptop-screens-lcd-panels","7":"product_cat-new-laptop-screens-lcd-panels","9":"first","10":"instock","11":"taxable","12":"shipping-taxable","13":"purchasable","14":"product-type-simple"},"_links":{"self":[{"href":"https:\/\/boreait.com\/hu\/wp-json\/wp\/v2\/product\/10020","targetHints":{"allow":["GET"]}}],"collection":[{"href":"https:\/\/boreait.com\/hu\/wp-json\/wp\/v2\/product"}],"about":[{"href":"https:\/\/boreait.com\/hu\/wp-json\/wp\/v2\/types\/product"}],"wp:featuredmedia":[{"embeddable":true,"href":"https:\/\/boreait.com\/hu\/wp-json\/wp\/v2\/media\/10035"}],"wp:attachment":[{"href":"https:\/\/boreait.com\/hu\/wp-json\/wp\/v2\/media?parent=10020"}],"wp:term":[{"taxonomy":"product_brand","embeddable":true,"href":"https:\/\/boreait.com\/hu\/wp-json\/wp\/v2\/product_brand?post=10020"},{"taxonomy":"product_cat","embeddable":true,"href":"https:\/\/boreait.com\/hu\/wp-json\/wp\/v2\/product_cat?post=10020"},{"taxonomy":"product_tag","embeddable":true,"href":"https:\/\/boreait.com\/hu\/wp-json\/wp\/v2\/product_tag?post=10020"}],"curies":[{"name":"wp","href":"https:\/\/api.w.org\/{rel}","templated":true}]}}