{"id":10019,"date":"2025-09-17T12:46:15","date_gmt":"2025-09-17T10:46:15","guid":{"rendered":"https:\/\/boreait.com\/hu\/?post_type=product&#038;p=10019"},"modified":"2025-09-17T12:46:21","modified_gmt":"2025-09-17T10:46:21","slug":"dell-inspiron-15r-3521-156-huvelykes-lcd-kepernyo-wxga-fenyes-led-40-tus-tartokkal-uj","status":"publish","type":"product","link":"https:\/\/boreait.com\/hu\/termek\/dell-inspiron-15r-3521-156-huvelykes-lcd-kepernyo-wxga-fenyes-led-40-tus-tartokkal-uj\/","title":{"rendered":"Dell Inspiron 15R 3521 15,6 h\u00fcvelykes LCD k\u00e9perny\u0151 WXGA f\u00e9nyes LED 40 t\u0171s tart\u00f3kkal \u00daj"},"content":{"rendered":"<p><strong>T\u00e9nyleges LCD-k\u00e9perny\u0151s modell: AU Optronics B156xw04 v.5 vagy n156bge-l31 rev c.1 \u2013 TELJESEN KOMPATIBILIS A K\u00c9PERNY\u0150VEL A Dell Inspiron 15R, 15 3521 laptophoz<\/strong><\/p>\n<p>Fokozza Dell Inspiron 15R vagy 15 3521 laptopj\u00e1t egy vadonat\u00faj, 15,6&#8243;-os WXGA f\u00e9nyes LCD-k\u00e9perny\u0151vel. Ez a cserek\u00e9perny\u0151 leny\u0171g\u00f6z\u0151 WXGA felbont\u00e1st k\u00edn\u00e1l, tiszta \u00e9s \u00e9l\u00e9nk l\u00e1tv\u00e1nyt ny\u00fajt f\u00e9nyes fel\u00fclettel, amely fokozza a sz\u00edngazdags\u00e1got \u00e9s a r\u00e9szleteket. A LED-es h\u00e1tt\u00e9rvil\u00e1g\u00edt\u00e1s gondoskodik az energiahat\u00e9konys\u00e1gr\u00f3l \u00e9s a mindennapi sz\u00f3rakoztat\u00e1sr\u00f3l, valamint a f\u00e9nyes megjelen\u00edt\u00e9sr\u0151l.<\/p>\n<p>A z\u00f6kken\u0151mentes kompatibilit\u00e1sra tervezett k\u00e9perny\u0151 fels\u0151 \u00e9s als\u00f3 konzolokat tartalmaz, \u00edgy a telep\u00edt\u00e9s egyszer\u0171 \u00e9s biztons\u00e1gos. A 40 t\u0171s csatlakoz\u00f3 megb\u00edzhat\u00f3 csatlakoz\u00e1st garant\u00e1l laptopja alaplapj\u00e1hoz, \u00edgy biztos\u00edtva a stabil teljes\u00edtm\u00e9nyt. Ak\u00e1r egy s\u00e9r\u00fclt k\u00e9perny\u0151t cser\u00e9l, ak\u00e1r a jobb megtekint\u00e9si \u00e9lm\u00e9ny \u00e9rdek\u00e9ben friss\u00edt, ez az LCD-k\u00e9perny\u0151 t\u00f6k\u00e9letesen illeszkedik.<\/p>\n<p>A k\u00e9perny\u0151 vadonat\u00faj, \u00edgy kiv\u00e1l\u00f3 min\u0151s\u00e9g\u0171 term\u00e9ket kap, amely hib\u00e1tlan \u00e9s azonnal haszn\u00e1latra k\u00e9sz.<\/p>\n","protected":false},"excerpt":{"rendered":"<p>Friss\u00edtse Dell Inspiron 15R, 15 3521 k\u00e9sz\u00fcl\u00e9k\u00e9t ezzel a 15,6&#8243;-os WXGA f\u00e9nyes LCD-k\u00e9perny\u0151vel. LED-es h\u00e1tt\u00e9rvil\u00e1g\u00edt\u00e1ssal \u00e9s 40 t\u0171s csatlakoz\u00f3val, valamint fels\u0151 \u00e9s als\u00f3 tart\u00f3kkal az egyszer\u0171 telep\u00edt\u00e9s \u00e9rdek\u00e9ben. \u00c1llapot: \u00daj.<\/p>\n","protected":false},"featured_media":10035,"template":"","meta":[],"product_brand":[],"product_cat":[81,71],"product_tag":[],"class_list":{"0":"post-10019","1":"product","2":"type-product","3":"status-publish","4":"has-post-thumbnail","6":"product_cat-15-6-new-laptop-screens-lcd-panels","7":"product_cat-new-laptop-screens-lcd-panels","9":"first","10":"instock","11":"taxable","12":"shipping-taxable","13":"purchasable","14":"product-type-simple"},"_links":{"self":[{"href":"https:\/\/boreait.com\/hu\/wp-json\/wp\/v2\/product\/10019","targetHints":{"allow":["GET"]}}],"collection":[{"href":"https:\/\/boreait.com\/hu\/wp-json\/wp\/v2\/product"}],"about":[{"href":"https:\/\/boreait.com\/hu\/wp-json\/wp\/v2\/types\/product"}],"wp:featuredmedia":[{"embeddable":true,"href":"https:\/\/boreait.com\/hu\/wp-json\/wp\/v2\/media\/10035"}],"wp:attachment":[{"href":"https:\/\/boreait.com\/hu\/wp-json\/wp\/v2\/media?parent=10019"}],"wp:term":[{"taxonomy":"product_brand","embeddable":true,"href":"https:\/\/boreait.com\/hu\/wp-json\/wp\/v2\/product_brand?post=10019"},{"taxonomy":"product_cat","embeddable":true,"href":"https:\/\/boreait.com\/hu\/wp-json\/wp\/v2\/product_cat?post=10019"},{"taxonomy":"product_tag","embeddable":true,"href":"https:\/\/boreait.com\/hu\/wp-json\/wp\/v2\/product_tag?post=10019"}],"curies":[{"name":"wp","href":"https:\/\/api.w.org\/{rel}","templated":true}]}}