{"id":10018,"date":"2025-09-17T12:46:15","date_gmt":"2025-09-17T10:46:15","guid":{"rendered":"https:\/\/boreait.com\/hu\/?post_type=product&#038;p=10018"},"modified":"2025-09-17T12:46:21","modified_gmt":"2025-09-17T10:46:21","slug":"hp-probook-450-g1-lcd-kepernyo-156-wxga-fenyes-led-40-tus-tartokkal-uj","status":"publish","type":"product","link":"https:\/\/boreait.com\/hu\/termek\/hp-probook-450-g1-lcd-kepernyo-156-wxga-fenyes-led-40-tus-tartokkal-uj\/","title":{"rendered":"HP ProBook 450 G1 LCD k\u00e9perny\u0151 15,6&#8243; WXGA f\u00e9nyes LED 40 t\u0171s tart\u00f3kkal \u00daj"},"content":{"rendered":"<p><strong>T\u00e9nyleges LCD-kijelz\u0151s modell: AU Optronics B156xw04 v.5 vagy n156bge-l31 rev c.1 \u2013 TELJESEN KOMPATIBILIS A K\u00c9PERNY\u0150VEL A LAPTOP HP ProBook 450 G1 sorozat\u00e1hoz<\/strong><\/p>\n<p>N\u00f6velje HP ProBook 450 G1 sorozat\u00e1nak megjelen\u00edt\u00e9si min\u0151s\u00e9g\u00e9t ezzel a vadonat\u00faj 15,6 h\u00fcvelykes LCD-k\u00e9perny\u0151vel. A z\u00f6kken\u0151mentes illeszked\u00e9sre tervezett k\u00e9perny\u0151 f\u00e9nyes fel\u00fclettel rendelkezik, amely \u00e9l\u00e9nk, \u00e9les k\u00e9peket biztos\u00edt, \u00edgy munk\u00e1hoz \u00e9s sz\u00f3rakoz\u00e1shoz egyar\u00e1nt t\u00f6k\u00e9letes.<\/p>\n<p>WXGA felbont\u00e1ssal ez a k\u00e9perny\u0151 tiszta \u00e9s r\u00e9szletgazdag l\u00e1tv\u00e1nyt ny\u00fajt, \u00e9s \u00e9lvezetes megtekint\u00e9si \u00e9lm\u00e9nyt biztos\u00edt. A LED-es h\u00e1tt\u00e9rvil\u00e1g\u00edt\u00e1s egyenletes f\u00e9nyer\u0151t biztos\u00edt, m\u00edg a 40 t\u0171s csatlakoz\u00f3 stabil kapcsolatot biztos\u00edt laptopj\u00e1val. Ezenk\u00edv\u00fcl a k\u00e9perny\u0151n el\u0151re r\u00f6gz\u00edtett fels\u0151 \u00e9s als\u00f3 konzolok vannak, \u00edgy a telep\u00edt\u00e9s egyszer\u0171 \u00e9s probl\u00e9mamentes.<\/p>\n<p>Ez az LCD-k\u00e9perny\u0151 vadonat\u00faj \u00e1llapotban van, amely biztos\u00edtja, hogy kiv\u00e1l\u00f3 min\u0151s\u00e9g\u0171, hibamentes term\u00e9ket kapjon beszerel\u00e9sre k\u00e9szen. Ide\u00e1lis a s\u00e9r\u00fclt k\u00e9perny\u0151 cser\u00e9je vagy a laptop kijelz\u0151je teljes\u00edtm\u00e9ny\u00e9nek jav\u00edt\u00e1sa \u00e9rdek\u00e9ben t\u00f6rt\u00e9n\u0151 friss\u00edt\u00e9s.<\/p>\n","protected":false},"excerpt":{"rendered":"<p>Friss\u00edtse HP ProBook 450 G1 sorozat\u00e1t egy \u00faj, 15,6&#8243;-os f\u00e9nyes LCD-k\u00e9perny\u0151vel. Ez a WXGA LED-kijelz\u0151 fels\u0151 \u00e9s als\u00f3 konzollal, valamint 40 t\u0171s csatlakoz\u00f3val rendelkezik. \u00c1llapot: \u00daj.<\/p>\n","protected":false},"featured_media":10035,"template":"","meta":[],"product_brand":[],"product_cat":[81,71],"product_tag":[],"class_list":{"0":"post-10018","1":"product","2":"type-product","3":"status-publish","4":"has-post-thumbnail","6":"product_cat-15-6-new-laptop-screens-lcd-panels","7":"product_cat-new-laptop-screens-lcd-panels","9":"first","10":"instock","11":"taxable","12":"shipping-taxable","13":"purchasable","14":"product-type-simple"},"_links":{"self":[{"href":"https:\/\/boreait.com\/hu\/wp-json\/wp\/v2\/product\/10018","targetHints":{"allow":["GET"]}}],"collection":[{"href":"https:\/\/boreait.com\/hu\/wp-json\/wp\/v2\/product"}],"about":[{"href":"https:\/\/boreait.com\/hu\/wp-json\/wp\/v2\/types\/product"}],"wp:featuredmedia":[{"embeddable":true,"href":"https:\/\/boreait.com\/hu\/wp-json\/wp\/v2\/media\/10035"}],"wp:attachment":[{"href":"https:\/\/boreait.com\/hu\/wp-json\/wp\/v2\/media?parent=10018"}],"wp:term":[{"taxonomy":"product_brand","embeddable":true,"href":"https:\/\/boreait.com\/hu\/wp-json\/wp\/v2\/product_brand?post=10018"},{"taxonomy":"product_cat","embeddable":true,"href":"https:\/\/boreait.com\/hu\/wp-json\/wp\/v2\/product_cat?post=10018"},{"taxonomy":"product_tag","embeddable":true,"href":"https:\/\/boreait.com\/hu\/wp-json\/wp\/v2\/product_tag?post=10018"}],"curies":[{"name":"wp","href":"https:\/\/api.w.org\/{rel}","templated":true}]}}