{"id":10017,"date":"2025-09-17T12:46:15","date_gmt":"2025-09-17T10:46:15","guid":{"rendered":"https:\/\/boreait.com\/hu\/?post_type=product&#038;p=10017"},"modified":"2025-09-17T12:46:21","modified_gmt":"2025-09-17T10:46:21","slug":"asus-156-lcd-kepernyo-wxga-fenyes-40-tus-f55l-x55ld-x550c-tartokkal-uj","status":"publish","type":"product","link":"https:\/\/boreait.com\/hu\/termek\/asus-156-lcd-kepernyo-wxga-fenyes-40-tus-f55l-x55ld-x550c-tartokkal-uj\/","title":{"rendered":"Asus 15,6&#8243; LCD k\u00e9perny\u0151 WXGA F\u00e9nyes 40 t\u0171s F55L X55LD X550C tart\u00f3kkal \u00daj"},"content":{"rendered":"<p><strong>T\u00e9nyleges LCD-k\u00e9perny\u0151s modell: AU Optronics B156xw04 v.5 vagy n156bge-l31 rev c.1 \u2013 TELJESEN KOMPATIBILIS A LAPTOP ASUS F55L X55LD X550C S56CA X555L X502C K\u00c9PERNY\u0150J\u00c9VEL<\/strong><\/p>\n<p>Fokozza a megtekint\u00e9si \u00e9lm\u00e9nyt ezzel a vadonat\u00faj 15,6&#8243;-os WXGA f\u00e9nyes LCD-k\u00e9perny\u0151vel, amelyet sz\u00e1mos Asus laptophoz terveztek, bele\u00e9rtve az F55L, X55LD, X550C, S56CA, X555L \u00e9s X502C modelleket. 1366&#215;768-as felbont\u00e1s\u00e1val ez a k\u00e9perny\u0151 tiszta \u00e9s \u00e9l\u00e9nk vizu\u00e1lis \u00e9s sz\u00f3rakoztat\u00f3 munkav\u00e9gz\u00e9st tesz lehet\u0151v\u00e9.<\/p>\n<p>A f\u00e9nyes fel\u00fclet f\u00e9nyes \u00e9s \u00e9l\u00e9nk kijelz\u0151t biztos\u00edt, \u00e9letre keltve tartalmait tov\u00e1bbfejlesztett sz\u00ednekkel \u00e9s \u00e9less\u00e9ggel. A LED-es h\u00e1tt\u00e9rvil\u00e1g\u00edt\u00e1s energiahat\u00e9konys\u00e1got \u00e9s hosszabb \u00e9lettartamot biztos\u00edt, \u00edgy megb\u00edzhat\u00f3 v\u00e1laszt\u00e1s a mindennapi haszn\u00e1latra.<\/p>\n<p>Ez az LCD-k\u00e9perny\u0151 fels\u0151 \u00e9s als\u00f3 konzolokat tartalmaz az egyszer\u0171 telep\u00edt\u00e9s \u00e9rdek\u00e9ben, a 40 t\u0171s csatlakoz\u00f3 pedig garant\u00e1lja a biztons\u00e1gos illeszked\u00e9st a k\u00e9sz\u00fcl\u00e9khez. Ak\u00e1r egy s\u00e9r\u00fclt k\u00e9perny\u0151t cser\u00e9l, ak\u00e1r a kijelz\u0151t friss\u00edti, ez a term\u00e9k min\u0151s\u00e9get \u00e9s tart\u00f3ss\u00e1got biztos\u00edt.<\/p>\n<p>K\u00e9rj\u00fck, vegye figyelembe, hogy ez a k\u00e9perny\u0151 \u00fajszer\u0171 \u00e1llapotban van, \u00edgy biztos\u00edtva, hogy hib\u00e1tlan, telep\u00edt\u00e9sre k\u00e9sz term\u00e9ket kapjon.<\/p>\n","protected":false},"excerpt":{"rendered":"<p>Friss\u00edtse Asus laptopj\u00e1t ezzel a 15,6 h\u00fcvelykes WXGA f\u00e9nyes LCD-k\u00e9perny\u0151vel, amely kompatibilis az F55L, X55LD, X550C, S56CA, X555L \u00e9s X502C modellekkel. LED-es h\u00e1tt\u00e9rvil\u00e1g\u00edt\u00e1ssal, 40 t\u0171s csatlakoz\u00e1ssal, valamint fels\u0151 \u00e9s als\u00f3 konzollal. \u00c1llapot: \u00daj.<\/p>\n","protected":false},"featured_media":10035,"template":"","meta":[],"product_brand":[],"product_cat":[81,71],"product_tag":[30],"class_list":{"0":"post-10017","1":"product","2":"type-product","3":"status-publish","4":"has-post-thumbnail","6":"product_cat-15-6-new-laptop-screens-lcd-panels","7":"product_cat-new-laptop-screens-lcd-panels","8":"product_tag-asus","10":"first","11":"instock","12":"taxable","13":"shipping-taxable","14":"purchasable","15":"product-type-simple"},"_links":{"self":[{"href":"https:\/\/boreait.com\/hu\/wp-json\/wp\/v2\/product\/10017","targetHints":{"allow":["GET"]}}],"collection":[{"href":"https:\/\/boreait.com\/hu\/wp-json\/wp\/v2\/product"}],"about":[{"href":"https:\/\/boreait.com\/hu\/wp-json\/wp\/v2\/types\/product"}],"wp:featuredmedia":[{"embeddable":true,"href":"https:\/\/boreait.com\/hu\/wp-json\/wp\/v2\/media\/10035"}],"wp:attachment":[{"href":"https:\/\/boreait.com\/hu\/wp-json\/wp\/v2\/media?parent=10017"}],"wp:term":[{"taxonomy":"product_brand","embeddable":true,"href":"https:\/\/boreait.com\/hu\/wp-json\/wp\/v2\/product_brand?post=10017"},{"taxonomy":"product_cat","embeddable":true,"href":"https:\/\/boreait.com\/hu\/wp-json\/wp\/v2\/product_cat?post=10017"},{"taxonomy":"product_tag","embeddable":true,"href":"https:\/\/boreait.com\/hu\/wp-json\/wp\/v2\/product_tag?post=10017"}],"curies":[{"name":"wp","href":"https:\/\/api.w.org\/{rel}","templated":true}]}}