{"id":10016,"date":"2025-09-17T12:46:15","date_gmt":"2025-09-17T10:46:15","guid":{"rendered":"https:\/\/boreait.com\/hu\/?post_type=product&#038;p=10016"},"modified":"2025-09-17T12:46:20","modified_gmt":"2025-09-17T10:46:20","slug":"acer-aspire-v5-571-lcd-kepernyo-156-wxga-led-fenyes-40-tus-tartokkal-uj","status":"publish","type":"product","link":"https:\/\/boreait.com\/hu\/termek\/acer-aspire-v5-571-lcd-kepernyo-156-wxga-led-fenyes-40-tus-tartokkal-uj\/","title":{"rendered":"Acer Aspire V5-571 LCD k\u00e9perny\u0151 15,6&#8243; WXGA LED f\u00e9nyes 40 t\u0171s tart\u00f3kkal \u00daj"},"content":{"rendered":"<p><strong>T\u00e9nyleges LCD-k\u00e9perny\u0151s modell: AU Optronics B156xw04 v.5 vagy n156bge-l31 rev c.1 \u2013 TELJESEN KOMPATIBILIS A LAPTOP ACER ASPIRE V5-571 K\u00c9PERNY\u0150J\u00c9VEL<\/strong><\/p>\n<p>Revitaliz\u00e1lja Acer Aspire V5-571 laptopj\u00e1t ezzel a kiv\u00e1l\u00f3 min\u0151s\u00e9g\u0171 15,6&#8243;-es WXGA LED-k\u00e9perny\u0151vel. A kifejezetten az \u00d6n modellj\u00e9hez tervezett k\u00e9perny\u0151 f\u00e9nyes fel\u00fcletet k\u00edn\u00e1l, amely kiemeli a sz\u00edneket \u00e9s \u00e9l\u00e9nk l\u00e1tv\u00e1nyt ny\u00fajt. 1366&#215;768-as felbont\u00e1s\u00e1val \u00e9les \u00e9s tiszta l\u00e1tv\u00e1nyt \u00e9lvezhet, amely t\u00f6k\u00e9letes a mindennapi kedvenc m\u0171soraihoz, a webb\u00f6ng\u00e9sz\u00e9sig.<\/p>\n<p>Ez az LCD-k\u00e9perny\u0151 el\u0151re telep\u00edtett fels\u0151 \u00e9s als\u00f3 konzollal rendelkezik, \u00edgy a telep\u00edt\u00e9s egyszer\u0171 \u00e9s probl\u00e9mamentes. A 40 t\u0171s csatlakoz\u00f3 biztos\u00edtja a kompatibilit\u00e1st \u00e9s a biztons\u00e1gos csatlakoz\u00e1st az eszk\u00f6zzel, \u00edgy biztos\u00edtva a hosszan tart\u00f3 teljes\u00edtm\u00e9nyt. Ak\u00e1r egy t\u00f6r\u00f6tt k\u00e9perny\u0151t cser\u00e9l, ak\u00e1r egyszer\u0171en friss\u00edt, ez a k\u00e9perny\u0151 t\u00f6k\u00e9letesen illeszkedik.<\/p>\n<p>\u00c1llapot: vadonat\u00faj, \u00edgy hibamentes term\u00e9ket kap, amely k\u00e9szen \u00e1ll a telep\u00edt\u00e9sre.<\/p>\n","protected":false},"excerpt":{"rendered":"<p>Friss\u00edtse Acer Aspire V5-571-\u00e9t egy \u00faj, 15,6&#8243;-os f\u00e9nyes WXGA LED-k\u00e9perny\u0151vel. Fels\u0151 \u00e9s als\u00f3 konzolokkal, 40 t\u0171s csatlakoz\u00f3val \u00e9s \u00e9l\u00e9nk kijelz\u0151min\u0151s\u00e9ggel. \u00c1llapot: \u00daj.<\/p>\n","protected":false},"featured_media":10035,"template":"","meta":[],"product_brand":[],"product_cat":[81,71],"product_tag":[29],"class_list":{"0":"post-10016","1":"product","2":"type-product","3":"status-publish","4":"has-post-thumbnail","6":"product_cat-15-6-new-laptop-screens-lcd-panels","7":"product_cat-new-laptop-screens-lcd-panels","8":"product_tag-acer","10":"first","11":"instock","12":"taxable","13":"shipping-taxable","14":"purchasable","15":"product-type-simple"},"_links":{"self":[{"href":"https:\/\/boreait.com\/hu\/wp-json\/wp\/v2\/product\/10016","targetHints":{"allow":["GET"]}}],"collection":[{"href":"https:\/\/boreait.com\/hu\/wp-json\/wp\/v2\/product"}],"about":[{"href":"https:\/\/boreait.com\/hu\/wp-json\/wp\/v2\/types\/product"}],"wp:featuredmedia":[{"embeddable":true,"href":"https:\/\/boreait.com\/hu\/wp-json\/wp\/v2\/media\/10035"}],"wp:attachment":[{"href":"https:\/\/boreait.com\/hu\/wp-json\/wp\/v2\/media?parent=10016"}],"wp:term":[{"taxonomy":"product_brand","embeddable":true,"href":"https:\/\/boreait.com\/hu\/wp-json\/wp\/v2\/product_brand?post=10016"},{"taxonomy":"product_cat","embeddable":true,"href":"https:\/\/boreait.com\/hu\/wp-json\/wp\/v2\/product_cat?post=10016"},{"taxonomy":"product_tag","embeddable":true,"href":"https:\/\/boreait.com\/hu\/wp-json\/wp\/v2\/product_tag?post=10016"}],"curies":[{"name":"wp","href":"https:\/\/api.w.org\/{rel}","templated":true}]}}