{"id":10015,"date":"2025-09-17T12:46:15","date_gmt":"2025-09-17T10:46:15","guid":{"rendered":"https:\/\/boreait.com\/hu\/?post_type=product&#038;p=10015"},"modified":"2025-09-17T12:46:20","modified_gmt":"2025-09-17T10:46:20","slug":"dell-inspiron-15-3521-5320-5521-5523-lcd-kepernyo-156-wxga-fenyes-led-40-tus-uj","status":"publish","type":"product","link":"https:\/\/boreait.com\/hu\/termek\/dell-inspiron-15-3521-5320-5521-5523-lcd-kepernyo-156-wxga-fenyes-led-40-tus-uj\/","title":{"rendered":"DELL Inspiron 15 3521 5320 5521 5523 LCD k\u00e9perny\u0151 15,6&#8243; WXGA f\u00e9nyes LED 40 t\u0171s \u00daj"},"content":{"rendered":"<p><strong>T\u00e9nyleges LCD-k\u00e9perny\u0151s modell: AU Optronics B156xw04 v.5 vagy n156bge-l31 rev c.1 \u2013 TELJESEN KOMPATIBILIS A DELL Inspiron 15 3521 5320 5521 5523 LAPTOP K\u00c9PERNY\u0150VEL<\/strong><\/p>\n<p>Fokozza Dell Inspiron laptopj\u00e1t ezzel a kiv\u00e1l\u00f3 min\u0151s\u00e9g\u0171 15,6 h\u00fcvelykes LCD-k\u00e9perny\u0151vel, amely kompatibilis a 3521-es, 5320-as, 5521-es \u00e9s 5523-as modellekkel. A WXGA felbont\u00e1s\u00fa k\u00e9perny\u0151 \u00e9les \u00e9s tiszta k\u00e9pet ad, amely t\u00f6k\u00e9letes a munk\u00e1hoz \u00e9s a sz\u00f3rakoz\u00e1shoz egyar\u00e1nt. A f\u00e9nyes fel\u00fclet \u00e9l\u00e9nkebb\u00e9 teszi a k\u00e9peket \u00e9s a vide\u00f3z\u00e1st, \u00e9l\u00e9nkebb\u00e9 teszi a kijelz\u0151t.<\/p>\n<p>Ez a LED-k\u00e9perny\u0151 fels\u0151 \u00e9s als\u00f3 tart\u00f3kkal rendelkezik az egyszer\u0171 telep\u00edt\u00e9s \u00e9rdek\u00e9ben, \u00edgy biztos\u00edtva a biztons\u00e1gos illeszked\u00e9st az eszk\u00f6zben. A 40 t\u0171s csatlakoz\u00f3 stabil kapcsolatot biztos\u00edt, garant\u00e1lva az egyenletes teljes\u00edtm\u00e9nyt \u00e9s megb\u00edzhat\u00f3s\u00e1got. Ak\u00e1r egy s\u00e9r\u00fclt k\u00e9perny\u0151t cser\u00e9l, ak\u00e1r friss\u00edteni szeretne, ez az LCD megb\u00edzhat\u00f3 v\u00e1laszt\u00e1s Dell Inspiron k\u00e9sz\u00fcl\u00e9k\u00e9hez.<\/p>\n<p>Biztos lehet, ez a k\u00e9perny\u0151 vadonat\u00faj, vagyis mentes a kop\u00e1st\u00f3l, \u00e9s k\u00e9szen \u00e1ll arra, hogy \u00faj \u00e9letet keltsen laptopj\u00e1ban.<\/p>\n","protected":false},"excerpt":{"rendered":"<p>Friss\u00edtse Dell Inspiron 15 3521, 5320, 5521 vagy 5523 k\u00e9sz\u00fcl\u00e9k\u00e9t ezzel a 15,6 h\u00fcvelykes WXGA f\u00e9nyes LED-k\u00e9perny\u0151vel. Fels\u0151 \u00e9s als\u00f3 konzolokkal, valamint 40 t\u0171s csatlakoz\u00f3val rendelkezik. \u00c1llapot: \u00daj.<\/p>\n","protected":false},"featured_media":10035,"template":"","meta":[],"product_brand":[],"product_cat":[81,71],"product_tag":[],"class_list":{"0":"post-10015","1":"product","2":"type-product","3":"status-publish","4":"has-post-thumbnail","6":"product_cat-15-6-new-laptop-screens-lcd-panels","7":"product_cat-new-laptop-screens-lcd-panels","9":"first","10":"instock","11":"taxable","12":"shipping-taxable","13":"purchasable","14":"product-type-simple"},"_links":{"self":[{"href":"https:\/\/boreait.com\/hu\/wp-json\/wp\/v2\/product\/10015","targetHints":{"allow":["GET"]}}],"collection":[{"href":"https:\/\/boreait.com\/hu\/wp-json\/wp\/v2\/product"}],"about":[{"href":"https:\/\/boreait.com\/hu\/wp-json\/wp\/v2\/types\/product"}],"wp:featuredmedia":[{"embeddable":true,"href":"https:\/\/boreait.com\/hu\/wp-json\/wp\/v2\/media\/10035"}],"wp:attachment":[{"href":"https:\/\/boreait.com\/hu\/wp-json\/wp\/v2\/media?parent=10015"}],"wp:term":[{"taxonomy":"product_brand","embeddable":true,"href":"https:\/\/boreait.com\/hu\/wp-json\/wp\/v2\/product_brand?post=10015"},{"taxonomy":"product_cat","embeddable":true,"href":"https:\/\/boreait.com\/hu\/wp-json\/wp\/v2\/product_cat?post=10015"},{"taxonomy":"product_tag","embeddable":true,"href":"https:\/\/boreait.com\/hu\/wp-json\/wp\/v2\/product_tag?post=10015"}],"curies":[{"name":"wp","href":"https:\/\/api.w.org\/{rel}","templated":true}]}}