{"id":10014,"date":"2025-09-17T12:46:14","date_gmt":"2025-09-17T10:46:14","guid":{"rendered":"https:\/\/boreait.com\/hu\/?post_type=product&#038;p=10014"},"modified":"2025-09-17T12:46:20","modified_gmt":"2025-09-17T10:46:20","slug":"dell-0m4tk3-n3kmp-156-huvelykes-wxga-fenyes-led-lcd-kepernyo-tartokkal-uj","status":"publish","type":"product","link":"https:\/\/boreait.com\/hu\/termek\/dell-0m4tk3-n3kmp-156-huvelykes-wxga-fenyes-led-lcd-kepernyo-tartokkal-uj\/","title":{"rendered":"Dell 0M4TK3 N3KMP 15,6 h\u00fcvelykes WXGA f\u00e9nyes LED LCD k\u00e9perny\u0151 tart\u00f3kkal \u00daj"},"content":{"rendered":"<p><strong>T\u00e9nyleges LCD-k\u00e9perny\u0151s modell: AU Optronics B156xw04 v.5 vagy n156bge-l31 rev c.1 \u2013 TELJESEN KOMPATIBILIS A K\u00c9PERNY\u0150VEL A Dell 0M4TK3 N3KMP 0N3KMP laptophoz<\/strong><\/p>\n<p>Fokozza laptopja megjelen\u00edt\u00e9si min\u0151s\u00e9g\u00e9t a Dell 0M4TK3 N3KMP 0N3KMP 15,6 h\u00fcvelykes LCD-k\u00e9perny\u0151vel. Ez a kiv\u00e1l\u00f3 min\u0151s\u00e9g\u0171 k\u00e9perny\u0151 WXGA felbont\u00e1st k\u00edn\u00e1l, tiszta \u00e9s \u00e9les l\u00e1tv\u00e1nyt ny\u00fajtva tartalmainak pomp\u00e1v\u00e1. A f\u00e9nyes fel\u00fclet eleg\u00e1ns megjelen\u00e9st k\u00f6lcs\u00f6n\u00f6z, \u00e9s jav\u00edtja a sz\u00ednek \u00e9l\u00e9nks\u00e9g\u00e9t, \u00edgy ide\u00e1lis m\u00e9diafogyaszt\u00e1shoz \u00e9s \u00e1ltal\u00e1nos haszn\u00e1latra.<\/p>\n<p>A k\u00e9perny\u0151 LED-es h\u00e1tt\u00e9rvil\u00e1g\u00edt\u00e1ssal rendelkezik, amely nemcsak n\u00f6veli a f\u00e9nyer\u0151t, hanem hozz\u00e1j\u00e1rul az energiahat\u00e9konys\u00e1ghoz is, meghosszabb\u00edtva az eszk\u00f6z akkumul\u00e1tor\u00e1nak \u00e9lettartam\u00e1t. A 40 t\u0171s csatlakoz\u00f3val ez a k\u00e9perny\u0151 kompatibilis a k\u00fcl\u00f6nb\u00f6z\u0151 Dell laptopmodellekkel, biztons\u00e1gos \u00e9s stabil kapcsolatot biztos\u00edtva.<\/p>\n<p>Ez a k\u00e9perny\u0151 fels\u0151 \u00e9s als\u00f3 tart\u00f3kkal rendelkezik, amelyek leegyszer\u0171s\u00edtik a telep\u00edt\u00e9si folyamatot, \u00e9s t\u00f6k\u00e9letes illeszked\u00e9st biztos\u00edtanak a laptophoz. Ak\u00e1r egy s\u00e9r\u00fclt k\u00e9perny\u0151t cser\u00e9l, ak\u00e1r friss\u00edti jelenlegi kijelz\u0151j\u00e9t, a Dell 0M4TK3 N3KMP 0N3KMP k\u00e9perny\u0151 megb\u00edzhat\u00f3 \u00e9s nagy teljes\u00edtm\u00e9ny\u0171 v\u00e1laszt\u00e1s.<\/p>\n<p>A k\u00e9perny\u0151 teljesen \u00faj, \u00edgy biztos lehet benne, hogy hib\u00e1tlan term\u00e9ket kap, amely k\u00e9szen \u00e1ll arra, hogy kiv\u00e9teles vizu\u00e1lis \u00e9lm\u00e9nyt ny\u00fajtson.<\/p>\n","protected":false},"excerpt":{"rendered":"<p>Friss\u00edtse laptopj\u00e1t a Dell 0M4TK3 N3KMP 0N3KMP 15,6&#8243;-os LCD-k\u00e9perny\u0151vel. Ez a f\u00e9nyes WXGA kijelz\u0151 LED-es h\u00e1tt\u00e9rvil\u00e1g\u00edt\u00e1ssal \u00e9s 40 t\u0171s csatlakoz\u00f3val rendelkezik. Fels\u0151 \u00e9s als\u00f3 konzolokkal is rendelkezik az egyszer\u0171 telep\u00edt\u00e9s \u00e9rdek\u00e9ben. \u00c1llapot: \u00daj.<\/p>\n","protected":false},"featured_media":10035,"template":"","meta":[],"product_brand":[],"product_cat":[81,71],"product_tag":[],"class_list":{"0":"post-10014","1":"product","2":"type-product","3":"status-publish","4":"has-post-thumbnail","6":"product_cat-15-6-new-laptop-screens-lcd-panels","7":"product_cat-new-laptop-screens-lcd-panels","9":"first","10":"instock","11":"taxable","12":"shipping-taxable","13":"purchasable","14":"product-type-simple"},"_links":{"self":[{"href":"https:\/\/boreait.com\/hu\/wp-json\/wp\/v2\/product\/10014","targetHints":{"allow":["GET"]}}],"collection":[{"href":"https:\/\/boreait.com\/hu\/wp-json\/wp\/v2\/product"}],"about":[{"href":"https:\/\/boreait.com\/hu\/wp-json\/wp\/v2\/types\/product"}],"wp:featuredmedia":[{"embeddable":true,"href":"https:\/\/boreait.com\/hu\/wp-json\/wp\/v2\/media\/10035"}],"wp:attachment":[{"href":"https:\/\/boreait.com\/hu\/wp-json\/wp\/v2\/media?parent=10014"}],"wp:term":[{"taxonomy":"product_brand","embeddable":true,"href":"https:\/\/boreait.com\/hu\/wp-json\/wp\/v2\/product_brand?post=10014"},{"taxonomy":"product_cat","embeddable":true,"href":"https:\/\/boreait.com\/hu\/wp-json\/wp\/v2\/product_cat?post=10014"},{"taxonomy":"product_tag","embeddable":true,"href":"https:\/\/boreait.com\/hu\/wp-json\/wp\/v2\/product_tag?post=10014"}],"curies":[{"name":"wp","href":"https:\/\/api.w.org\/{rel}","templated":true}]}}