{"id":10013,"date":"2025-09-17T12:46:14","date_gmt":"2025-09-17T10:46:14","guid":{"rendered":"https:\/\/boreait.com\/hu\/?post_type=product&#038;p=10013"},"modified":"2025-09-17T12:46:20","modified_gmt":"2025-09-17T10:46:20","slug":"hp-724940-001-lcd-kepernyo-156-wxga-fenyes-led-tartokkal-40-tus-uj","status":"publish","type":"product","link":"https:\/\/boreait.com\/hu\/termek\/hp-724940-001-lcd-kepernyo-156-wxga-fenyes-led-tartokkal-40-tus-uj\/","title":{"rendered":"HP 724940-001 LCD k\u00e9perny\u0151, 15,6&#8243; WXGA f\u00e9nyes LED tart\u00f3kkal, 40 t\u0171s \u00daj"},"content":{"rendered":"<p><strong>T\u00e9nyleges LCD-k\u00e9perny\u0151s modell: AU Optronics B156xw04 v.5 vagy n156bge-l31 rev c.1 \u2013 TELJESEN KOMPATIBILIS A HP 724940-001 LAPTOP K\u00c9PERNY\u0150VEL<\/strong><\/p>\n<p>Fokozza laptopja kijelz\u0151j\u00e9t a HP 724940-001 15,6 h\u00fcvelykes LCD-k\u00e9perny\u0151vel, amelyet a tisztas\u00e1g \u00e9s az \u00e9l\u00e9nk k\u00e9p \u00e9rdek\u00e9ben terveztek. Ez a k\u00e9perny\u0151 WXGA felbont\u00e1st (1366&#215;768) k\u00edn\u00e1l, \u00e9les k\u00e9peket \u00e9s \u00e9l\u00e9nk sz\u00edneket biztos\u00edt, ide\u00e1lis munk\u00e1hoz \u00e9s sz\u00f3rakoz\u00e1shoz egyar\u00e1nt. A f\u00e9nyes fel\u00fclet eleg\u00e1ns megjelen\u00e9st k\u00f6lcs\u00f6n\u00f6z, \u00e9s \u00e9letre keltheti a k\u00e9perny\u0151 sz\u00edneit.<\/p>\n<p>A LED-es h\u00e1tt\u00e9rvil\u00e1g\u00edt\u00e1s energiahat\u00e9konys\u00e1got biztos\u00edt, mik\u00f6zben egyenletes f\u00e9nyer\u0151t biztos\u00edt a k\u00e9perny\u0151n. A 40 t\u0171s csatlakoz\u00f3val ez a k\u00e9perny\u0151 sokf\u00e9le laptopmodellel kompatibilis. A mell\u00e9kelt fels\u0151 \u00e9s als\u00f3 tart\u00f3konzolok egyszer\u0171v\u00e9 teszik a felszerel\u00e9st, biztos\u00edtva a biztons\u00e1gos illeszked\u00e9st.<\/p>\n<p>Ak\u00e1r s\u00e9r\u00fclt k\u00e9perny\u0151t cser\u00e9l, ak\u00e1r jobb k\u00e9pmin\u0151s\u00e9g \u00e9rdek\u00e9ben friss\u00edt, ez a HP LCD-k\u00e9perny\u0151 megb\u00edzhat\u00f3 v\u00e1laszt\u00e1s. Teljesen \u00fajszer\u0171 \u00e1llapotban, garant\u00e1ltan hib\u00e1tlan \u00e9s beszerel\u00e9sre k\u00e9sz term\u00e9ket.<\/p>\n","protected":false},"excerpt":{"rendered":"<p>B\u0151v\u00edtse laptopj\u00e1t a HP 724940-001 15,6 h\u00fcvelykes LCD-k\u00e9perny\u0151vel. WXGA felbont\u00e1s\u00fa, f\u00e9nyes fel\u00fclettel \u00e9s LED-es h\u00e1tt\u00e9rvil\u00e1g\u00edt\u00e1ssal \u00e9l\u00e9nk l\u00e1tv\u00e1nyt biztos\u00edt. Tartalmazza a fels\u0151 \u00e9s als\u00f3 konzolokat, valamint egy 40 t\u0171s csatlakoz\u00f3t az egyszer\u0171 telep\u00edt\u00e9s \u00e9rdek\u00e9ben. \u00c1llapot: \u00daj.<\/p>\n","protected":false},"featured_media":10035,"template":"","meta":[],"product_brand":[],"product_cat":[81,71],"product_tag":[],"class_list":{"0":"post-10013","1":"product","2":"type-product","3":"status-publish","4":"has-post-thumbnail","6":"product_cat-15-6-new-laptop-screens-lcd-panels","7":"product_cat-new-laptop-screens-lcd-panels","9":"first","10":"instock","11":"taxable","12":"shipping-taxable","13":"purchasable","14":"product-type-simple"},"_links":{"self":[{"href":"https:\/\/boreait.com\/hu\/wp-json\/wp\/v2\/product\/10013","targetHints":{"allow":["GET"]}}],"collection":[{"href":"https:\/\/boreait.com\/hu\/wp-json\/wp\/v2\/product"}],"about":[{"href":"https:\/\/boreait.com\/hu\/wp-json\/wp\/v2\/types\/product"}],"wp:featuredmedia":[{"embeddable":true,"href":"https:\/\/boreait.com\/hu\/wp-json\/wp\/v2\/media\/10035"}],"wp:attachment":[{"href":"https:\/\/boreait.com\/hu\/wp-json\/wp\/v2\/media?parent=10013"}],"wp:term":[{"taxonomy":"product_brand","embeddable":true,"href":"https:\/\/boreait.com\/hu\/wp-json\/wp\/v2\/product_brand?post=10013"},{"taxonomy":"product_cat","embeddable":true,"href":"https:\/\/boreait.com\/hu\/wp-json\/wp\/v2\/product_cat?post=10013"},{"taxonomy":"product_tag","embeddable":true,"href":"https:\/\/boreait.com\/hu\/wp-json\/wp\/v2\/product_tag?post=10013"}],"curies":[{"name":"wp","href":"https:\/\/api.w.org\/{rel}","templated":true}]}}