{"id":10012,"date":"2025-09-17T12:46:14","date_gmt":"2025-09-17T10:46:14","guid":{"rendered":"https:\/\/boreait.com\/hu\/?post_type=product&#038;p=10012"},"modified":"2025-09-17T12:46:20","modified_gmt":"2025-09-17T10:46:20","slug":"n156bge-l41-lcd-kepernyo-156-wxga-fenyes-led-40-tus-tartokkal-uj","status":"publish","type":"product","link":"https:\/\/boreait.com\/hu\/termek\/n156bge-l41-lcd-kepernyo-156-wxga-fenyes-led-40-tus-tartokkal-uj\/","title":{"rendered":"N156BGE-L41 LCD k\u00e9perny\u0151 15,6&#8243; WXGA f\u00e9nyes LED 40 t\u0171s tart\u00f3kkal \u00daj"},"content":{"rendered":"<p><strong>T\u00e9nyleges LCD-k\u00e9perny\u0151s modell: AU Optronics B156xw04 v.5 vagy n156bge-l31 rev c.1 \u2013 TELJESEN KOMPATIBILIS AZ N156BGE-L41 LAPTOP K\u00c9PERNY\u0150VEL<\/strong><\/p>\n<p>Fokozza laptopja kijelz\u0151j\u00e9t az N156BGE-L41 15,6 h\u00fcvelykes LCD-k\u00e9perny\u0151vel, amelyet \u00fagy terveztek, hogy WXGA felbont\u00e1s\u00e1val vil\u00e1gos, \u00e9les l\u00e1tv\u00e1nyt ny\u00fajtson. A f\u00e9nyes fel\u00fclet \u00e9l\u00e9nk sz\u00edneket \u00e9s \u00e9les k\u00e9peket biztos\u00edt, \u00e9letre keltve a k\u00e9perny\u0151t. A LED-es h\u00e1tt\u00e9rvil\u00e1g\u00edt\u00e1snak k\u00f6sz\u00f6nhet\u0151en ez a k\u00e9perny\u0151 energiahat\u00e9kony teljes\u00edtm\u00e9nyt biztos\u00edt a f\u00e9nyer\u0151 cs\u00f6kken\u00e9se n\u00e9lk\u00fcl.<\/p>\n<p>A k\u00e9perny\u0151 40 t\u0171s csatlakoz\u00f3val rendelkezik, amely biztons\u00e1gos \u00e9s stabil kapcsolatot biztos\u00edt laptopj\u00e1val. A fels\u0151 \u00e9s als\u00f3 konzolok be\u00e9p\u00edt\u00e9se leegyszer\u0171s\u00edti a telep\u00edt\u00e9si folyamatot, megk\u00f6nny\u00edtve a r\u00e9gi k\u00e9perny\u0151 cser\u00e9j\u00e9t ezzel a kiv\u00e1l\u00f3 min\u0151s\u00e9g\u0171 cser\u00e9vel.<\/p>\n<p>Ak\u00e1r laptopja kijelz\u0151j\u00e9t friss\u00edti, ak\u00e1r s\u00e9r\u00fclt k\u00e9perny\u0151t cser\u00e9l, az N156BGE-L41 megb\u00edzhat\u00f3 megold\u00e1st k\u00edn\u00e1l, amely a legjobbat hozza ki laptopj\u00e1b\u00f3l. A k\u00e9perny\u0151 teljesen \u00faj, ami biztos\u00edtja, hogy hib\u00e1tlan \u00e9s beszerel\u00e9sre k\u00e9sz term\u00e9ket kapjon.<\/p>\n","protected":false},"excerpt":{"rendered":"<p>B\u0151v\u00edtse laptopj\u00e1t az N156BGE-L41 15,6&#8243;-es LCD-k\u00e9perny\u0151vel. Ez a WXGA f\u00e9nyes kijelz\u0151 LED-es h\u00e1tt\u00e9rvil\u00e1g\u00edt\u00e1ssal \u00e9s 40 t\u0171s csatlakoz\u00f3val vil\u00e1gos \u00e9s tiszta k\u00e9pet biztos\u00edt. Fels\u0151 \u00e9s als\u00f3 konzolokkal az egyszer\u0171 telep\u00edt\u00e9s \u00e9rdek\u00e9ben. \u00c1llapot: \u00daj.<\/p>\n","protected":false},"featured_media":10035,"template":"","meta":[],"product_brand":[],"product_cat":[81,71],"product_tag":[],"class_list":{"0":"post-10012","1":"product","2":"type-product","3":"status-publish","4":"has-post-thumbnail","6":"product_cat-15-6-new-laptop-screens-lcd-panels","7":"product_cat-new-laptop-screens-lcd-panels","9":"first","10":"instock","11":"taxable","12":"shipping-taxable","13":"purchasable","14":"product-type-simple"},"_links":{"self":[{"href":"https:\/\/boreait.com\/hu\/wp-json\/wp\/v2\/product\/10012","targetHints":{"allow":["GET"]}}],"collection":[{"href":"https:\/\/boreait.com\/hu\/wp-json\/wp\/v2\/product"}],"about":[{"href":"https:\/\/boreait.com\/hu\/wp-json\/wp\/v2\/types\/product"}],"wp:featuredmedia":[{"embeddable":true,"href":"https:\/\/boreait.com\/hu\/wp-json\/wp\/v2\/media\/10035"}],"wp:attachment":[{"href":"https:\/\/boreait.com\/hu\/wp-json\/wp\/v2\/media?parent=10012"}],"wp:term":[{"taxonomy":"product_brand","embeddable":true,"href":"https:\/\/boreait.com\/hu\/wp-json\/wp\/v2\/product_brand?post=10012"},{"taxonomy":"product_cat","embeddable":true,"href":"https:\/\/boreait.com\/hu\/wp-json\/wp\/v2\/product_cat?post=10012"},{"taxonomy":"product_tag","embeddable":true,"href":"https:\/\/boreait.com\/hu\/wp-json\/wp\/v2\/product_tag?post=10012"}],"curies":[{"name":"wp","href":"https:\/\/api.w.org\/{rel}","templated":true}]}}