{"id":10011,"date":"2025-09-17T12:46:14","date_gmt":"2025-09-17T10:46:14","guid":{"rendered":"https:\/\/boreait.com\/hu\/?post_type=product&#038;p=10011"},"modified":"2025-09-17T12:46:19","modified_gmt":"2025-09-17T10:46:19","slug":"b156xw03-v-1-156-lcd-wxga-fenyes-led-tartokkal-40-tus-uj","status":"publish","type":"product","link":"https:\/\/boreait.com\/hu\/termek\/b156xw03-v-1-156-lcd-wxga-fenyes-led-tartokkal-40-tus-uj\/","title":{"rendered":"B156XW03 V.1 15,6&#8243; LCD WXGA F\u00e9nyes LED tart\u00f3kkal 40 t\u0171s \u00daj"},"content":{"rendered":"<p><strong>T\u00e9nyleges LCD-k\u00e9perny\u0151s modell: AU Optronics B156xw04 v.5 vagy n156bge-l31 rev c.1 \u2013 TELJESEN KOMPATIBILIS A B156XW03 V.1 LAPTOP K\u00c9PERNY\u0150VEL<\/strong><\/p>\n<p>Fokozza laptopja kijelz\u0151j\u00e9t a B156XW03 V.1 15,6 h\u00fcvelykes LCD-k\u00e9perny\u0151vel. Ez a WXGA-felbont\u00e1s\u00fa k\u00e9perny\u0151 \u00e9les \u00e9s tiszta k\u00e9pet biztos\u00edt munk\u00e1hoz \u00e9s sz\u00f3rakoz\u00e1shoz egyar\u00e1nt. A f\u00e9nyes fel\u00fclet fokozza a sz\u00ednek \u00e9l\u00e9nks\u00e9g\u00e9t \u00e9s kontrasztj\u00e1t, \u00edgy a k\u00e9pek \u00e9s a vide\u00f3k \u00e9leth\u0171 r\u00e9szletekkel gazdagodnak.<\/p>\n<p>A LED-es h\u00e1tt\u00e9rvil\u00e1g\u00edt\u00e1ssal ell\u00e1tott k\u00e9perny\u0151 kiv\u00e1l\u00f3 f\u00e9nyer\u0151t \u00e9s energiahat\u00e9konys\u00e1got biztos\u00edt, \u00edgy a laptop akkumul\u00e1tora tov\u00e1bb b\u00edrja. A 40 t\u0171s csatlakoz\u00f3 megb\u00edzhat\u00f3 \u00e9s stabil csatlakoz\u00e1st biztos\u00edt a k\u00e9sz\u00fcl\u00e9khez, m\u00edg a mell\u00e9kelt fels\u0151 \u00e9s als\u00f3 tart\u00f3konzolok egyszer\u0171v\u00e9 \u00e9s biztons\u00e1goss\u00e1 teszik a telep\u00edt\u00e9st.<\/p>\n<p>Ez az LCD-k\u00e9perny\u0151 vadonat\u00faj, garant\u00e1lja, hogy kiv\u00e1l\u00f3 min\u0151s\u00e9g\u0171, hibamentes term\u00e9ket kap. Ide\u00e1lis v\u00e1laszt\u00e1s, ak\u00e1r egy s\u00e9r\u00fclt k\u00e9perny\u0151t cser\u00e9l, ak\u00e1r egyszer\u0171en friss\u00edt a jobb l\u00e1tv\u00e1ny \u00e9rdek\u00e9ben.<\/p>\n","protected":false},"excerpt":{"rendered":"<p>B\u0151v\u00edtse laptopj\u00e1t a B156XW03 V.1 15,6&#8243;-os LCD-k\u00e9perny\u0151vel. F\u00e9nyes WXGA kijelz\u0151vel, LED-es h\u00e1tt\u00e9rvil\u00e1g\u00edt\u00e1ssal \u00e9s 40 t\u0171s csatlakoz\u00f3val rendelkezik, amely vil\u00e1gos \u00e9s tiszta k\u00e9pet biztos\u00edt. Fels\u0151 \u00e9s als\u00f3 konzolokkal a k\u00f6nny\u0171 telep\u00edt\u00e9s \u00e9rdek\u00e9ben. \u00c1llapot: \u00daj.<\/p>\n","protected":false},"featured_media":10035,"template":"","meta":[],"product_brand":[],"product_cat":[81,71],"product_tag":[],"class_list":{"0":"post-10011","1":"product","2":"type-product","3":"status-publish","4":"has-post-thumbnail","6":"product_cat-15-6-new-laptop-screens-lcd-panels","7":"product_cat-new-laptop-screens-lcd-panels","9":"first","10":"instock","11":"taxable","12":"shipping-taxable","13":"purchasable","14":"product-type-simple"},"_links":{"self":[{"href":"https:\/\/boreait.com\/hu\/wp-json\/wp\/v2\/product\/10011","targetHints":{"allow":["GET"]}}],"collection":[{"href":"https:\/\/boreait.com\/hu\/wp-json\/wp\/v2\/product"}],"about":[{"href":"https:\/\/boreait.com\/hu\/wp-json\/wp\/v2\/types\/product"}],"wp:featuredmedia":[{"embeddable":true,"href":"https:\/\/boreait.com\/hu\/wp-json\/wp\/v2\/media\/10035"}],"wp:attachment":[{"href":"https:\/\/boreait.com\/hu\/wp-json\/wp\/v2\/media?parent=10011"}],"wp:term":[{"taxonomy":"product_brand","embeddable":true,"href":"https:\/\/boreait.com\/hu\/wp-json\/wp\/v2\/product_brand?post=10011"},{"taxonomy":"product_cat","embeddable":true,"href":"https:\/\/boreait.com\/hu\/wp-json\/wp\/v2\/product_cat?post=10011"},{"taxonomy":"product_tag","embeddable":true,"href":"https:\/\/boreait.com\/hu\/wp-json\/wp\/v2\/product_tag?post=10011"}],"curies":[{"name":"wp","href":"https:\/\/api.w.org\/{rel}","templated":true}]}}